{"id":452,"date":"2024-01-15T11:44:33","date_gmt":"2024-01-15T10:44:33","guid":{"rendered":"http:\/\/visimind.store\/?post_type=product&#038;p=452"},"modified":"2024-06-28T14:45:18","modified_gmt":"2024-06-28T12:45:18","slug":"dji-rc-pro-controller","status":"publish","type":"product","link":"https:\/\/visimind.store\/en\/produkt\/dji-rc-pro-controller\/","title":{"rendered":"DJI RC Pro Controller"},"content":{"rendered":"<section class=\"l-section wpb_row height_medium\"><div class=\"l-section-h i-cf\"><div class=\"g-cols vc_row via_flex valign_top type_default stacking_default\"><div class=\"vc_col-sm-12 wpb_column vc_column_container\"><div class=\"vc_column-inner\"><div class=\"wpb_wrapper\"><div class=\"w-tabs layout_hor style_default switch_click has_scrolling\" style=\"--sections-title-size:1em\"><div class=\"w-tabs-list items_3 align_none\"><div class=\"w-tabs-list-h\"><button class=\"w-tabs-item active with_icon\" aria-controls=\"content-vc1a\" aria-expanded=\"false\"><i class=\"fal fa-file-alt\"><\/i><span class=\"w-tabs-item-title\">Description<\/span><\/button><button class=\"w-tabs-item with_icon\" aria-controls=\"content-sfb4\" aria-expanded=\"false\"><i class=\"fal fa-wrench\"><\/i><span class=\"w-tabs-item-title\">Technical specifications<\/span><\/button><button class=\"w-tabs-item with_icon\" aria-controls=\"content-bf20\" aria-expanded=\"false\"><i class=\"fal fa-cogs\"><\/i><span class=\"w-tabs-item-title\">Accessories<\/span><\/button><\/div><\/div><div class=\"w-tabs-sections titles-align_none icon_chevron cpos_right\"><div class=\"w-tabs-section active\" id=\"vc1a\"><button class=\"w-tabs-section-header active with_icon\" aria-controls=\"content-vc1a\" aria-expanded=\"true\"><i class=\"fal fa-file-alt\"><\/i><div class=\"w-tabs-section-title\">Description<\/div><div class=\"w-tabs-section-control\"><\/div><\/button><div  class=\"w-tabs-section-content\" id=\"content-vc1a\"><div class=\"w-tabs-section-content-h i-cf\"><div class=\"wpb_text_column\"><div class=\"wpb_wrapper\"><p><strong>DJI RC Pro Controller<\/strong><br \/>\nTake your flight experience to the next level. The DJI RC Pro control equipment ensures fast and stable transmission thanks to O3+ technology and is equipped with a bright 5.5&#8243; screen that guarantees a clear view in almost all lighting conditions. The latest generation processor, expanded memory and improved sticks enabling precise control of the drone &#8211; all this makes DJI RC Pro meet the expectations of even the most demanding users.<\/p>\n<p><strong>Discover even more<\/strong><br \/>\nFly further than ever before and discover tons of interesting places. DJI RC Pro supports the O3+ image transmission system, which allows you to transmit 1080p\/60FPS video from a distance of up to 15 km. It also provides ultra-low latency of approximately 120 ms. Advanced 2T4R antennas are responsible for greater signal range and unrivaled connection stability.<\/p>\n<p><strong>High brightness screen<\/strong><br \/>\nDJI RC Pro has a built-in 1080p 5.5-inch screen. Its average brightness reaches 1000 nits. It also offers a special Outdoor mode that automatically corrects shadows, allowing you to see every object without any problems &#8211; even if you&#8217;re flying on an extremely sunny day.<\/p>\n<p><strong>Impressively efficient<\/strong><br \/>\nThe device is equipped with the latest generation processor, which ensures more reliable operation and reduces energy consumption by approximately 20% compared to the previous model. As a result, you can enjoy up to 7x better GPU performance and 4x better CPU performance.<\/p>\n<p><strong>QuickTransfer<\/strong><br \/>\nDownload photos and videos from the drone at speeds of up to 80 MB\/s. This is made possible by the Wi-Fi 6 protocol supported by RC Pro.<\/p>\n<p><strong>Unmatched performance<\/strong><br \/>\nEnjoy even higher performance with the updated DJI RC Pro processor.<\/p>\n<p><strong>Get the precision you want<\/strong><br \/>\nCreate even more interesting, more refined shots. DJI RC Pro sticks have the same construction as DJI FPV controller sticks, which ensures incredible precision when controlling the drone.<\/p>\n<p><strong>Immediately ready for action<\/strong><br \/>\nYou&#8217;ll never miss an opportunity to take a spectacular shot again. When you turn on the power, DJI RC Pro will immediately connect to the drone, so you can take off in the blink of an eye!<\/p>\n<p><strong>Fantastic image and sound quality<\/strong><br \/>\nThe device supports 4K\/120FPS videos. It also supports H.264 and H.265 codecs. It is also equipped with a USB-C port, mini-HDMI and a microSD card slot.<\/p>\n<p><strong>Even more possibilities<\/strong><br \/>\nDJI RC Pro supports external applications, enables live broadcasts and has a long operating time.<\/p>\n<p><strong>Live broadcast function<\/strong><br \/>\nGo livestream or share your short video instantly on social media. DJI RC Pro allows third-party applications to gain access to the live view from the drone&#8217;s camera, so you can conveniently broadcast selected events and show them from a bird&#8217;s eye view.<\/p>\n<p><strong>External application support<\/strong><br \/>\nGet more ways to edit and share your content. The DJI RC Pro system supports third-party applications such as Facebook and Instagram.<\/p>\n<p><strong>Charge faster, fly longer<\/strong><br \/>\nFly as long as you want. The working time of DJI RC Pro is up to 3 hours. To fully charge the device, it takes about 1.5 hours.<\/p>\n<\/div><\/div><\/div><\/div><\/div><div class=\"w-tabs-section\" id=\"sfb4\"><button class=\"w-tabs-section-header with_icon\" aria-controls=\"content-sfb4\" aria-expanded=\"false\"><i class=\"fal fa-wrench\"><\/i><div class=\"w-tabs-section-title\">Technical specifications<\/div><div class=\"w-tabs-section-control\"><\/div><\/button><div  class=\"w-tabs-section-content\" id=\"content-sfb4\"><div class=\"w-tabs-section-content-h i-cf\"><div class=\"wpb_text_column\"><div class=\"wpb_wrapper\"><table>\n<tbody>\n<tr>\n<td>Producer<\/td>\n<td>DJI<\/td>\n<\/tr>\n<tr>\n<td>Name<\/td>\n<td>DJI RC PRO<\/td>\n<\/tr>\n<tr>\n<td>Video Transmission System<\/td>\n<td>O3+<\/td>\n<\/tr>\n<tr>\n<td>Maximum Transmission Distance<\/td>\n<td>8 km (CE\/SRRC\/MIC);<\/p>\n<p>15 km (FCC);<\/td>\n<\/tr>\n<tr>\n<td>Operating Frequency<\/td>\n<td>2.400-2.4835 GHz;<\/p>\n<p>5.725-5.850 GHz;<\/td>\n<\/tr>\n<tr>\n<td>Antennas<\/td>\n<td>4 Antennas, 2T4R<\/td>\n<\/tr>\n<tr>\n<td>Transmitter Power (EIRP)<\/td>\n<td>2.4 GHz: \u226433 dBm (FCC); \u226420 dBm (CE\/SRRC\/MIC);<\/p>\n<p>5.8 GHz: \u226433 dBm (FCC); \u226414 dBm (CE); \u226423 dBm (SRRC);<\/td>\n<\/tr>\n<tr>\n<td>Wi-Fi Protocol<\/td>\n<td>802.11a\/g\/n\/ac\/ax Support 2\u00d72 MIMO Wi-Fi<\/td>\n<\/tr>\n<tr>\n<td>Wi-Fi Operating Frequency<\/td>\n<td>2.400GHz-2.4835GHz; 5.725-5.850 GHz<\/td>\n<\/tr>\n<tr>\n<td>Wi-Fi Transmitter Power (EIRP)<\/td>\n<td>2.4 GHz: \u226426 dBm (FCC); \u226420 dBm (CE\/SRRC\/MIC);<\/p>\n<p>5.8 GHz: \u226426 dBm (FCC\/SRRC); \u226414 dBm (CE);<\/td>\n<\/tr>\n<tr>\n<td>Bluetooth Protocol<\/td>\n<td>Bluetooth 5.1<\/td>\n<\/tr>\n<tr>\n<td>Bluetooth Operating Frequency<\/td>\n<td>2.400-2.4835 GHz<\/td>\n<\/tr>\n<tr>\n<td>Bluetooth Transmitter Power (EIRP)<\/td>\n<td>\u22648 dBm<\/td>\n<\/tr>\n<tr>\n<td>Resolution<\/td>\n<td>1920\u00d71080<\/td>\n<\/tr>\n<tr>\n<td>Dimensions<\/td>\n<td>5.5&#8243;<\/td>\n<\/tr>\n<tr>\n<td>Frame Rate<\/td>\n<td>60 fps<\/td>\n<\/tr>\n<tr>\n<td>Touch Support<\/td>\n<td>10-point multi-touch<\/td>\n<\/tr>\n<tr>\n<td>Battery<\/td>\n<td>Li-ion (5000 mAh @ 7.2 V)<\/td>\n<\/tr>\n<tr>\n<td>Loader Type<\/td>\n<td>Recommended charging with a 12V or 15V USB charger.<\/td>\n<\/tr>\n<tr>\n<td>Memory Capacity<\/td>\n<td>32GB of internal memory + expandable via microSD card<\/td>\n<\/tr>\n<tr>\n<td>Rated Power<\/td>\n<td>12 W<\/td>\n<\/tr>\n<tr>\n<td>Loading Time<\/td>\n<td>Okay. 2 hours (with USB charger at 12V);<\/p>\n<p>Approx. 1.5 hours (with 15V USB charger);<\/td>\n<\/tr>\n<tr>\n<td>Operating Time<\/td>\n<td>Up to 3 hours<\/td>\n<\/tr>\n<tr>\n<td>Video Output Port<\/td>\n<td>Mini-HDMI port<\/td>\n<\/tr>\n<tr>\n<td>Operating Temperature<\/td>\n<td>-10\u00b0 to 40\u00b0C (14\u00b0 to 104\u00b0 F)<\/td>\n<\/tr>\n<tr>\n<td>Storage Temperature Range<\/td>\n<td>Less than one month: -30\u00b0 to 60\u00b0 C (-22\u00b0 to 140\u00b0 F);<\/p>\n<p>One to three months: -30\u00b0 to 45\u00b0 C (-22\u00b0 to 113\u00b0 F);<\/p>\n<p>Three to six months: -30\u00b0 to 35\u00b0 C (-22\u00b0 to 95\u00b0 F);<\/p>\n<p>More than six months: -30\u00b0 to 25\u00b0 C (-22\u00b0 to 77\u00b0 F);<\/td>\n<\/tr>\n<tr>\n<td>Charging Temperature<\/td>\n<td>5\u00b0 to 40\u00b0C (41\u00b0 to 104\u00b0F)<\/td>\n<\/tr>\n<tr>\n<td>Supported Drone Models<\/td>\n<td>DJI Mavic 3<\/td>\n<\/tr>\n<tr>\n<td>GNSS<\/td>\n<td>GPS + Galileo + GLONASS<\/td>\n<\/tr>\n<tr>\n<td>Dimensions<\/td>\n<td>183.27\u00d7137.41\u00d747.6 mm (antennas assembled, controllers not mounted);<br \/>\n183.27\u00d7203.35\u00d759.84 mm (antennas unfolded, controllers mounted);<\/td>\n<\/tr>\n<tr>\n<td>Weight<\/td>\n<td>Approx. 680 g<\/td>\n<\/tr>\n<tr>\n<td>Model<\/td>\n<td>RM510<\/td>\n<\/tr>\n<tr>\n<td>Supported SD Cards<\/td>\n<td>SanDisk Extreme PRO 64GB V30 A2 microSDXC SanDisk High Endurance 64GB V30 microSDXC SanDisk Extreme 128GB V30 A2 microSDXC SanDisk Extreme 256GB V30 A2 microSDXC SanDisk Extreme 512GB V30 A2 microSDXC Lexar 667x 64GB V30 A2 microSDXC Lexar High-Endurance 64GB V30 microSDXC Lexar High- Endurance 128GB V30 microSDXC Lexar 667x 256GB V30 A2 microSDXC Lexar 512GB V30 A2 microSDXC Samsung EVO 64GB V30 microSDXC Samsung EVO Plus 128GB V30 microSDXC Samsung EVO Plus 256GB V30 microSDXC Samsung EVO Plus 512GB V30 microSDXC Kingston 128GB V30 microSDXC<\/td>\n<\/tr>\n<\/tbody>\n<\/table>\n<\/div><\/div><\/div><\/div><\/div><div class=\"w-tabs-section\" id=\"bf20\"><button class=\"w-tabs-section-header with_icon\" aria-controls=\"content-bf20\" aria-expanded=\"false\"><i class=\"fal fa-cogs\"><\/i><div class=\"w-tabs-section-title\">Accessories<\/div><div class=\"w-tabs-section-control\"><\/div><\/button><div  class=\"w-tabs-section-content\" id=\"content-bf20\"><div class=\"w-tabs-section-content-h i-cf\"><div class=\"w-grid us_custom_88717ab1 type_grid layout_461 hidden cols_3\" id=\"us_grid_1\" style=\"--gap:1.5rem;\" data-filterable=\"true\"><style>@media (max-width:1024px){#us_grid_1 .w-grid-item{width:50%}}@media (max-width:600px){#us_grid_1 .w-grid-list{margin:0}#us_grid_1 .w-grid-item{width:100%;padding:0;margin-bottom:var(--gap,0px)}}.layout_461 .w-grid-item-h{background:var(--color-content-bg);color:var(--color-content-text);border-radius:0.3rem}.layout_461 .usg_post_image_1{transition-duration:0.3s;transform-origin:50% 50%;transform:scale(1) translate(0%,0%)}.layout_461 .w-grid-item-h:hover .usg_post_image_1{transform:scale(1.05) translate(0%,0%);opacity:1}.layout_461 .usg_vwrapper_1{padding-right:10px!important;padding-top:10px!important;padding-left:10px!important}.layout_461 .usg_product_field_1{font-size:12px!important;font-weight:500!important;text-transform:uppercase!important;padding-left:0.8rem!important;padding-right:0.8rem!important;border-radius:0.3em!important;position:absolute!important;left:10px!important;top:10px!important;background:#e8e8e8!important}.layout_461 .usg_post_title_1{color:inherit!important;font-size:1.4rem!important;height:80px!important;margin-bottom:0.4rem!important}.layout_461 .usg_product_field_2{margin-bottom:0.2rem!important}.layout_461 .usg_vwrapper_2{border-top-width:1px!important;border-color:#f5f5f5!important;border-top-style:solid!important;padding:15px!important}.layout_461 .usg_hwrapper_1{margin-top:15px!important;padding-top:15px!important;border-top-width:1px!important;border-color:#f5f5f5!important;border-top-style:solid!important}.layout_461 .usg_text_1{font-size:12px!important}@media (min-width:1025px) and (max-width:1850px){.layout_461 .usg_post_title_1{height:80px!important}.layout_461 .usg_vwrapper_2{padding:15px!important}}@media (min-width:601px) and (max-width:1024px){.layout_461 .usg_post_title_1{height:80px!important}.layout_461 .usg_vwrapper_2{padding:15px!important}}@media (max-width:600px){.layout_461 .usg_post_title_1{height:40px!important}.layout_461 .usg_vwrapper_2{padding:15px 5px 15px 5px!important}}<\/style><div class=\"w-grid-list\"><\/div><div class=\"w-grid-preloader\"><div class=\"g-preloader type_1\">\r\n\t<div><\/div>\r\n<\/div>\r\n<\/div>\t<div class=\"w-grid-json hidden\" onclick='return {&quot;action&quot;:&quot;us_ajax_grid&quot;,&quot;ajax_url&quot;:&quot;https:\\\/\\\/visimind.store\\\/wp-admin\\\/admin-ajax.php&quot;,&quot;infinite_scroll&quot;:0,&quot;max_num_pages&quot;:0,&quot;pagination&quot;:&quot;none&quot;,&quot;permalink_url&quot;:&quot;https:\\\/\\\/visimind.store\\\/en\\\/wp-json\\\/wp\\\/v2\\\/product\\\/452\\\/&quot;,&quot;template_vars&quot;:{&quot;columns&quot;:&quot;3&quot;,&quot;exclude_items&quot;:&quot;none&quot;,&quot;img_size&quot;:&quot;woocommerce_thumbnail&quot;,&quot;ignore_items_size&quot;:0,&quot;items_layout&quot;:&quot;461&quot;,&quot;items_offset&quot;:&quot;1&quot;,&quot;load_animation&quot;:&quot;none&quot;,&quot;overriding_link&quot;:&quot;%7B%22url%22%3A%22%22%7D&quot;,&quot;post_id&quot;:0,&quot;query_args&quot;:{&quot;post_type&quot;:[&quot;product&quot;],&quot;tax_query&quot;:[{&quot;taxonomy&quot;:&quot;product_cat&quot;,&quot;field&quot;:&quot;slug&quot;,&quot;terms&quot;:[&quot;drones-en&quot;]},{&quot;taxonomy&quot;:&quot;product_visibility&quot;,&quot;field&quot;:&quot;slug&quot;,&quot;terms&quot;:[&quot;exclude-from-catalog&quot;],&quot;operator&quot;:&quot;NOT IN&quot;}],&quot;post_status&quot;:[&quot;publish&quot;],&quot;meta_query&quot;:[],&quot;posts_per_page&quot;:&quot;3&quot;},&quot;orderby_query_args&quot;:{&quot;orderby&quot;:&quot;RAND(1396517385)&quot;},&quot;type&quot;:&quot;grid&quot;,&quot;us_grid_ajax_index&quot;:1,&quot;us_grid_filter_params&quot;:null,&quot;us_grid_index&quot;:1,&quot;_us_grid_post_type&quot;:&quot;product&quot;,&quot;page_args&quot;:[],&quot;lang&quot;:&quot;en&quot;}}'><\/div>\r\n\t<\/div><div class=\"w-grid-none type_message\">No results found.<\/div><\/div><\/div><\/div><\/div><\/div><\/div><\/div><\/div><\/div><\/div><\/section>\n","protected":false},"excerpt":{"rendered":"<p>Take your flight experience to the next level. The DJI RC Pro control equipment ensures fast and stable transmission thanks to O3+ technology and is equipped with a bright 5.5&#8243; screen that guarantees a clear view in almost all lighting conditions.<\/p>\n<p><strong>Set contents:<\/strong><\/p>\n<p>1x DJI RC Pro Controller<\/p>\n","protected":false},"featured_media":367,"comment_status":"open","ping_status":"closed","template":"","meta":[],"product_cat":[251],"product_tag":[],"yoast_head":"<!-- This site is optimized with the Yoast SEO Premium plugin v22.9 (Yoast SEO v22.9) - https:\/\/yoast.com\/wordpress\/plugins\/seo\/ -->\n<title>DJI RC Pro Controller &#8211; Visimind<\/title>\n<meta name=\"robots\" content=\"index, follow, max-snippet:-1, max-image-preview:large, max-video-preview:-1\" \/>\n<link rel=\"canonical\" href=\"https:\/\/visimind.store\/en\/produkt\/dji-rc-pro-controller\/\" \/>\n<meta property=\"og:locale\" content=\"en_US\" \/>\n<meta property=\"og:type\" content=\"article\" \/>\n<meta property=\"og:title\" content=\"DJI RC Pro Controller\" \/>\n<meta property=\"og:description\" content=\"Take your flight experience to the next level. The DJI RC Pro control equipment ensures fast and stable transmission thanks to O3+ technology and is equipped with a bright 5.5&quot; screen that guarantees a clear view in almost all lighting conditions.  Set contents:  1x DJI RC Pro Controller\" \/>\n<meta property=\"og:url\" content=\"https:\/\/visimind.store\/en\/produkt\/dji-rc-pro-controller\/\" \/>\n<meta property=\"og:site_name\" content=\"Visimind\" \/>\n<meta property=\"article:publisher\" content=\"https:\/\/www.facebook.com\/visimind\/?locale=pl_PL\" \/>\n<meta property=\"article:modified_time\" content=\"2024-06-28T12:45:18+00:00\" \/>\n<meta property=\"og:image\" content=\"https:\/\/visimind.store\/wp-content\/uploads\/2023\/12\/Kontroler-DJI-RC-Pro-3.jpg\" \/>\n\t<meta property=\"og:image:width\" content=\"600\" \/>\n\t<meta property=\"og:image:height\" content=\"600\" \/>\n\t<meta property=\"og:image:type\" content=\"image\/jpeg\" \/>\n<script type=\"application\/ld+json\" class=\"yoast-schema-graph\">{\"@context\":\"https:\/\/schema.org\",\"@graph\":[{\"@type\":\"WebPage\",\"@id\":\"https:\/\/visimind.store\/en\/produkt\/dji-rc-pro-controller\/\",\"url\":\"https:\/\/visimind.store\/en\/produkt\/dji-rc-pro-controller\/\",\"name\":\"DJI RC Pro Controller &#8211; Visimind\",\"isPartOf\":{\"@id\":\"https:\/\/visimind.store\/en\/#website\"},\"primaryImageOfPage\":{\"@id\":\"https:\/\/visimind.store\/en\/produkt\/dji-rc-pro-controller\/#primaryimage\"},\"image\":{\"@id\":\"https:\/\/visimind.store\/en\/produkt\/dji-rc-pro-controller\/#primaryimage\"},\"thumbnailUrl\":\"https:\/\/visimind.store\/wp-content\/uploads\/2023\/12\/Kontroler-DJI-RC-Pro-3.jpg\",\"datePublished\":\"2024-01-15T10:44:33+00:00\",\"dateModified\":\"2024-06-28T12:45:18+00:00\",\"breadcrumb\":{\"@id\":\"https:\/\/visimind.store\/en\/produkt\/dji-rc-pro-controller\/#breadcrumb\"},\"inLanguage\":\"en-US\",\"potentialAction\":[{\"@type\":\"ReadAction\",\"target\":[\"https:\/\/visimind.store\/en\/produkt\/dji-rc-pro-controller\/\"]}]},{\"@type\":\"ImageObject\",\"inLanguage\":\"en-US\",\"@id\":\"https:\/\/visimind.store\/en\/produkt\/dji-rc-pro-controller\/#primaryimage\",\"url\":\"https:\/\/visimind.store\/wp-content\/uploads\/2023\/12\/Kontroler-DJI-RC-Pro-3.jpg\",\"contentUrl\":\"https:\/\/visimind.store\/wp-content\/uploads\/2023\/12\/Kontroler-DJI-RC-Pro-3.jpg\",\"width\":600,\"height\":600},{\"@type\":\"BreadcrumbList\",\"@id\":\"https:\/\/visimind.store\/en\/produkt\/dji-rc-pro-controller\/#breadcrumb\",\"itemListElement\":[{\"@type\":\"ListItem\",\"position\":1,\"name\":\"Home\",\"item\":\"https:\/\/visimind.store\/en\/\"},{\"@type\":\"ListItem\",\"position\":2,\"name\":\"Products\",\"item\":\"https:\/\/visimind.store\/en\/shop\/\"},{\"@type\":\"ListItem\",\"position\":3,\"name\":\"DJI RC Pro Controller\"}]},{\"@type\":\"WebSite\",\"@id\":\"https:\/\/visimind.store\/en\/#website\",\"url\":\"https:\/\/visimind.store\/en\/\",\"name\":\"Visimind\",\"description\":\"GET THE PICTURE\",\"publisher\":{\"@id\":\"https:\/\/visimind.store\/en\/#organization\"},\"alternateName\":\"vm\",\"potentialAction\":[{\"@type\":\"SearchAction\",\"target\":{\"@type\":\"EntryPoint\",\"urlTemplate\":\"https:\/\/visimind.store\/en\/?s={search_term_string}\"},\"query-input\":\"required name=search_term_string\"}],\"inLanguage\":\"en-US\"},{\"@type\":\"Organization\",\"@id\":\"https:\/\/visimind.store\/en\/#organization\",\"name\":\"Visimind Ltd Sp. z o.o.\",\"alternateName\":\"vm\",\"url\":\"https:\/\/visimind.store\/en\/\",\"logo\":{\"@type\":\"ImageObject\",\"inLanguage\":\"en-US\",\"@id\":\"https:\/\/visimind.store\/en\/#\/schema\/logo\/image\/\",\"url\":\"https:\/\/visimind.store\/wp-content\/uploads\/2024\/06\/VISIMIND-LOGO.png\",\"contentUrl\":\"https:\/\/visimind.store\/wp-content\/uploads\/2024\/06\/VISIMIND-LOGO.png\",\"width\":707,\"height\":214,\"caption\":\"Visimind Ltd Sp. z o.o.\"},\"image\":{\"@id\":\"https:\/\/visimind.store\/en\/#\/schema\/logo\/image\/\"},\"sameAs\":[\"https:\/\/www.facebook.com\/visimind\/?locale=pl_PL\",\"https:\/\/www.linkedin.com\/company\/visimind-ab\"],\"description\":\"Visimind to mi\u0119dzynarodowa firma specjalizuj\u0105ca si\u0119 w zaawansowanych technologiach geoinformatycznych, fotogrametrii i zdalnego pozyskiwania danych. Organizacja dostarcza kompleksowe rozwi\u0105zania oparte na skaningu laserowym, zdj\u0119ciach lotniczych i mobilnych, danych LiDAR oraz analizach przestrzennych. Dzi\u0119ki wykorzystaniu nowoczesnych platform pomiarowych \u2013 w tym samolot\u00f3w, helikopter\u00f3w, pojazd\u00f3w mobilnych oraz system\u00f3w bezza\u0142ogowych \u2013 Visimind wspiera klient\u00f3w w precyzyjnym mapowaniu infrastruktury, monitoringu sieci i analizach technicznych. Firma dzia\u0142a w wielu krajach Europy, wsp\u00f3\u0142pracuj\u0105c z bran\u017cami energetyczn\u0105, gazownicz\u0105, kolejow\u0105, drogow\u0105, komunaln\u0105 oraz administracj\u0105 publiczn\u0105. Jej us\u0142ugi skupiaj\u0105 si\u0119 na dostarczaniu wysokiej jako\u015bci danych przestrzennych, tworzeniu cyfrowych modeli terenu oraz wdra\u017caniu system\u00f3w wspieraj\u0105cych zarz\u0105dzanie infrastruktur\u0105. Visimind \u0142\u0105czy wieloletnie do\u015bwiadczenie z innowacyjnymi technologiami, zapewniaj\u0105c klientom precyzyjne, rzetelne i skalowalne rozwi\u0105zania geoinformatyczne.\",\"email\":\"sklep@visimind.pl\",\"telephone\":\"89 541 04 52\",\"legalName\":\"VISIMIND LTD SP\u00d3\u0141KA Z OGRANICZON\u0104 ODPOWIEDZIALNO\u015aCI\u0104\",\"foundingDate\":\"2002-12-24\",\"numberOfEmployees\":{\"@type\":\"QuantitativeValue\",\"minValue\":\"51\",\"maxValue\":\"200\"},\"publishingPrinciples\":\"https:\/\/visimind.store\/visimind\/sklep\/\"}]}<\/script>\n<!-- \/ Yoast SEO Premium plugin. -->","yoast_head_json":{"title":"DJI RC Pro Controller &#8211; Visimind","robots":{"index":"index","follow":"follow","max-snippet":"max-snippet:-1","max-image-preview":"max-image-preview:large","max-video-preview":"max-video-preview:-1"},"canonical":"https:\/\/visimind.store\/en\/produkt\/dji-rc-pro-controller\/","og_locale":"en_US","og_type":"article","og_title":"DJI RC Pro Controller","og_description":"Take your flight experience to the next level. The DJI RC Pro control equipment ensures fast and stable transmission thanks to O3+ technology and is equipped with a bright 5.5\" screen that guarantees a clear view in almost all lighting conditions.  Set contents:  1x DJI RC Pro Controller","og_url":"https:\/\/visimind.store\/en\/produkt\/dji-rc-pro-controller\/","og_site_name":"Visimind","article_publisher":"https:\/\/www.facebook.com\/visimind\/?locale=pl_PL","article_modified_time":"2024-06-28T12:45:18+00:00","og_image":[{"width":600,"height":600,"url":"https:\/\/visimind.store\/wp-content\/uploads\/2023\/12\/Kontroler-DJI-RC-Pro-3.jpg","type":"image\/jpeg"}],"schema":{"@context":"https:\/\/schema.org","@graph":[{"@type":"WebPage","@id":"https:\/\/visimind.store\/en\/produkt\/dji-rc-pro-controller\/","url":"https:\/\/visimind.store\/en\/produkt\/dji-rc-pro-controller\/","name":"DJI RC Pro Controller &#8211; Visimind","isPartOf":{"@id":"https:\/\/visimind.store\/en\/#website"},"primaryImageOfPage":{"@id":"https:\/\/visimind.store\/en\/produkt\/dji-rc-pro-controller\/#primaryimage"},"image":{"@id":"https:\/\/visimind.store\/en\/produkt\/dji-rc-pro-controller\/#primaryimage"},"thumbnailUrl":"https:\/\/visimind.store\/wp-content\/uploads\/2023\/12\/Kontroler-DJI-RC-Pro-3.jpg","datePublished":"2024-01-15T10:44:33+00:00","dateModified":"2024-06-28T12:45:18+00:00","breadcrumb":{"@id":"https:\/\/visimind.store\/en\/produkt\/dji-rc-pro-controller\/#breadcrumb"},"inLanguage":"en-US","potentialAction":[{"@type":"ReadAction","target":["https:\/\/visimind.store\/en\/produkt\/dji-rc-pro-controller\/"]}]},{"@type":"ImageObject","inLanguage":"en-US","@id":"https:\/\/visimind.store\/en\/produkt\/dji-rc-pro-controller\/#primaryimage","url":"https:\/\/visimind.store\/wp-content\/uploads\/2023\/12\/Kontroler-DJI-RC-Pro-3.jpg","contentUrl":"https:\/\/visimind.store\/wp-content\/uploads\/2023\/12\/Kontroler-DJI-RC-Pro-3.jpg","width":600,"height":600},{"@type":"BreadcrumbList","@id":"https:\/\/visimind.store\/en\/produkt\/dji-rc-pro-controller\/#breadcrumb","itemListElement":[{"@type":"ListItem","position":1,"name":"Home","item":"https:\/\/visimind.store\/en\/"},{"@type":"ListItem","position":2,"name":"Products","item":"https:\/\/visimind.store\/en\/shop\/"},{"@type":"ListItem","position":3,"name":"DJI RC Pro Controller"}]},{"@type":"WebSite","@id":"https:\/\/visimind.store\/en\/#website","url":"https:\/\/visimind.store\/en\/","name":"Visimind","description":"GET THE PICTURE","publisher":{"@id":"https:\/\/visimind.store\/en\/#organization"},"alternateName":"vm","potentialAction":[{"@type":"SearchAction","target":{"@type":"EntryPoint","urlTemplate":"https:\/\/visimind.store\/en\/?s={search_term_string}"},"query-input":"required name=search_term_string"}],"inLanguage":"en-US"},{"@type":"Organization","@id":"https:\/\/visimind.store\/en\/#organization","name":"Visimind Ltd Sp. z o.o.","alternateName":"vm","url":"https:\/\/visimind.store\/en\/","logo":{"@type":"ImageObject","inLanguage":"en-US","@id":"https:\/\/visimind.store\/en\/#\/schema\/logo\/image\/","url":"https:\/\/visimind.store\/wp-content\/uploads\/2024\/06\/VISIMIND-LOGO.png","contentUrl":"https:\/\/visimind.store\/wp-content\/uploads\/2024\/06\/VISIMIND-LOGO.png","width":707,"height":214,"caption":"Visimind Ltd Sp. z o.o."},"image":{"@id":"https:\/\/visimind.store\/en\/#\/schema\/logo\/image\/"},"sameAs":["https:\/\/www.facebook.com\/visimind\/?locale=pl_PL","https:\/\/www.linkedin.com\/company\/visimind-ab"],"description":"Visimind to mi\u0119dzynarodowa firma specjalizuj\u0105ca si\u0119 w zaawansowanych technologiach geoinformatycznych, fotogrametrii i zdalnego pozyskiwania danych. Organizacja dostarcza kompleksowe rozwi\u0105zania oparte na skaningu laserowym, zdj\u0119ciach lotniczych i mobilnych, danych LiDAR oraz analizach przestrzennych. Dzi\u0119ki wykorzystaniu nowoczesnych platform pomiarowych \u2013 w tym samolot\u00f3w, helikopter\u00f3w, pojazd\u00f3w mobilnych oraz system\u00f3w bezza\u0142ogowych \u2013 Visimind wspiera klient\u00f3w w precyzyjnym mapowaniu infrastruktury, monitoringu sieci i analizach technicznych. Firma dzia\u0142a w wielu krajach Europy, wsp\u00f3\u0142pracuj\u0105c z bran\u017cami energetyczn\u0105, gazownicz\u0105, kolejow\u0105, drogow\u0105, komunaln\u0105 oraz administracj\u0105 publiczn\u0105. Jej us\u0142ugi skupiaj\u0105 si\u0119 na dostarczaniu wysokiej jako\u015bci danych przestrzennych, tworzeniu cyfrowych modeli terenu oraz wdra\u017caniu system\u00f3w wspieraj\u0105cych zarz\u0105dzanie infrastruktur\u0105. Visimind \u0142\u0105czy wieloletnie do\u015bwiadczenie z innowacyjnymi technologiami, zapewniaj\u0105c klientom precyzyjne, rzetelne i skalowalne rozwi\u0105zania geoinformatyczne.","email":"sklep@visimind.pl","telephone":"89 541 04 52","legalName":"VISIMIND LTD SP\u00d3\u0141KA Z OGRANICZON\u0104 ODPOWIEDZIALNO\u015aCI\u0104","foundingDate":"2002-12-24","numberOfEmployees":{"@type":"QuantitativeValue","minValue":"51","maxValue":"200"},"publishingPrinciples":"https:\/\/visimind.store\/visimind\/sklep\/"}]}},"_links":{"self":[{"href":"https:\/\/visimind.store\/en\/wp-json\/wp\/v2\/product\/452"}],"collection":[{"href":"https:\/\/visimind.store\/en\/wp-json\/wp\/v2\/product"}],"about":[{"href":"https:\/\/visimind.store\/en\/wp-json\/wp\/v2\/types\/product"}],"replies":[{"embeddable":true,"href":"https:\/\/visimind.store\/en\/wp-json\/wp\/v2\/comments?post=452"}],"wp:featuredmedia":[{"embeddable":true,"href":"https:\/\/visimind.store\/en\/wp-json\/wp\/v2\/media\/367"}],"wp:attachment":[{"href":"https:\/\/visimind.store\/en\/wp-json\/wp\/v2\/media?parent=452"}],"wp:term":[{"taxonomy":"product_cat","embeddable":true,"href":"https:\/\/visimind.store\/en\/wp-json\/wp\/v2\/product_cat?post=452"},{"taxonomy":"product_tag","embeddable":true,"href":"https:\/\/visimind.store\/en\/wp-json\/wp\/v2\/product_tag?post=452"}],"curies":[{"name":"wp","href":"https:\/\/api.w.org\/{rel}","templated":true}]}}