{"id":493,"date":"2023-12-19T12:27:01","date_gmt":"2023-12-19T11:27:01","guid":{"rendered":"http:\/\/visimind.store\/?post_type=product&#038;p=493"},"modified":"2024-07-11T08:18:07","modified_gmt":"2024-07-11T06:18:07","slug":"dji-rc-controller","status":"publish","type":"product","link":"https:\/\/visimind.store\/en\/produkt\/dji-rc-controller\/","title":{"rendered":"DJI RC Controller"},"content":{"rendered":"<section class=\"l-section wpb_row height_medium\"><div class=\"l-section-h i-cf\"><div class=\"g-cols vc_row via_flex valign_top type_default stacking_default\"><div class=\"vc_col-sm-12 wpb_column vc_column_container\"><div class=\"vc_column-inner\"><div class=\"wpb_wrapper\"><div class=\"w-tabs layout_hor style_default switch_click has_scrolling\" style=\"--sections-title-size:1em\"><div class=\"w-tabs-list items_3 align_none\"><div class=\"w-tabs-list-h\"><button class=\"w-tabs-item active with_icon\" aria-controls=\"content-ba1e\" aria-expanded=\"false\"><i class=\"fal fa-file-alt\"><\/i><span class=\"w-tabs-item-title\">Description<\/span><\/button><button class=\"w-tabs-item with_icon\" aria-controls=\"content-ldce\" aria-expanded=\"false\"><i class=\"fal fa-wrench\"><\/i><span class=\"w-tabs-item-title\">Technical specification<\/span><\/button><button class=\"w-tabs-item with_icon\" aria-controls=\"content-z569\" aria-expanded=\"false\"><i class=\"fal fa-cogs\"><\/i><span class=\"w-tabs-item-title\">Accessories<\/span><\/button><\/div><\/div><div class=\"w-tabs-sections titles-align_none icon_chevron cpos_right\"><div class=\"w-tabs-section active\" id=\"ba1e\"><button class=\"w-tabs-section-header active with_icon\" aria-controls=\"content-ba1e\" aria-expanded=\"true\"><i class=\"fal fa-file-alt\"><\/i><div class=\"w-tabs-section-title\">Description<\/div><div class=\"w-tabs-section-control\"><\/div><\/button><div  class=\"w-tabs-section-content\" id=\"content-ba1e\"><div class=\"w-tabs-section-content-h i-cf\"><div class=\"wpb_text_column\"><div class=\"wpb_wrapper\"><p><strong>Built-in display<\/strong><br \/>\nEnjoy even more convenient controller operation. The DJI RC controller is equipped with a large, 5.5-inch FHD display with a brightness of up to 700 nits. Thanks to this, it is also perfect for outdoor use &#8211; even on sunny days. What&#8217;s more, with DJI RC you can also connect to the drone almost immediately and start recording &#8211; you don&#8217;t have to use your smartphone anymore!<\/p>\n<p><strong>DJI O3+ Broadcast<\/strong><br \/>\nExplore the skies freely, discover new places and create spectacular materials. DJI RC supports the advanced DJI O3+ transmission system. This means that in combination with drones compatible with this technology (e.g. DJI Mavic 3), the device allows you to transmit HD 1080p\/60FPS images with low latency at a distance of up to 8 km. Thanks to this, you will fly even further and see more!<\/p>\n<p><strong>Long working time<\/strong><br \/>\nGo on further aerial journeys and don&#8217;t be afraid that the equipment will fail you too quickly. The DJI RC controller is equipped with a durable 5200 mAh battery, which, combined with the technological solutions used, allows for an operating time of up to 4 hours. This means you can complete several flights before you need to reconnect your device to charging!<\/p>\n<p><strong>Light and handy<\/strong><br \/>\nBet on a successful combination of huge capabilities and small size. The DJI RC controller weighs only 390 g and is incredibly handy. It can accompany you almost everywhere and fits perfectly in your hands, ensuring perfect comfort of use. Built-in antennas ensure high performance, and improved double-spring joysticks enable smoother, more precise control.<\/p>\n<p><strong>Even more possibilities<\/strong><br \/>\nGain additional possibilities and make it easier for you to create spectacular aerial materials. The DJI RC controller offers several common ports that you can use. The USB-C port allows for convenient charging &#8211; using a 5 V \/ 3 A (or better) charger, it will only take about 1.5 hours. There is also a microSD card slot, thanks to which you can conveniently store your photos and videos.<\/p>\n<\/div><\/div><\/div><\/div><\/div><div class=\"w-tabs-section\" id=\"ldce\"><button class=\"w-tabs-section-header with_icon\" aria-controls=\"content-ldce\" aria-expanded=\"false\"><i class=\"fal fa-wrench\"><\/i><div class=\"w-tabs-section-title\">Technical specification<\/div><div class=\"w-tabs-section-control\"><\/div><\/button><div  class=\"w-tabs-section-content\" id=\"content-ldce\"><div class=\"w-tabs-section-content-h i-cf\"><div class=\"wpb_text_column\"><div class=\"wpb_wrapper\"><table>\n<tbody>\n<tr>\n<td>Producer<\/td>\n<td>DJI<\/td>\n<\/tr>\n<tr>\n<td>Name<\/td>\n<td>DJI RC<\/td>\n<\/tr>\n<tr>\n<td>Model<\/td>\n<td>RM330<\/td>\n<\/tr>\n<tr>\n<td>Video Transmission System<\/td>\n<td>DJI RC uses OcuSync HD video transmission technology. Once connected to a compatible DJI RC drone model, it will switch to the appropriate video transmission technology. Depending on the drone model, the following systems are available:<\/p>\n<p>DJI Mini 3 Pro: O3;<br \/>\nDJI Mavic 3: O3+;<br \/>\nDJI Mavic 3 Cine: O3+;<\/td>\n<\/tr>\n<tr>\n<td>Max. Transmission Range (no obstacles, no interference)<\/td>\n<td>DJI Mini 3 Pro: 12 km (FCC), 8 km (CE \/ SRRC \/ MIC);<br \/>\nDJI Mavic 3: 15 km (FCC), 8 km (CE \/ SRRC \/ MIC);<br \/>\nDJI Mavic 3 Cine: 15 km (FCC), 8 km (CE \/ SRRC \/ MIC);<\/td>\n<\/tr>\n<tr>\n<td>Operating Frequency<\/td>\n<td>2.400-2.4835 GHz;<br \/>\n5.727-5.850 GHz;*Due to local regulations, the 5.8 GHz band is not available in some countries\/regions.<\/td>\n<\/tr>\n<tr>\n<td>Antennas<\/td>\n<td>2 antennas, 1T2R<\/td>\n<\/tr>\n<tr>\n<td>Transmitter Power (EIRP)<\/td>\n<td>2.400-2.4835 GHz:\u00a0&lt;26 dBm (FCC), &lt;20 dBm (CE \/ SRRC \/ MIC);<br \/>\n5.725-5.850 GHz: &lt;26 dBm (FCC), &lt;23 dBm (SRRC), &lt;14 dBm (CE);<\/td>\n<\/tr>\n<tr>\n<td>Wi-Fi Protocol<\/td>\n<td>802.11 a\/b\/g\/n<\/td>\n<\/tr>\n<tr>\n<td>Operating Frequency (Wi-Fi)<\/td>\n<td>2.400-2.4835 GHz;<br \/>\n5.150-5.250 GHz;<br \/>\n5.725-5.850 GHz;*Due to local regulations, the 5.8 GHz band is not available in some countries\/regions.<\/td>\n<\/tr>\n<tr>\n<td>Transmitter Power (EIRP) (Wi-Fi)<\/td>\n<td>2.400-2.4835 GHz:\u00a0&lt;23 dBm (FCC), &lt;20 dBm (CE \/ SRRC \/ MIC);<br \/>\n5.150-5.250 GHz: &lt;23 dBm (FCC \/ CE \/ SRRC \/ MIC);<br \/>\n5.725-5.850 GHz: &lt;23 dBm (FCC \/ SRRC), &lt;14 dBm (CE);<\/td>\n<\/tr>\n<tr>\n<td>Bluetooth Version<\/td>\n<td>4.2<\/td>\n<\/tr>\n<tr>\n<td>Operating Frequency (Bluetooth)<\/td>\n<td>2.400-2.4835 GHz<\/td>\n<\/tr>\n<tr>\n<td>Transmitter Power (EIRP) (Bluetooth)<\/td>\n<td>&lt;10 dBm<\/td>\n<\/tr>\n<tr>\n<td>Screen Resolution<\/td>\n<td>1920&#215;1080<\/td>\n<\/tr>\n<tr>\n<td>Diagonal<\/td>\n<td>5.5\u2033<\/td>\n<\/tr>\n<tr>\n<td>Frame Rate<\/td>\n<td>60 FPS<\/td>\n<\/tr>\n<tr>\n<td>Brightness<\/td>\n<td>700 nits<\/td>\n<\/tr>\n<tr>\n<td>Touch Support<\/td>\n<td>10-point multi-touch<\/td>\n<\/tr>\n<tr>\n<td>Battery Type<\/td>\n<td>Li-ion<\/td>\n<\/tr>\n<tr>\n<td>Battery Capacity<\/td>\n<td>5200 mAh @ 3.6 V<\/td>\n<\/tr>\n<tr>\n<td>Loading Method<\/td>\n<td>5V\/2A charger or better<\/td>\n<\/tr>\n<tr>\n<td>Rated Power<\/td>\n<td>4.5 W<\/td>\n<\/tr>\n<tr>\n<td>Memory<\/td>\n<td>Possibility of expansion (using a microSD card)<\/td>\n<\/tr>\n<tr>\n<td>Loading Time<\/td>\n<td>Approx. 1.5 h (with 5 V \/ 3 A charger)<\/td>\n<\/tr>\n<tr>\n<td>Operating Time<\/td>\n<td>Approx. 4 h<\/td>\n<\/tr>\n<tr>\n<td>Operating Temperature<\/td>\n<td>-10\u00b0C &#8211; 40\u00b0C<\/td>\n<\/tr>\n<tr>\n<td>Storage Temperature<\/td>\n<td>Less than 1 month: -30\u00b0C &#8211; 60\u00b0C;<br \/>\n1-3 months: -30\u00b0C &#8211; 45\u00b0C;<br \/>\n3-6 months: -30\u00b0C &#8211; 35\u00b0C;<br \/>\nOver 6 months: -30\u00b0C &#8211; 25\u00b0C;<\/td>\n<\/tr>\n<tr>\n<td>Charging Temperature<\/td>\n<td>5\u00b0C &#8211; 40\u00b0C<\/td>\n<\/tr>\n<tr>\n<td>Compatible Drones<\/td>\n<td>DJI Mavic 3 Pro, DJI Mavic 3 Pro Cine, DJI Mavic 3 Classic, DJI Mavic 3, DJI Mavic 3 Cine, DJI Mini 3 Pro, DJI Mini 3, DJI Air 2S<\/p>\n<p>*The DJI RC Controller will support more drones in the future. The latest information is available on the manufacturer&#8217;s official website.<\/td>\n<\/tr>\n<tr>\n<td>GNSS<\/td>\n<td>GPS + BeiDou + Galileo<\/td>\n<\/tr>\n<tr>\n<td>Dimensions<\/td>\n<td>Without bars: 168.4 x 123.7 x 46.2 mm;<br \/>\nWith bars: 168.4 x 123.7 x 62.7 mm;<\/td>\n<\/tr>\n<tr>\n<td>Weight<\/td>\n<td>Okay. 390g<\/td>\n<\/tr>\n<tr>\n<td>Supported microSD Cards<\/td>\n<td>UHS-I Speed Grade 3 or better<\/td>\n<\/tr>\n<tr>\n<td>MicroSD Cards Recommended<\/td>\n<td>SanDisk Extreme PRO 64GB V30 A2 microSDXC, SanDisk High Endurance 64GB V30 microSDXC, SanDisk Extreme 128GB V30 A2 microSDXC, SanDisk Extreme 256GB V30 A2 microSDXC, SanDisk Extreme 512GB V30 A2 microSDXC, Lexar 667x 64GB V30 A2 microSDXC, Lexar High -Endurance 64GB V30 microSDXC, Lexar High-Endurance 128GB V30 microSDXC, Lexar 667x 256GB V30 A2 microSDXC, Lexar 512GB V30 A2 microSDXC<\/td>\n<\/tr>\n<\/tbody>\n<\/table>\n<\/div><\/div><\/div><\/div><\/div><div class=\"w-tabs-section\" id=\"z569\"><button class=\"w-tabs-section-header with_icon\" aria-controls=\"content-z569\" aria-expanded=\"false\"><i class=\"fal fa-cogs\"><\/i><div class=\"w-tabs-section-title\">Accessories<\/div><div class=\"w-tabs-section-control\"><\/div><\/button><div  class=\"w-tabs-section-content\" id=\"content-z569\"><div class=\"w-tabs-section-content-h i-cf\"><div class=\"w-grid us_custom_88717ab1 type_grid layout_461 hidden cols_3\" id=\"us_grid_1\" style=\"--gap:1.5rem;\" data-filterable=\"true\"><style>@media (max-width:1024px){#us_grid_1 .w-grid-item{width:50%}}@media (max-width:600px){#us_grid_1 .w-grid-list{margin:0}#us_grid_1 .w-grid-item{width:100%;padding:0;margin-bottom:var(--gap,0px)}}.layout_461 .w-grid-item-h{background:var(--color-content-bg);color:var(--color-content-text);border-radius:0.3rem}.layout_461 .usg_post_image_1{transition-duration:0.3s;transform-origin:50% 50%;transform:scale(1) translate(0%,0%)}.layout_461 .w-grid-item-h:hover .usg_post_image_1{transform:scale(1.05) translate(0%,0%);opacity:1}.layout_461 .usg_vwrapper_1{padding-right:10px!important;padding-top:10px!important;padding-left:10px!important}.layout_461 .usg_product_field_1{font-size:12px!important;font-weight:500!important;text-transform:uppercase!important;padding-left:0.8rem!important;padding-right:0.8rem!important;border-radius:0.3em!important;position:absolute!important;left:10px!important;top:10px!important;background:#e8e8e8!important}.layout_461 .usg_post_title_1{color:inherit!important;font-size:1.4rem!important;height:80px!important;margin-bottom:0.4rem!important}.layout_461 .usg_product_field_2{margin-bottom:0.2rem!important}.layout_461 .usg_vwrapper_2{border-top-width:1px!important;border-color:#f5f5f5!important;border-top-style:solid!important;padding:15px!important}.layout_461 .usg_hwrapper_1{margin-top:15px!important;padding-top:15px!important;border-top-width:1px!important;border-color:#f5f5f5!important;border-top-style:solid!important}.layout_461 .usg_text_1{font-size:12px!important}@media (min-width:1025px) and (max-width:1850px){.layout_461 .usg_post_title_1{height:80px!important}.layout_461 .usg_vwrapper_2{padding:15px!important}}@media (min-width:601px) and (max-width:1024px){.layout_461 .usg_post_title_1{height:80px!important}.layout_461 .usg_vwrapper_2{padding:15px!important}}@media (max-width:600px){.layout_461 .usg_post_title_1{height:40px!important}.layout_461 .usg_vwrapper_2{padding:15px 5px 15px 5px!important}}<\/style><div class=\"w-grid-list\"><\/div><div class=\"w-grid-preloader\"><div class=\"g-preloader type_1\">\r\n\t<div><\/div>\r\n<\/div>\r\n<\/div>\t<div class=\"w-grid-json hidden\" onclick='return {&quot;action&quot;:&quot;us_ajax_grid&quot;,&quot;ajax_url&quot;:&quot;https:\\\/\\\/visimind.store\\\/wp-admin\\\/admin-ajax.php&quot;,&quot;infinite_scroll&quot;:0,&quot;max_num_pages&quot;:0,&quot;pagination&quot;:&quot;none&quot;,&quot;permalink_url&quot;:&quot;https:\\\/\\\/visimind.store\\\/en\\\/wp-json\\\/wp\\\/v2\\\/product\\\/493\\\/&quot;,&quot;template_vars&quot;:{&quot;columns&quot;:&quot;3&quot;,&quot;exclude_items&quot;:&quot;none&quot;,&quot;img_size&quot;:&quot;woocommerce_thumbnail&quot;,&quot;ignore_items_size&quot;:0,&quot;items_layout&quot;:&quot;461&quot;,&quot;items_offset&quot;:&quot;1&quot;,&quot;load_animation&quot;:&quot;none&quot;,&quot;overriding_link&quot;:&quot;%7B%22url%22%3A%22%22%7D&quot;,&quot;post_id&quot;:0,&quot;query_args&quot;:{&quot;post_type&quot;:[&quot;product&quot;],&quot;tax_query&quot;:[{&quot;taxonomy&quot;:&quot;product_cat&quot;,&quot;field&quot;:&quot;slug&quot;,&quot;terms&quot;:[&quot;drones-en&quot;]},{&quot;taxonomy&quot;:&quot;product_visibility&quot;,&quot;field&quot;:&quot;slug&quot;,&quot;terms&quot;:[&quot;exclude-from-catalog&quot;],&quot;operator&quot;:&quot;NOT IN&quot;}],&quot;post_status&quot;:[&quot;publish&quot;],&quot;meta_query&quot;:[],&quot;posts_per_page&quot;:&quot;3&quot;},&quot;orderby_query_args&quot;:{&quot;orderby&quot;:&quot;RAND(600216994)&quot;},&quot;type&quot;:&quot;grid&quot;,&quot;us_grid_ajax_index&quot;:1,&quot;us_grid_filter_params&quot;:null,&quot;us_grid_index&quot;:1,&quot;_us_grid_post_type&quot;:&quot;product&quot;,&quot;page_args&quot;:[],&quot;lang&quot;:&quot;en&quot;}}'><\/div>\r\n\t<\/div><div class=\"w-grid-none type_message\">No results found.<\/div><\/div><\/div><\/div><\/div><\/div><\/div><\/div><\/div><\/div><\/div><\/section>\n","protected":false},"excerpt":{"rendered":"<p>DJI RC is a modern control device that takes drone control to a new level. It is equipped with specially designed sticks and a clear FHD display, and is distinguished by a long operating time of up to 4 hours. Light and handy &#8211; provides unrivaled comfort of use. In addition, the advanced DJI O3+ technology enables stable high-resolution video transmission over long distances.<\/p>\n<p><strong>Set contents:<\/strong><\/p>\n<p>1x DJI RC Controller<\/p>\n","protected":false},"featured_media":359,"comment_status":"open","ping_status":"closed","template":"","meta":[],"product_cat":[251],"product_tag":[],"yoast_head":"<!-- This site is optimized with the Yoast SEO Premium plugin v22.9 (Yoast SEO v22.9) - https:\/\/yoast.com\/wordpress\/plugins\/seo\/ -->\n<title>DJI RC Controller &#8211; Visimind<\/title>\n<meta name=\"robots\" content=\"index, follow, max-snippet:-1, max-image-preview:large, max-video-preview:-1\" \/>\n<link rel=\"canonical\" href=\"https:\/\/visimind.store\/en\/produkt\/dji-rc-controller\/\" \/>\n<meta property=\"og:locale\" content=\"en_US\" \/>\n<meta property=\"og:type\" content=\"article\" \/>\n<meta property=\"og:title\" content=\"DJI RC Controller\" \/>\n<meta property=\"og:description\" content=\"DJI RC is a modern control device that takes drone control to a new level. It is equipped with specially designed sticks and a clear FHD display, and is distinguished by a long operating time of up to 4 hours. Light and handy - provides unrivaled comfort of use. In addition, the advanced DJI O3+ technology enables stable high-resolution video transmission over long distances.  Set contents:  1x DJI RC Controller\" \/>\n<meta property=\"og:url\" content=\"https:\/\/visimind.store\/en\/produkt\/dji-rc-controller\/\" \/>\n<meta property=\"og:site_name\" content=\"Visimind\" \/>\n<meta property=\"article:publisher\" content=\"https:\/\/www.facebook.com\/visimind\/?locale=pl_PL\" \/>\n<meta property=\"article:modified_time\" content=\"2024-07-11T06:18:07+00:00\" \/>\n<meta property=\"og:image\" content=\"https:\/\/visimind.store\/wp-content\/uploads\/2023\/12\/Kontroler-DJI-RC-1.jpg\" \/>\n\t<meta property=\"og:image:width\" content=\"600\" \/>\n\t<meta property=\"og:image:height\" content=\"600\" \/>\n\t<meta property=\"og:image:type\" content=\"image\/jpeg\" \/>\n<script type=\"application\/ld+json\" class=\"yoast-schema-graph\">{\"@context\":\"https:\/\/schema.org\",\"@graph\":[{\"@type\":\"WebPage\",\"@id\":\"https:\/\/visimind.store\/en\/produkt\/dji-rc-controller\/\",\"url\":\"https:\/\/visimind.store\/en\/produkt\/dji-rc-controller\/\",\"name\":\"DJI RC Controller &#8211; Visimind\",\"isPartOf\":{\"@id\":\"https:\/\/visimind.store\/en\/#website\"},\"primaryImageOfPage\":{\"@id\":\"https:\/\/visimind.store\/en\/produkt\/dji-rc-controller\/#primaryimage\"},\"image\":{\"@id\":\"https:\/\/visimind.store\/en\/produkt\/dji-rc-controller\/#primaryimage\"},\"thumbnailUrl\":\"https:\/\/visimind.store\/wp-content\/uploads\/2023\/12\/Kontroler-DJI-RC-1.jpg\",\"datePublished\":\"2023-12-19T11:27:01+00:00\",\"dateModified\":\"2024-07-11T06:18:07+00:00\",\"breadcrumb\":{\"@id\":\"https:\/\/visimind.store\/en\/produkt\/dji-rc-controller\/#breadcrumb\"},\"inLanguage\":\"en-US\",\"potentialAction\":[{\"@type\":\"ReadAction\",\"target\":[\"https:\/\/visimind.store\/en\/produkt\/dji-rc-controller\/\"]}]},{\"@type\":\"ImageObject\",\"inLanguage\":\"en-US\",\"@id\":\"https:\/\/visimind.store\/en\/produkt\/dji-rc-controller\/#primaryimage\",\"url\":\"https:\/\/visimind.store\/wp-content\/uploads\/2023\/12\/Kontroler-DJI-RC-1.jpg\",\"contentUrl\":\"https:\/\/visimind.store\/wp-content\/uploads\/2023\/12\/Kontroler-DJI-RC-1.jpg\",\"width\":600,\"height\":600},{\"@type\":\"BreadcrumbList\",\"@id\":\"https:\/\/visimind.store\/en\/produkt\/dji-rc-controller\/#breadcrumb\",\"itemListElement\":[{\"@type\":\"ListItem\",\"position\":1,\"name\":\"Home\",\"item\":\"https:\/\/visimind.store\/en\/\"},{\"@type\":\"ListItem\",\"position\":2,\"name\":\"Products\",\"item\":\"https:\/\/visimind.store\/en\/shop\/\"},{\"@type\":\"ListItem\",\"position\":3,\"name\":\"DJI RC Controller\"}]},{\"@type\":\"WebSite\",\"@id\":\"https:\/\/visimind.store\/en\/#website\",\"url\":\"https:\/\/visimind.store\/en\/\",\"name\":\"Visimind\",\"description\":\"GET THE PICTURE\",\"publisher\":{\"@id\":\"https:\/\/visimind.store\/en\/#organization\"},\"alternateName\":\"vm\",\"potentialAction\":[{\"@type\":\"SearchAction\",\"target\":{\"@type\":\"EntryPoint\",\"urlTemplate\":\"https:\/\/visimind.store\/en\/?s={search_term_string}\"},\"query-input\":\"required name=search_term_string\"}],\"inLanguage\":\"en-US\"},{\"@type\":\"Organization\",\"@id\":\"https:\/\/visimind.store\/en\/#organization\",\"name\":\"Visimind Ltd Sp. z o.o.\",\"alternateName\":\"vm\",\"url\":\"https:\/\/visimind.store\/en\/\",\"logo\":{\"@type\":\"ImageObject\",\"inLanguage\":\"en-US\",\"@id\":\"https:\/\/visimind.store\/en\/#\/schema\/logo\/image\/\",\"url\":\"https:\/\/visimind.store\/wp-content\/uploads\/2024\/06\/VISIMIND-LOGO.png\",\"contentUrl\":\"https:\/\/visimind.store\/wp-content\/uploads\/2024\/06\/VISIMIND-LOGO.png\",\"width\":707,\"height\":214,\"caption\":\"Visimind Ltd Sp. z o.o.\"},\"image\":{\"@id\":\"https:\/\/visimind.store\/en\/#\/schema\/logo\/image\/\"},\"sameAs\":[\"https:\/\/www.facebook.com\/visimind\/?locale=pl_PL\",\"https:\/\/www.linkedin.com\/company\/visimind-ab\"],\"description\":\"Visimind to mi\u0119dzynarodowa firma specjalizuj\u0105ca si\u0119 w zaawansowanych technologiach geoinformatycznych, fotogrametrii i zdalnego pozyskiwania danych. Organizacja dostarcza kompleksowe rozwi\u0105zania oparte na skaningu laserowym, zdj\u0119ciach lotniczych i mobilnych, danych LiDAR oraz analizach przestrzennych. Dzi\u0119ki wykorzystaniu nowoczesnych platform pomiarowych \u2013 w tym samolot\u00f3w, helikopter\u00f3w, pojazd\u00f3w mobilnych oraz system\u00f3w bezza\u0142ogowych \u2013 Visimind wspiera klient\u00f3w w precyzyjnym mapowaniu infrastruktury, monitoringu sieci i analizach technicznych. Firma dzia\u0142a w wielu krajach Europy, wsp\u00f3\u0142pracuj\u0105c z bran\u017cami energetyczn\u0105, gazownicz\u0105, kolejow\u0105, drogow\u0105, komunaln\u0105 oraz administracj\u0105 publiczn\u0105. Jej us\u0142ugi skupiaj\u0105 si\u0119 na dostarczaniu wysokiej jako\u015bci danych przestrzennych, tworzeniu cyfrowych modeli terenu oraz wdra\u017caniu system\u00f3w wspieraj\u0105cych zarz\u0105dzanie infrastruktur\u0105. Visimind \u0142\u0105czy wieloletnie do\u015bwiadczenie z innowacyjnymi technologiami, zapewniaj\u0105c klientom precyzyjne, rzetelne i skalowalne rozwi\u0105zania geoinformatyczne.\",\"email\":\"sklep@visimind.pl\",\"telephone\":\"89 541 04 52\",\"legalName\":\"VISIMIND LTD SP\u00d3\u0141KA Z OGRANICZON\u0104 ODPOWIEDZIALNO\u015aCI\u0104\",\"foundingDate\":\"2002-12-24\",\"numberOfEmployees\":{\"@type\":\"QuantitativeValue\",\"minValue\":\"51\",\"maxValue\":\"200\"},\"publishingPrinciples\":\"https:\/\/visimind.store\/visimind\/sklep\/\"}]}<\/script>\n<!-- \/ Yoast SEO Premium plugin. -->","yoast_head_json":{"title":"DJI RC Controller &#8211; Visimind","robots":{"index":"index","follow":"follow","max-snippet":"max-snippet:-1","max-image-preview":"max-image-preview:large","max-video-preview":"max-video-preview:-1"},"canonical":"https:\/\/visimind.store\/en\/produkt\/dji-rc-controller\/","og_locale":"en_US","og_type":"article","og_title":"DJI RC Controller","og_description":"DJI RC is a modern control device that takes drone control to a new level. It is equipped with specially designed sticks and a clear FHD display, and is distinguished by a long operating time of up to 4 hours. Light and handy - provides unrivaled comfort of use. In addition, the advanced DJI O3+ technology enables stable high-resolution video transmission over long distances.  Set contents:  1x DJI RC Controller","og_url":"https:\/\/visimind.store\/en\/produkt\/dji-rc-controller\/","og_site_name":"Visimind","article_publisher":"https:\/\/www.facebook.com\/visimind\/?locale=pl_PL","article_modified_time":"2024-07-11T06:18:07+00:00","og_image":[{"width":600,"height":600,"url":"https:\/\/visimind.store\/wp-content\/uploads\/2023\/12\/Kontroler-DJI-RC-1.jpg","type":"image\/jpeg"}],"schema":{"@context":"https:\/\/schema.org","@graph":[{"@type":"WebPage","@id":"https:\/\/visimind.store\/en\/produkt\/dji-rc-controller\/","url":"https:\/\/visimind.store\/en\/produkt\/dji-rc-controller\/","name":"DJI RC Controller &#8211; Visimind","isPartOf":{"@id":"https:\/\/visimind.store\/en\/#website"},"primaryImageOfPage":{"@id":"https:\/\/visimind.store\/en\/produkt\/dji-rc-controller\/#primaryimage"},"image":{"@id":"https:\/\/visimind.store\/en\/produkt\/dji-rc-controller\/#primaryimage"},"thumbnailUrl":"https:\/\/visimind.store\/wp-content\/uploads\/2023\/12\/Kontroler-DJI-RC-1.jpg","datePublished":"2023-12-19T11:27:01+00:00","dateModified":"2024-07-11T06:18:07+00:00","breadcrumb":{"@id":"https:\/\/visimind.store\/en\/produkt\/dji-rc-controller\/#breadcrumb"},"inLanguage":"en-US","potentialAction":[{"@type":"ReadAction","target":["https:\/\/visimind.store\/en\/produkt\/dji-rc-controller\/"]}]},{"@type":"ImageObject","inLanguage":"en-US","@id":"https:\/\/visimind.store\/en\/produkt\/dji-rc-controller\/#primaryimage","url":"https:\/\/visimind.store\/wp-content\/uploads\/2023\/12\/Kontroler-DJI-RC-1.jpg","contentUrl":"https:\/\/visimind.store\/wp-content\/uploads\/2023\/12\/Kontroler-DJI-RC-1.jpg","width":600,"height":600},{"@type":"BreadcrumbList","@id":"https:\/\/visimind.store\/en\/produkt\/dji-rc-controller\/#breadcrumb","itemListElement":[{"@type":"ListItem","position":1,"name":"Home","item":"https:\/\/visimind.store\/en\/"},{"@type":"ListItem","position":2,"name":"Products","item":"https:\/\/visimind.store\/en\/shop\/"},{"@type":"ListItem","position":3,"name":"DJI RC Controller"}]},{"@type":"WebSite","@id":"https:\/\/visimind.store\/en\/#website","url":"https:\/\/visimind.store\/en\/","name":"Visimind","description":"GET THE PICTURE","publisher":{"@id":"https:\/\/visimind.store\/en\/#organization"},"alternateName":"vm","potentialAction":[{"@type":"SearchAction","target":{"@type":"EntryPoint","urlTemplate":"https:\/\/visimind.store\/en\/?s={search_term_string}"},"query-input":"required name=search_term_string"}],"inLanguage":"en-US"},{"@type":"Organization","@id":"https:\/\/visimind.store\/en\/#organization","name":"Visimind Ltd Sp. z o.o.","alternateName":"vm","url":"https:\/\/visimind.store\/en\/","logo":{"@type":"ImageObject","inLanguage":"en-US","@id":"https:\/\/visimind.store\/en\/#\/schema\/logo\/image\/","url":"https:\/\/visimind.store\/wp-content\/uploads\/2024\/06\/VISIMIND-LOGO.png","contentUrl":"https:\/\/visimind.store\/wp-content\/uploads\/2024\/06\/VISIMIND-LOGO.png","width":707,"height":214,"caption":"Visimind Ltd Sp. z o.o."},"image":{"@id":"https:\/\/visimind.store\/en\/#\/schema\/logo\/image\/"},"sameAs":["https:\/\/www.facebook.com\/visimind\/?locale=pl_PL","https:\/\/www.linkedin.com\/company\/visimind-ab"],"description":"Visimind to mi\u0119dzynarodowa firma specjalizuj\u0105ca si\u0119 w zaawansowanych technologiach geoinformatycznych, fotogrametrii i zdalnego pozyskiwania danych. Organizacja dostarcza kompleksowe rozwi\u0105zania oparte na skaningu laserowym, zdj\u0119ciach lotniczych i mobilnych, danych LiDAR oraz analizach przestrzennych. Dzi\u0119ki wykorzystaniu nowoczesnych platform pomiarowych \u2013 w tym samolot\u00f3w, helikopter\u00f3w, pojazd\u00f3w mobilnych oraz system\u00f3w bezza\u0142ogowych \u2013 Visimind wspiera klient\u00f3w w precyzyjnym mapowaniu infrastruktury, monitoringu sieci i analizach technicznych. Firma dzia\u0142a w wielu krajach Europy, wsp\u00f3\u0142pracuj\u0105c z bran\u017cami energetyczn\u0105, gazownicz\u0105, kolejow\u0105, drogow\u0105, komunaln\u0105 oraz administracj\u0105 publiczn\u0105. Jej us\u0142ugi skupiaj\u0105 si\u0119 na dostarczaniu wysokiej jako\u015bci danych przestrzennych, tworzeniu cyfrowych modeli terenu oraz wdra\u017caniu system\u00f3w wspieraj\u0105cych zarz\u0105dzanie infrastruktur\u0105. Visimind \u0142\u0105czy wieloletnie do\u015bwiadczenie z innowacyjnymi technologiami, zapewniaj\u0105c klientom precyzyjne, rzetelne i skalowalne rozwi\u0105zania geoinformatyczne.","email":"sklep@visimind.pl","telephone":"89 541 04 52","legalName":"VISIMIND LTD SP\u00d3\u0141KA Z OGRANICZON\u0104 ODPOWIEDZIALNO\u015aCI\u0104","foundingDate":"2002-12-24","numberOfEmployees":{"@type":"QuantitativeValue","minValue":"51","maxValue":"200"},"publishingPrinciples":"https:\/\/visimind.store\/visimind\/sklep\/"}]}},"_links":{"self":[{"href":"https:\/\/visimind.store\/en\/wp-json\/wp\/v2\/product\/493"}],"collection":[{"href":"https:\/\/visimind.store\/en\/wp-json\/wp\/v2\/product"}],"about":[{"href":"https:\/\/visimind.store\/en\/wp-json\/wp\/v2\/types\/product"}],"replies":[{"embeddable":true,"href":"https:\/\/visimind.store\/en\/wp-json\/wp\/v2\/comments?post=493"}],"wp:featuredmedia":[{"embeddable":true,"href":"https:\/\/visimind.store\/en\/wp-json\/wp\/v2\/media\/359"}],"wp:attachment":[{"href":"https:\/\/visimind.store\/en\/wp-json\/wp\/v2\/media?parent=493"}],"wp:term":[{"taxonomy":"product_cat","embeddable":true,"href":"https:\/\/visimind.store\/en\/wp-json\/wp\/v2\/product_cat?post=493"},{"taxonomy":"product_tag","embeddable":true,"href":"https:\/\/visimind.store\/en\/wp-json\/wp\/v2\/product_tag?post=493"}],"curies":[{"name":"wp","href":"https:\/\/api.w.org\/{rel}","templated":true}]}}