{"id":503,"date":"2023-12-19T11:38:18","date_gmt":"2023-12-19T10:38:18","guid":{"rendered":"http:\/\/visimind.store\/?post_type=product&#038;p=503"},"modified":"2024-06-28T14:50:18","modified_gmt":"2024-06-28T12:50:18","slug":"dji-rc-plus-matrice-30-300-350-rtk-control-equipment","status":"publish","type":"product","link":"https:\/\/visimind.store\/en\/produkt\/dji-rc-plus-matrice-30-300-350-rtk-control-equipment\/","title":{"rendered":"DJI RC Plus Matrice 30\/300\/350 RTK Control Equipment"},"content":{"rendered":"<section class=\"l-section wpb_row height_medium\"><div class=\"l-section-h i-cf\"><div class=\"g-cols vc_row via_flex valign_top type_default stacking_default\"><div class=\"vc_col-sm-12 wpb_column vc_column_container\"><div class=\"vc_column-inner\"><div class=\"wpb_wrapper\"><div class=\"w-tabs layout_hor style_default switch_click has_scrolling\" style=\"--sections-title-size:1em\"><div class=\"w-tabs-list items_3 align_none\"><div class=\"w-tabs-list-h\"><button class=\"w-tabs-item active with_icon\" aria-controls=\"content-pc14\" aria-expanded=\"false\"><i class=\"fal fa-file-alt\"><\/i><span class=\"w-tabs-item-title\">Description<\/span><\/button><button class=\"w-tabs-item with_icon\" aria-controls=\"content-veb9\" aria-expanded=\"false\"><i class=\"fal fa-wrench\"><\/i><span class=\"w-tabs-item-title\">Technical specification<\/span><\/button><button class=\"w-tabs-item with_icon\" aria-controls=\"content-z141\" aria-expanded=\"false\"><i class=\"fal fa-cogs\"><\/i><span class=\"w-tabs-item-title\">Accessories<\/span><\/button><\/div><\/div><div class=\"w-tabs-sections titles-align_none icon_chevron cpos_right\"><div class=\"w-tabs-section active\" id=\"pc14\"><button class=\"w-tabs-section-header active with_icon\" aria-controls=\"content-pc14\" aria-expanded=\"true\"><i class=\"fal fa-file-alt\"><\/i><div class=\"w-tabs-section-title\">Description<\/div><div class=\"w-tabs-section-control\"><\/div><\/button><div  class=\"w-tabs-section-content\" id=\"content-pc14\"><div class=\"w-tabs-section-content-h i-cf\"><div class=\"wpb_text_column\"><div class=\"wpb_wrapper\"><p><strong>Equipment created for professionals<\/strong><br \/>\nThe 7-inch widescreen DJI RC Plus screen with dual control function is tailored to the needs of even the most demanding users.<\/p>\n<p><strong>Adapted to work in a demanding environment<\/strong><br \/>\nThe DJI RC Plus equipment has been designed to cope with even the most difficult weather conditions. The IP54 protection level and the ability to operate at temperatures of -20\u00b0C to 50\u00b0C make DJI RC Plus the best solutions for professionals.<\/p>\n<p><strong>Four OcuSync 3 Enterprise antennas<\/strong><br \/>\nCover a larger area with stable video transmission and detachable dual antennas.<\/p>\n<p><strong>4G cellular communication module<\/strong><br \/>\nAttach the DJI Cellular Module for better 4G connectivity\u00a0and expand the capabilities of OcuSync 3 Enterprise.<\/p>\n<p><strong>Extended device operating time<\/strong><br \/>\nThe built-in and external battery provides up to 6 hours of operating time. Thanks to the hot-swap function, the battery can be replaced without having to turn off the device.<\/p>\n<\/div><\/div><\/div><\/div><\/div><div class=\"w-tabs-section\" id=\"veb9\"><button class=\"w-tabs-section-header with_icon\" aria-controls=\"content-veb9\" aria-expanded=\"false\"><i class=\"fal fa-wrench\"><\/i><div class=\"w-tabs-section-title\">Technical specification<\/div><div class=\"w-tabs-section-control\"><\/div><\/button><div  class=\"w-tabs-section-content\" id=\"content-veb9\"><div class=\"w-tabs-section-content-h i-cf\"><div class=\"wpb_text_column\"><div class=\"wpb_wrapper\"><table style=\"width: 100%;\">\n<tbody>\n<tr>\n<td style=\"width: 22.5225%;\">\n<p align=\"justify\">Screen<\/p>\n<\/td>\n<td style=\"width: 76.036%;\">\n<p align=\"justify\">LCD touch screen with a diagonal of 7.02 inches, resolution of 1920\u00d71200 pixels and high brightness of 1200 cd\/m2<\/p>\n<\/td>\n<\/tr>\n<tr>\n<td style=\"width: 22.5225%;\">\n<p align=\"justify\">Built-in Battery<\/p>\n<\/td>\n<td style=\"width: 76.036%;\">\n<p align=\"justify\">Type: Li-ion (6500 mAh @ 7.2 V)<br \/>\nCharging method: using Battery Station BS30 or a USB-C charger with a maximum rated power of 65 W (max. voltage 20 V)<br \/>\nCharging time: 2 hours<br \/>\nChemical composition: LiNiCoAIO2<\/p>\n<\/td>\n<\/tr>\n<tr>\n<td style=\"width: 22.5225%;\">\n<p align=\"justify\">WB37 External Battery<\/p>\n<\/td>\n<td style=\"width: 76.036%;\">\n<p align=\"justify\">Capacity: 4920 mAh<br \/>\nVoltage: 7.6V<br \/>\nBattery type: Li-ion<br \/>\nEnergy: 37.39 Wh<br \/>\nChemical composition: LiCoO2<\/p>\n<\/td>\n<\/tr>\n<tr>\n<td style=\"width: 22.5225%;\">\n<p align=\"justify\">Operating Time<\/p>\n<\/td>\n<td style=\"width: 76.036%;\">\n<p align=\"justify\">Built-in battery: Approx. 3 hours 18 min<br \/>\nBuilt-in battery + external battery: About 6 hours<\/p>\n<\/td>\n<\/tr>\n<tr>\n<td style=\"width: 22.5225%;\">\n<p align=\"justify\">Protection Level<\/p>\n<\/td>\n<td style=\"width: 76.036%;\">\n<p align=\"justify\">IP54<\/p>\n<\/td>\n<\/tr>\n<tr>\n<td style=\"width: 22.5225%;\">\n<p align=\"justify\">GNSS<\/p>\n<\/td>\n<td style=\"width: 76.036%;\">\n<p align=\"justify\">GPS+Galileo+BeiDou<\/p>\n<\/td>\n<\/tr>\n<tr>\n<td style=\"width: 22.5225%;\">\n<p align=\"justify\">Operating Temperature<\/p>\n<\/td>\n<td style=\"width: 76.036%;\">\n<p align=\"justify\">-20\u00b0 to 50\u00b0 C<\/p>\n<\/td>\n<\/tr>\n<tr>\n<td style=\"width: 22.5225%;\">\n<p align=\"justify\">Compatibility<\/p>\n<\/td>\n<td style=\"width: 76.036%;\">\n<p align=\"justify\">Matrice 30\/30T, Matrice 300\/350 RTK<\/p>\n<\/td>\n<\/tr>\n<\/tbody>\n<\/table>\n<\/div><\/div><\/div><\/div><\/div><div class=\"w-tabs-section\" id=\"z141\"><button class=\"w-tabs-section-header with_icon\" aria-controls=\"content-z141\" aria-expanded=\"false\"><i class=\"fal fa-cogs\"><\/i><div class=\"w-tabs-section-title\">Accessories<\/div><div class=\"w-tabs-section-control\"><\/div><\/button><div  class=\"w-tabs-section-content\" id=\"content-z141\"><div class=\"w-tabs-section-content-h i-cf\"><div class=\"w-grid us_custom_e83db200 type_grid layout_461 hidden cols_3\" id=\"us_grid_1\" style=\"--gap:1.5rem;\" data-filterable=\"true\"><style>@media (max-width:1024px){#us_grid_1 .w-grid-item{width:50%}}@media (max-width:600px){#us_grid_1 .w-grid-list{margin:0}#us_grid_1 .w-grid-item{width:100%;padding:0;margin-bottom:var(--gap,0px)}}.layout_461 .w-grid-item-h{background:var(--color-content-bg);color:var(--color-content-text);border-radius:0.3rem}.layout_461 .usg_post_image_1{transition-duration:0.3s;transform-origin:50% 50%;transform:scale(1) translate(0%,0%)}.layout_461 .w-grid-item-h:hover .usg_post_image_1{transform:scale(1.05) translate(0%,0%);opacity:1}.layout_461 .usg_vwrapper_1{padding-right:10px!important;padding-top:10px!important;padding-left:10px!important}.layout_461 .usg_product_field_1{font-size:12px!important;font-weight:500!important;text-transform:uppercase!important;padding-left:0.8rem!important;padding-right:0.8rem!important;border-radius:0.3em!important;position:absolute!important;left:10px!important;top:10px!important;background:#e8e8e8!important}.layout_461 .usg_post_title_1{color:inherit!important;font-size:1.4rem!important;height:80px!important;margin-bottom:0.4rem!important}.layout_461 .usg_product_field_2{margin-bottom:0.2rem!important}.layout_461 .usg_vwrapper_2{border-top-width:1px!important;border-color:#f5f5f5!important;border-top-style:solid!important;padding:15px!important}.layout_461 .usg_hwrapper_1{margin-top:15px!important;padding-top:15px!important;border-top-width:1px!important;border-color:#f5f5f5!important;border-top-style:solid!important}.layout_461 .usg_text_1{font-size:12px!important}@media (min-width:1025px) and (max-width:1850px){.layout_461 .usg_post_title_1{height:80px!important}.layout_461 .usg_vwrapper_2{padding:15px!important}}@media (min-width:601px) and (max-width:1024px){.layout_461 .usg_post_title_1{height:80px!important}.layout_461 .usg_vwrapper_2{padding:15px!important}}@media (max-width:600px){.layout_461 .usg_post_title_1{height:40px!important}.layout_461 .usg_vwrapper_2{padding:15px 5px 15px 5px!important}}<\/style><div class=\"w-grid-list\"><\/div><div class=\"w-grid-preloader\"><div class=\"g-preloader type_1\">\r\n\t<div><\/div>\r\n<\/div>\r\n<\/div>\t<div class=\"w-grid-json hidden\" onclick='return {&quot;action&quot;:&quot;us_ajax_grid&quot;,&quot;ajax_url&quot;:&quot;https:\\\/\\\/visimind.store\\\/wp-admin\\\/admin-ajax.php&quot;,&quot;infinite_scroll&quot;:0,&quot;max_num_pages&quot;:0,&quot;pagination&quot;:&quot;none&quot;,&quot;permalink_url&quot;:&quot;https:\\\/\\\/visimind.store\\\/en\\\/wp-json\\\/wp\\\/v2\\\/product\\\/503\\\/&quot;,&quot;template_vars&quot;:{&quot;columns&quot;:&quot;3&quot;,&quot;exclude_items&quot;:&quot;none&quot;,&quot;img_size&quot;:&quot;woocommerce_thumbnail&quot;,&quot;ignore_items_size&quot;:0,&quot;items_layout&quot;:&quot;461&quot;,&quot;items_offset&quot;:&quot;1&quot;,&quot;load_animation&quot;:&quot;none&quot;,&quot;overriding_link&quot;:&quot;%7B%22url%22%3A%22%22%7D&quot;,&quot;post_id&quot;:0,&quot;query_args&quot;:{&quot;post_type&quot;:[&quot;product&quot;],&quot;tax_query&quot;:[{&quot;taxonomy&quot;:&quot;product_cat&quot;,&quot;field&quot;:&quot;slug&quot;,&quot;terms&quot;:[&quot;drones-en&quot;]},{&quot;taxonomy&quot;:&quot;product_visibility&quot;,&quot;field&quot;:&quot;slug&quot;,&quot;terms&quot;:[&quot;exclude-from-catalog&quot;],&quot;operator&quot;:&quot;NOT IN&quot;}],&quot;post_status&quot;:[&quot;publish&quot;],&quot;meta_query&quot;:[],&quot;posts_per_page&quot;:&quot;3&quot;},&quot;orderby_query_args&quot;:{&quot;orderby&quot;:&quot;RAND(1986950740)&quot;},&quot;type&quot;:&quot;grid&quot;,&quot;us_grid_ajax_index&quot;:1,&quot;us_grid_filter_params&quot;:null,&quot;us_grid_index&quot;:1,&quot;_us_grid_post_type&quot;:&quot;product&quot;,&quot;page_args&quot;:[],&quot;lang&quot;:&quot;en&quot;}}'><\/div>\r\n\t<\/div><div class=\"w-grid-none type_message\">No results found.<\/div><\/div><\/div><\/div><\/div><\/div><\/div><\/div><\/div><\/div><\/div><\/section>\n","protected":false},"excerpt":{"rendered":"<p><strong>Set contents:<\/strong><\/p>\n<p>DJI RC Plus control equipment<\/p>\n","protected":false},"featured_media":336,"comment_status":"open","ping_status":"closed","template":"","meta":[],"product_cat":[251],"product_tag":[],"yoast_head":"<!-- This site is optimized with the Yoast SEO Premium plugin v22.9 (Yoast SEO v22.9) - https:\/\/yoast.com\/wordpress\/plugins\/seo\/ -->\n<title>DJI RC Plus Matrice 30\/300\/350 RTK Control Equipment &#8211; Visimind<\/title>\n<meta name=\"robots\" content=\"index, follow, max-snippet:-1, max-image-preview:large, max-video-preview:-1\" \/>\n<link rel=\"canonical\" href=\"https:\/\/visimind.store\/en\/produkt\/dji-rc-plus-matrice-30-300-350-rtk-control-equipment\/\" \/>\n<meta property=\"og:locale\" content=\"en_US\" \/>\n<meta property=\"og:type\" content=\"article\" \/>\n<meta property=\"og:title\" content=\"DJI RC Plus Matrice 30\/300\/350 RTK Control Equipment\" \/>\n<meta property=\"og:description\" content=\"Set contents:  DJI RC Plus control equipment\" \/>\n<meta property=\"og:url\" content=\"https:\/\/visimind.store\/en\/produkt\/dji-rc-plus-matrice-30-300-350-rtk-control-equipment\/\" \/>\n<meta property=\"og:site_name\" content=\"Visimind\" \/>\n<meta property=\"article:publisher\" content=\"https:\/\/www.facebook.com\/visimind\/?locale=pl_PL\" \/>\n<meta property=\"article:modified_time\" content=\"2024-06-28T12:50:18+00:00\" \/>\n<meta property=\"og:image\" content=\"https:\/\/visimind.store\/wp-content\/uploads\/2023\/12\/Aparatura-sterujaca-DJI-RC-Plus-Matrice-30300350-RTK-2.jpg\" \/>\n\t<meta property=\"og:image:width\" content=\"600\" \/>\n\t<meta property=\"og:image:height\" content=\"600\" \/>\n\t<meta property=\"og:image:type\" content=\"image\/jpeg\" \/>\n<script type=\"application\/ld+json\" class=\"yoast-schema-graph\">{\"@context\":\"https:\/\/schema.org\",\"@graph\":[{\"@type\":\"WebPage\",\"@id\":\"https:\/\/visimind.store\/en\/produkt\/dji-rc-plus-matrice-30-300-350-rtk-control-equipment\/\",\"url\":\"https:\/\/visimind.store\/en\/produkt\/dji-rc-plus-matrice-30-300-350-rtk-control-equipment\/\",\"name\":\"DJI RC Plus Matrice 30\/300\/350 RTK Control Equipment &#8211; Visimind\",\"isPartOf\":{\"@id\":\"https:\/\/visimind.store\/en\/#website\"},\"primaryImageOfPage\":{\"@id\":\"https:\/\/visimind.store\/en\/produkt\/dji-rc-plus-matrice-30-300-350-rtk-control-equipment\/#primaryimage\"},\"image\":{\"@id\":\"https:\/\/visimind.store\/en\/produkt\/dji-rc-plus-matrice-30-300-350-rtk-control-equipment\/#primaryimage\"},\"thumbnailUrl\":\"https:\/\/visimind.store\/wp-content\/uploads\/2023\/12\/Aparatura-sterujaca-DJI-RC-Plus-Matrice-30300350-RTK-2.jpg\",\"datePublished\":\"2023-12-19T10:38:18+00:00\",\"dateModified\":\"2024-06-28T12:50:18+00:00\",\"breadcrumb\":{\"@id\":\"https:\/\/visimind.store\/en\/produkt\/dji-rc-plus-matrice-30-300-350-rtk-control-equipment\/#breadcrumb\"},\"inLanguage\":\"en-US\",\"potentialAction\":[{\"@type\":\"ReadAction\",\"target\":[\"https:\/\/visimind.store\/en\/produkt\/dji-rc-plus-matrice-30-300-350-rtk-control-equipment\/\"]}]},{\"@type\":\"ImageObject\",\"inLanguage\":\"en-US\",\"@id\":\"https:\/\/visimind.store\/en\/produkt\/dji-rc-plus-matrice-30-300-350-rtk-control-equipment\/#primaryimage\",\"url\":\"https:\/\/visimind.store\/wp-content\/uploads\/2023\/12\/Aparatura-sterujaca-DJI-RC-Plus-Matrice-30300350-RTK-2.jpg\",\"contentUrl\":\"https:\/\/visimind.store\/wp-content\/uploads\/2023\/12\/Aparatura-sterujaca-DJI-RC-Plus-Matrice-30300350-RTK-2.jpg\",\"width\":600,\"height\":600},{\"@type\":\"BreadcrumbList\",\"@id\":\"https:\/\/visimind.store\/en\/produkt\/dji-rc-plus-matrice-30-300-350-rtk-control-equipment\/#breadcrumb\",\"itemListElement\":[{\"@type\":\"ListItem\",\"position\":1,\"name\":\"Home\",\"item\":\"https:\/\/visimind.store\/en\/\"},{\"@type\":\"ListItem\",\"position\":2,\"name\":\"Products\",\"item\":\"https:\/\/visimind.store\/en\/shop\/\"},{\"@type\":\"ListItem\",\"position\":3,\"name\":\"DJI RC Plus Matrice 30\/300\/350 RTK Control Equipment\"}]},{\"@type\":\"WebSite\",\"@id\":\"https:\/\/visimind.store\/en\/#website\",\"url\":\"https:\/\/visimind.store\/en\/\",\"name\":\"Visimind\",\"description\":\"GET THE PICTURE\",\"publisher\":{\"@id\":\"https:\/\/visimind.store\/en\/#organization\"},\"alternateName\":\"vm\",\"potentialAction\":[{\"@type\":\"SearchAction\",\"target\":{\"@type\":\"EntryPoint\",\"urlTemplate\":\"https:\/\/visimind.store\/en\/?s={search_term_string}\"},\"query-input\":\"required name=search_term_string\"}],\"inLanguage\":\"en-US\"},{\"@type\":\"Organization\",\"@id\":\"https:\/\/visimind.store\/en\/#organization\",\"name\":\"Visimind Ltd Sp. z o.o.\",\"alternateName\":\"vm\",\"url\":\"https:\/\/visimind.store\/en\/\",\"logo\":{\"@type\":\"ImageObject\",\"inLanguage\":\"en-US\",\"@id\":\"https:\/\/visimind.store\/en\/#\/schema\/logo\/image\/\",\"url\":\"https:\/\/visimind.store\/wp-content\/uploads\/2024\/06\/VISIMIND-LOGO.png\",\"contentUrl\":\"https:\/\/visimind.store\/wp-content\/uploads\/2024\/06\/VISIMIND-LOGO.png\",\"width\":707,\"height\":214,\"caption\":\"Visimind Ltd Sp. z o.o.\"},\"image\":{\"@id\":\"https:\/\/visimind.store\/en\/#\/schema\/logo\/image\/\"},\"sameAs\":[\"https:\/\/www.facebook.com\/visimind\/?locale=pl_PL\",\"https:\/\/www.linkedin.com\/company\/visimind-ab\"],\"description\":\"Visimind to mi\u0119dzynarodowa firma specjalizuj\u0105ca si\u0119 w zaawansowanych technologiach geoinformatycznych, fotogrametrii i zdalnego pozyskiwania danych. Organizacja dostarcza kompleksowe rozwi\u0105zania oparte na skaningu laserowym, zdj\u0119ciach lotniczych i mobilnych, danych LiDAR oraz analizach przestrzennych. Dzi\u0119ki wykorzystaniu nowoczesnych platform pomiarowych \u2013 w tym samolot\u00f3w, helikopter\u00f3w, pojazd\u00f3w mobilnych oraz system\u00f3w bezza\u0142ogowych \u2013 Visimind wspiera klient\u00f3w w precyzyjnym mapowaniu infrastruktury, monitoringu sieci i analizach technicznych. Firma dzia\u0142a w wielu krajach Europy, wsp\u00f3\u0142pracuj\u0105c z bran\u017cami energetyczn\u0105, gazownicz\u0105, kolejow\u0105, drogow\u0105, komunaln\u0105 oraz administracj\u0105 publiczn\u0105. Jej us\u0142ugi skupiaj\u0105 si\u0119 na dostarczaniu wysokiej jako\u015bci danych przestrzennych, tworzeniu cyfrowych modeli terenu oraz wdra\u017caniu system\u00f3w wspieraj\u0105cych zarz\u0105dzanie infrastruktur\u0105. Visimind \u0142\u0105czy wieloletnie do\u015bwiadczenie z innowacyjnymi technologiami, zapewniaj\u0105c klientom precyzyjne, rzetelne i skalowalne rozwi\u0105zania geoinformatyczne.\",\"email\":\"sklep@visimind.pl\",\"telephone\":\"89 541 04 52\",\"legalName\":\"VISIMIND LTD SP\u00d3\u0141KA Z OGRANICZON\u0104 ODPOWIEDZIALNO\u015aCI\u0104\",\"foundingDate\":\"2002-12-24\",\"numberOfEmployees\":{\"@type\":\"QuantitativeValue\",\"minValue\":\"51\",\"maxValue\":\"200\"},\"publishingPrinciples\":\"https:\/\/visimind.store\/visimind\/sklep\/\"}]}<\/script>\n<!-- \/ Yoast SEO Premium plugin. -->","yoast_head_json":{"title":"DJI RC Plus Matrice 30\/300\/350 RTK Control Equipment &#8211; Visimind","robots":{"index":"index","follow":"follow","max-snippet":"max-snippet:-1","max-image-preview":"max-image-preview:large","max-video-preview":"max-video-preview:-1"},"canonical":"https:\/\/visimind.store\/en\/produkt\/dji-rc-plus-matrice-30-300-350-rtk-control-equipment\/","og_locale":"en_US","og_type":"article","og_title":"DJI RC Plus Matrice 30\/300\/350 RTK Control Equipment","og_description":"Set contents:  DJI RC Plus control equipment","og_url":"https:\/\/visimind.store\/en\/produkt\/dji-rc-plus-matrice-30-300-350-rtk-control-equipment\/","og_site_name":"Visimind","article_publisher":"https:\/\/www.facebook.com\/visimind\/?locale=pl_PL","article_modified_time":"2024-06-28T12:50:18+00:00","og_image":[{"width":600,"height":600,"url":"https:\/\/visimind.store\/wp-content\/uploads\/2023\/12\/Aparatura-sterujaca-DJI-RC-Plus-Matrice-30300350-RTK-2.jpg","type":"image\/jpeg"}],"schema":{"@context":"https:\/\/schema.org","@graph":[{"@type":"WebPage","@id":"https:\/\/visimind.store\/en\/produkt\/dji-rc-plus-matrice-30-300-350-rtk-control-equipment\/","url":"https:\/\/visimind.store\/en\/produkt\/dji-rc-plus-matrice-30-300-350-rtk-control-equipment\/","name":"DJI RC Plus Matrice 30\/300\/350 RTK Control Equipment &#8211; Visimind","isPartOf":{"@id":"https:\/\/visimind.store\/en\/#website"},"primaryImageOfPage":{"@id":"https:\/\/visimind.store\/en\/produkt\/dji-rc-plus-matrice-30-300-350-rtk-control-equipment\/#primaryimage"},"image":{"@id":"https:\/\/visimind.store\/en\/produkt\/dji-rc-plus-matrice-30-300-350-rtk-control-equipment\/#primaryimage"},"thumbnailUrl":"https:\/\/visimind.store\/wp-content\/uploads\/2023\/12\/Aparatura-sterujaca-DJI-RC-Plus-Matrice-30300350-RTK-2.jpg","datePublished":"2023-12-19T10:38:18+00:00","dateModified":"2024-06-28T12:50:18+00:00","breadcrumb":{"@id":"https:\/\/visimind.store\/en\/produkt\/dji-rc-plus-matrice-30-300-350-rtk-control-equipment\/#breadcrumb"},"inLanguage":"en-US","potentialAction":[{"@type":"ReadAction","target":["https:\/\/visimind.store\/en\/produkt\/dji-rc-plus-matrice-30-300-350-rtk-control-equipment\/"]}]},{"@type":"ImageObject","inLanguage":"en-US","@id":"https:\/\/visimind.store\/en\/produkt\/dji-rc-plus-matrice-30-300-350-rtk-control-equipment\/#primaryimage","url":"https:\/\/visimind.store\/wp-content\/uploads\/2023\/12\/Aparatura-sterujaca-DJI-RC-Plus-Matrice-30300350-RTK-2.jpg","contentUrl":"https:\/\/visimind.store\/wp-content\/uploads\/2023\/12\/Aparatura-sterujaca-DJI-RC-Plus-Matrice-30300350-RTK-2.jpg","width":600,"height":600},{"@type":"BreadcrumbList","@id":"https:\/\/visimind.store\/en\/produkt\/dji-rc-plus-matrice-30-300-350-rtk-control-equipment\/#breadcrumb","itemListElement":[{"@type":"ListItem","position":1,"name":"Home","item":"https:\/\/visimind.store\/en\/"},{"@type":"ListItem","position":2,"name":"Products","item":"https:\/\/visimind.store\/en\/shop\/"},{"@type":"ListItem","position":3,"name":"DJI RC Plus Matrice 30\/300\/350 RTK Control Equipment"}]},{"@type":"WebSite","@id":"https:\/\/visimind.store\/en\/#website","url":"https:\/\/visimind.store\/en\/","name":"Visimind","description":"GET THE PICTURE","publisher":{"@id":"https:\/\/visimind.store\/en\/#organization"},"alternateName":"vm","potentialAction":[{"@type":"SearchAction","target":{"@type":"EntryPoint","urlTemplate":"https:\/\/visimind.store\/en\/?s={search_term_string}"},"query-input":"required name=search_term_string"}],"inLanguage":"en-US"},{"@type":"Organization","@id":"https:\/\/visimind.store\/en\/#organization","name":"Visimind Ltd Sp. z o.o.","alternateName":"vm","url":"https:\/\/visimind.store\/en\/","logo":{"@type":"ImageObject","inLanguage":"en-US","@id":"https:\/\/visimind.store\/en\/#\/schema\/logo\/image\/","url":"https:\/\/visimind.store\/wp-content\/uploads\/2024\/06\/VISIMIND-LOGO.png","contentUrl":"https:\/\/visimind.store\/wp-content\/uploads\/2024\/06\/VISIMIND-LOGO.png","width":707,"height":214,"caption":"Visimind Ltd Sp. z o.o."},"image":{"@id":"https:\/\/visimind.store\/en\/#\/schema\/logo\/image\/"},"sameAs":["https:\/\/www.facebook.com\/visimind\/?locale=pl_PL","https:\/\/www.linkedin.com\/company\/visimind-ab"],"description":"Visimind to mi\u0119dzynarodowa firma specjalizuj\u0105ca si\u0119 w zaawansowanych technologiach geoinformatycznych, fotogrametrii i zdalnego pozyskiwania danych. Organizacja dostarcza kompleksowe rozwi\u0105zania oparte na skaningu laserowym, zdj\u0119ciach lotniczych i mobilnych, danych LiDAR oraz analizach przestrzennych. Dzi\u0119ki wykorzystaniu nowoczesnych platform pomiarowych \u2013 w tym samolot\u00f3w, helikopter\u00f3w, pojazd\u00f3w mobilnych oraz system\u00f3w bezza\u0142ogowych \u2013 Visimind wspiera klient\u00f3w w precyzyjnym mapowaniu infrastruktury, monitoringu sieci i analizach technicznych. Firma dzia\u0142a w wielu krajach Europy, wsp\u00f3\u0142pracuj\u0105c z bran\u017cami energetyczn\u0105, gazownicz\u0105, kolejow\u0105, drogow\u0105, komunaln\u0105 oraz administracj\u0105 publiczn\u0105. Jej us\u0142ugi skupiaj\u0105 si\u0119 na dostarczaniu wysokiej jako\u015bci danych przestrzennych, tworzeniu cyfrowych modeli terenu oraz wdra\u017caniu system\u00f3w wspieraj\u0105cych zarz\u0105dzanie infrastruktur\u0105. Visimind \u0142\u0105czy wieloletnie do\u015bwiadczenie z innowacyjnymi technologiami, zapewniaj\u0105c klientom precyzyjne, rzetelne i skalowalne rozwi\u0105zania geoinformatyczne.","email":"sklep@visimind.pl","telephone":"89 541 04 52","legalName":"VISIMIND LTD SP\u00d3\u0141KA Z OGRANICZON\u0104 ODPOWIEDZIALNO\u015aCI\u0104","foundingDate":"2002-12-24","numberOfEmployees":{"@type":"QuantitativeValue","minValue":"51","maxValue":"200"},"publishingPrinciples":"https:\/\/visimind.store\/visimind\/sklep\/"}]}},"_links":{"self":[{"href":"https:\/\/visimind.store\/en\/wp-json\/wp\/v2\/product\/503"}],"collection":[{"href":"https:\/\/visimind.store\/en\/wp-json\/wp\/v2\/product"}],"about":[{"href":"https:\/\/visimind.store\/en\/wp-json\/wp\/v2\/types\/product"}],"replies":[{"embeddable":true,"href":"https:\/\/visimind.store\/en\/wp-json\/wp\/v2\/comments?post=503"}],"wp:featuredmedia":[{"embeddable":true,"href":"https:\/\/visimind.store\/en\/wp-json\/wp\/v2\/media\/336"}],"wp:attachment":[{"href":"https:\/\/visimind.store\/en\/wp-json\/wp\/v2\/media?parent=503"}],"wp:term":[{"taxonomy":"product_cat","embeddable":true,"href":"https:\/\/visimind.store\/en\/wp-json\/wp\/v2\/product_cat?post=503"},{"taxonomy":"product_tag","embeddable":true,"href":"https:\/\/visimind.store\/en\/wp-json\/wp\/v2\/product_tag?post=503"}],"curies":[{"name":"wp","href":"https:\/\/api.w.org\/{rel}","templated":true}]}}