{"id":925,"date":"2024-04-15T07:44:16","date_gmt":"2024-04-15T05:44:16","guid":{"rendered":"https:\/\/visimind.store\/?post_type=product&#038;p=925"},"modified":"2024-06-28T14:44:37","modified_gmt":"2024-06-28T12:44:37","slug":"dji-flycart-30-db2000-battery","status":"publish","type":"product","link":"https:\/\/visimind.store\/en\/produkt\/dji-flycart-30-db2000-battery\/","title":{"rendered":"DJI FlyCart 30 DB2000 Battery"},"content":{"rendered":"<section class=\"l-section wpb_row height_medium\"><div class=\"l-section-h i-cf\"><div class=\"g-cols vc_row via_flex valign_top type_default stacking_default\"><div class=\"vc_col-sm-12 wpb_column vc_column_container\"><div class=\"vc_column-inner\"><div class=\"wpb_wrapper\"><div class=\"w-tabs layout_hor style_default switch_click has_scrolling\" style=\"--sections-title-size:1em\"><div class=\"w-tabs-list items_2 align_none\"><div class=\"w-tabs-list-h\"><button class=\"w-tabs-item active with_icon\" aria-controls=\"content-mc0b\" aria-expanded=\"false\"><i class=\"fal fa-wrench\"><\/i><span class=\"w-tabs-item-title\">Technical specifications<\/span><\/button><button class=\"w-tabs-item with_icon\" aria-controls=\"content-hc5c\" aria-expanded=\"false\"><i class=\"fal fa-cogs\"><\/i><span class=\"w-tabs-item-title\">Accessories<\/span><\/button><\/div><\/div><div class=\"w-tabs-sections titles-align_none icon_chevron cpos_right\"><div class=\"w-tabs-section active\" id=\"mc0b\"><button class=\"w-tabs-section-header active with_icon\" aria-controls=\"content-mc0b\" aria-expanded=\"true\"><i class=\"fal fa-wrench\"><\/i><div class=\"w-tabs-section-title\">Technical specifications<\/div><div class=\"w-tabs-section-control\"><\/div><\/button><div  class=\"w-tabs-section-content\" id=\"content-mc0b\"><div class=\"w-tabs-section-content-h i-cf\"><div class=\"wpb_text_column\"><div class=\"wpb_wrapper\"><table style=\"width: 85.5019%; height: 360px;\">\n<tbody>\n<tr style=\"height: 56px;\">\n<td style=\"height: 56px; width: 47.5%;\">\n<p align=\"justify\">Model<\/p>\n<\/td>\n<td style=\"height: 56px; width: 111.25%;\">\n<p align=\"justify\">DB2000<\/p>\n<\/td>\n<\/tr>\n<tr style=\"height: 56px;\">\n<td style=\"height: 56px; width: 47.5%;\">\n<p align=\"justify\">Capacity<\/p>\n<\/td>\n<td style=\"height: 56px; width: 111.25%;\">\n<p align=\"justify\">38000 mAh<\/p>\n<\/td>\n<\/tr>\n<tr style=\"height: 56px;\">\n<td style=\"height: 56px; width: 47.5%;\">\n<p align=\"justify\">Cell Type<\/p>\n<\/td>\n<td style=\"height: 56px; width: 111.25%;\">\n<p align=\"justify\">14S1P ternary lithium<\/p>\n<\/td>\n<\/tr>\n<tr style=\"height: 56px;\">\n<td style=\"height: 56px; width: 47.5%;\">\n<p align=\"justify\">Energy<\/p>\n<\/td>\n<td style=\"height: 56px; width: 111.25%;\">\n<p align=\"justify\">1984.4 Wh<\/p>\n<\/td>\n<\/tr>\n<tr style=\"height: 56px;\">\n<td style=\"height: 56px; width: 47.5%;\">\n<p align=\"justify\">Weight<\/p>\n<\/td>\n<td style=\"height: 56px; width: 111.25%;\">\n<p align=\"justify\">Approx. 11,3 kg<\/p>\n<\/td>\n<\/tr>\n<tr style=\"height: 80px;\">\n<td style=\"height: 80px; width: 47.5%;\">\n<p style=\"text-align: left;\" align=\"justify\">Battery Installation Method<\/p>\n<\/td>\n<td style=\"height: 80px; width: 111.25%;\">\n<p style=\"text-align: left;\" align=\"justify\">Clip-on<\/p>\n<\/td>\n<\/tr>\n<tr>\n<td style=\"width: 47.5%;\">\n<p style=\"text-align: left;\" align=\"justify\">Dimensions<\/p>\n<\/td>\n<td style=\"width: 111.25%;\">\n<p style=\"text-align: left;\" align=\"justify\">316 mm long, 152 mm wide, 279 mm high<\/p>\n<\/td>\n<\/tr>\n<tr>\n<td style=\"width: 47.5%;\">\n<p style=\"text-align: left;\" align=\"justify\">Operating Temperature<\/p>\n<\/td>\n<td style=\"width: 111.25%;\">\n<p style=\"text-align: left;\" align=\"justify\">-20\u00b0C to 45\u00b0C<\/p>\n<\/td>\n<\/tr>\n<tr>\n<td style=\"width: 47.5%;\">\n<p style=\"text-align: left;\" align=\"justify\">Charging Parameters<\/p>\n<\/td>\n<td style=\"width: 111.25%;\">5 to 15\u00b0C: 1.0C<\/p>\n<p style=\"text-align: left;\" align=\"justify\">15 to 45\u00b0C: 2.5C<\/p>\n<\/td>\n<\/tr>\n<tr>\n<td style=\"width: 47.5%;\">\n<p style=\"text-align: left;\" align=\"justify\">Maximum Charging Power<\/p>\n<\/td>\n<td style=\"width: 111.25%;\">5700 W<\/td>\n<\/tr>\n<tr>\n<td style=\"width: 47.5%;\">\n<p style=\"text-align: left;\" align=\"justify\">Battery Self-heating<\/p>\n<\/td>\n<td style=\"width: 111.25%;\">Supported (When the battery temperature is lower than 10\u00b0C, long pressing the battery button or turning on the aircraft activates the self-heating function. When the battery temperature is lower than 20\u00b0C, connecting the battery to the charger activates the self-heating function. Charging in a low-temperature environment may shorten battery life)<\/td>\n<\/tr>\n<\/tbody>\n<\/table>\n<\/div><\/div><\/div><\/div><\/div><div class=\"w-tabs-section\" id=\"hc5c\"><button class=\"w-tabs-section-header with_icon\" aria-controls=\"content-hc5c\" aria-expanded=\"false\"><i class=\"fal fa-cogs\"><\/i><div class=\"w-tabs-section-title\">Accessories<\/div><div class=\"w-tabs-section-control\"><\/div><\/button><div  class=\"w-tabs-section-content\" id=\"content-hc5c\"><div class=\"w-tabs-section-content-h i-cf\"><div class=\"w-grid us_custom_88717ab1 type_grid layout_461 hidden cols_3\" id=\"us_grid_1\" style=\"--gap:1.5rem;\" data-filterable=\"true\"><style>@media (max-width:1024px){#us_grid_1 .w-grid-item{width:50%}}@media (max-width:600px){#us_grid_1 .w-grid-list{margin:0}#us_grid_1 .w-grid-item{width:100%;padding:0;margin-bottom:var(--gap,0px)}}.layout_461 .w-grid-item-h{background:var(--color-content-bg);color:var(--color-content-text);border-radius:0.3rem}.layout_461 .usg_post_image_1{transition-duration:0.3s;transform-origin:50% 50%;transform:scale(1) translate(0%,0%)}.layout_461 .w-grid-item-h:hover .usg_post_image_1{transform:scale(1.05) translate(0%,0%);opacity:1}.layout_461 .usg_vwrapper_1{padding-right:10px!important;padding-top:10px!important;padding-left:10px!important}.layout_461 .usg_product_field_1{font-size:12px!important;font-weight:500!important;text-transform:uppercase!important;padding-left:0.8rem!important;padding-right:0.8rem!important;border-radius:0.3em!important;position:absolute!important;left:10px!important;top:10px!important;background:#e8e8e8!important}.layout_461 .usg_post_title_1{color:inherit!important;font-size:1.4rem!important;height:80px!important;margin-bottom:0.4rem!important}.layout_461 .usg_product_field_2{margin-bottom:0.2rem!important}.layout_461 .usg_vwrapper_2{border-top-width:1px!important;border-color:#f5f5f5!important;border-top-style:solid!important;padding:15px!important}.layout_461 .usg_hwrapper_1{margin-top:15px!important;padding-top:15px!important;border-top-width:1px!important;border-color:#f5f5f5!important;border-top-style:solid!important}.layout_461 .usg_text_1{font-size:12px!important}@media (min-width:1025px) and (max-width:1850px){.layout_461 .usg_post_title_1{height:80px!important}.layout_461 .usg_vwrapper_2{padding:15px!important}}@media (min-width:601px) and (max-width:1024px){.layout_461 .usg_post_title_1{height:80px!important}.layout_461 .usg_vwrapper_2{padding:15px!important}}@media (max-width:600px){.layout_461 .usg_post_title_1{height:40px!important}.layout_461 .usg_vwrapper_2{padding:15px 5px 15px 5px!important}}<\/style><div class=\"w-grid-list\"><\/div><div class=\"w-grid-preloader\"><div class=\"g-preloader type_1\">\r\n\t<div><\/div>\r\n<\/div>\r\n<\/div>\t<div class=\"w-grid-json hidden\" onclick='return {&quot;action&quot;:&quot;us_ajax_grid&quot;,&quot;ajax_url&quot;:&quot;https:\\\/\\\/visimind.store\\\/wp-admin\\\/admin-ajax.php&quot;,&quot;infinite_scroll&quot;:0,&quot;max_num_pages&quot;:0,&quot;pagination&quot;:&quot;none&quot;,&quot;permalink_url&quot;:&quot;https:\\\/\\\/visimind.store\\\/en\\\/wp-json\\\/wp\\\/v2\\\/product\\\/925\\\/&quot;,&quot;template_vars&quot;:{&quot;columns&quot;:&quot;3&quot;,&quot;exclude_items&quot;:&quot;none&quot;,&quot;img_size&quot;:&quot;woocommerce_thumbnail&quot;,&quot;ignore_items_size&quot;:0,&quot;items_layout&quot;:&quot;461&quot;,&quot;items_offset&quot;:&quot;1&quot;,&quot;load_animation&quot;:&quot;none&quot;,&quot;overriding_link&quot;:&quot;%7B%22url%22%3A%22%22%7D&quot;,&quot;post_id&quot;:0,&quot;query_args&quot;:{&quot;post_type&quot;:[&quot;product&quot;],&quot;tax_query&quot;:[{&quot;taxonomy&quot;:&quot;product_cat&quot;,&quot;field&quot;:&quot;slug&quot;,&quot;terms&quot;:[&quot;drones-en&quot;]},{&quot;taxonomy&quot;:&quot;product_visibility&quot;,&quot;field&quot;:&quot;slug&quot;,&quot;terms&quot;:[&quot;exclude-from-catalog&quot;],&quot;operator&quot;:&quot;NOT IN&quot;}],&quot;post_status&quot;:[&quot;publish&quot;],&quot;meta_query&quot;:[],&quot;posts_per_page&quot;:&quot;3&quot;},&quot;orderby_query_args&quot;:{&quot;orderby&quot;:&quot;RAND(20390320)&quot;},&quot;type&quot;:&quot;grid&quot;,&quot;us_grid_ajax_index&quot;:1,&quot;us_grid_filter_params&quot;:null,&quot;us_grid_index&quot;:1,&quot;_us_grid_post_type&quot;:&quot;product&quot;,&quot;page_args&quot;:[],&quot;lang&quot;:&quot;en&quot;}}'><\/div>\r\n\t<\/div><div class=\"w-grid-none type_message\">No results found.<\/div><\/div><\/div><\/div><\/div><\/div><\/div><\/div><\/div><\/div><\/div><\/section>\n","protected":false},"excerpt":{"rendered":"<p>The DJI DB2000 intelligent battery is characterized by high energy density, fast charging and discharging process and a capacity of up to 38,000 mAh. Thanks to the self-heating function and the possibility of hot-swapping batteries, Flycart 30 gets back to work in no time.<\/p>\n<p><strong>Set contents:<\/strong><\/p>\n<p>Intelligent Battery DJI DB2000<\/p>\n","protected":false},"featured_media":923,"comment_status":"open","ping_status":"closed","template":"","meta":[],"product_cat":[251],"product_tag":[],"yoast_head":"<!-- This site is optimized with the Yoast SEO Premium plugin v22.9 (Yoast SEO v22.9) - https:\/\/yoast.com\/wordpress\/plugins\/seo\/ -->\n<title>DJI FlyCart 30 DB2000 Battery &#8211; Visimind<\/title>\n<meta name=\"robots\" content=\"index, follow, max-snippet:-1, max-image-preview:large, max-video-preview:-1\" \/>\n<link rel=\"canonical\" href=\"https:\/\/visimind.store\/en\/produkt\/dji-flycart-30-db2000-battery\/\" \/>\n<meta property=\"og:locale\" content=\"en_US\" \/>\n<meta property=\"og:type\" content=\"article\" \/>\n<meta property=\"og:title\" content=\"DJI FlyCart 30 DB2000 Battery\" \/>\n<meta property=\"og:description\" content=\"The DJI DB2000 intelligent battery is characterized by high energy density, fast charging and discharging process and a capacity of up to 38,000 mAh. Thanks to the self-heating function and the possibility of hot-swapping batteries, Flycart 30 gets back to work in no time.  Set contents:  Intelligent Battery DJI DB2000\" \/>\n<meta property=\"og:url\" content=\"https:\/\/visimind.store\/en\/produkt\/dji-flycart-30-db2000-battery\/\" \/>\n<meta property=\"og:site_name\" content=\"Visimind\" \/>\n<meta property=\"article:publisher\" content=\"https:\/\/www.facebook.com\/visimind\/?locale=pl_PL\" \/>\n<meta property=\"article:modified_time\" content=\"2024-06-28T12:44:37+00:00\" \/>\n<meta property=\"og:image\" content=\"https:\/\/visimind.store\/wp-content\/uploads\/2024\/04\/pol_pl_Akumulator-DJI-FlyCart-30-DB2000-37327_1.jpg\" \/>\n\t<meta property=\"og:image:width\" content=\"800\" \/>\n\t<meta property=\"og:image:height\" content=\"800\" \/>\n\t<meta property=\"og:image:type\" content=\"image\/jpeg\" \/>\n<script type=\"application\/ld+json\" class=\"yoast-schema-graph\">{\"@context\":\"https:\/\/schema.org\",\"@graph\":[{\"@type\":\"WebPage\",\"@id\":\"https:\/\/visimind.store\/en\/produkt\/dji-flycart-30-db2000-battery\/\",\"url\":\"https:\/\/visimind.store\/en\/produkt\/dji-flycart-30-db2000-battery\/\",\"name\":\"DJI FlyCart 30 DB2000 Battery &#8211; Visimind\",\"isPartOf\":{\"@id\":\"https:\/\/visimind.store\/en\/#website\"},\"primaryImageOfPage\":{\"@id\":\"https:\/\/visimind.store\/en\/produkt\/dji-flycart-30-db2000-battery\/#primaryimage\"},\"image\":{\"@id\":\"https:\/\/visimind.store\/en\/produkt\/dji-flycart-30-db2000-battery\/#primaryimage\"},\"thumbnailUrl\":\"https:\/\/visimind.store\/wp-content\/uploads\/2024\/04\/pol_pl_Akumulator-DJI-FlyCart-30-DB2000-37327_1.jpg\",\"datePublished\":\"2024-04-15T05:44:16+00:00\",\"dateModified\":\"2024-06-28T12:44:37+00:00\",\"breadcrumb\":{\"@id\":\"https:\/\/visimind.store\/en\/produkt\/dji-flycart-30-db2000-battery\/#breadcrumb\"},\"inLanguage\":\"en-US\",\"potentialAction\":[{\"@type\":\"ReadAction\",\"target\":[\"https:\/\/visimind.store\/en\/produkt\/dji-flycart-30-db2000-battery\/\"]}]},{\"@type\":\"ImageObject\",\"inLanguage\":\"en-US\",\"@id\":\"https:\/\/visimind.store\/en\/produkt\/dji-flycart-30-db2000-battery\/#primaryimage\",\"url\":\"https:\/\/visimind.store\/wp-content\/uploads\/2024\/04\/pol_pl_Akumulator-DJI-FlyCart-30-DB2000-37327_1.jpg\",\"contentUrl\":\"https:\/\/visimind.store\/wp-content\/uploads\/2024\/04\/pol_pl_Akumulator-DJI-FlyCart-30-DB2000-37327_1.jpg\",\"width\":800,\"height\":800},{\"@type\":\"BreadcrumbList\",\"@id\":\"https:\/\/visimind.store\/en\/produkt\/dji-flycart-30-db2000-battery\/#breadcrumb\",\"itemListElement\":[{\"@type\":\"ListItem\",\"position\":1,\"name\":\"Home\",\"item\":\"https:\/\/visimind.store\/en\/\"},{\"@type\":\"ListItem\",\"position\":2,\"name\":\"Products\",\"item\":\"https:\/\/visimind.store\/en\/shop\/\"},{\"@type\":\"ListItem\",\"position\":3,\"name\":\"DJI FlyCart 30 DB2000 Battery\"}]},{\"@type\":\"WebSite\",\"@id\":\"https:\/\/visimind.store\/en\/#website\",\"url\":\"https:\/\/visimind.store\/en\/\",\"name\":\"Visimind\",\"description\":\"GET THE PICTURE\",\"publisher\":{\"@id\":\"https:\/\/visimind.store\/en\/#organization\"},\"alternateName\":\"vm\",\"potentialAction\":[{\"@type\":\"SearchAction\",\"target\":{\"@type\":\"EntryPoint\",\"urlTemplate\":\"https:\/\/visimind.store\/en\/?s={search_term_string}\"},\"query-input\":\"required name=search_term_string\"}],\"inLanguage\":\"en-US\"},{\"@type\":\"Organization\",\"@id\":\"https:\/\/visimind.store\/en\/#organization\",\"name\":\"Visimind Ltd Sp. z o.o.\",\"alternateName\":\"vm\",\"url\":\"https:\/\/visimind.store\/en\/\",\"logo\":{\"@type\":\"ImageObject\",\"inLanguage\":\"en-US\",\"@id\":\"https:\/\/visimind.store\/en\/#\/schema\/logo\/image\/\",\"url\":\"https:\/\/visimind.store\/wp-content\/uploads\/2024\/06\/VISIMIND-LOGO.png\",\"contentUrl\":\"https:\/\/visimind.store\/wp-content\/uploads\/2024\/06\/VISIMIND-LOGO.png\",\"width\":707,\"height\":214,\"caption\":\"Visimind Ltd Sp. z o.o.\"},\"image\":{\"@id\":\"https:\/\/visimind.store\/en\/#\/schema\/logo\/image\/\"},\"sameAs\":[\"https:\/\/www.facebook.com\/visimind\/?locale=pl_PL\",\"https:\/\/www.linkedin.com\/company\/visimind-ab\"],\"description\":\"Visimind to mi\u0119dzynarodowa firma specjalizuj\u0105ca si\u0119 w zaawansowanych technologiach geoinformatycznych, fotogrametrii i zdalnego pozyskiwania danych. Organizacja dostarcza kompleksowe rozwi\u0105zania oparte na skaningu laserowym, zdj\u0119ciach lotniczych i mobilnych, danych LiDAR oraz analizach przestrzennych. Dzi\u0119ki wykorzystaniu nowoczesnych platform pomiarowych \u2013 w tym samolot\u00f3w, helikopter\u00f3w, pojazd\u00f3w mobilnych oraz system\u00f3w bezza\u0142ogowych \u2013 Visimind wspiera klient\u00f3w w precyzyjnym mapowaniu infrastruktury, monitoringu sieci i analizach technicznych. Firma dzia\u0142a w wielu krajach Europy, wsp\u00f3\u0142pracuj\u0105c z bran\u017cami energetyczn\u0105, gazownicz\u0105, kolejow\u0105, drogow\u0105, komunaln\u0105 oraz administracj\u0105 publiczn\u0105. Jej us\u0142ugi skupiaj\u0105 si\u0119 na dostarczaniu wysokiej jako\u015bci danych przestrzennych, tworzeniu cyfrowych modeli terenu oraz wdra\u017caniu system\u00f3w wspieraj\u0105cych zarz\u0105dzanie infrastruktur\u0105. Visimind \u0142\u0105czy wieloletnie do\u015bwiadczenie z innowacyjnymi technologiami, zapewniaj\u0105c klientom precyzyjne, rzetelne i skalowalne rozwi\u0105zania geoinformatyczne.\",\"email\":\"sklep@visimind.pl\",\"telephone\":\"89 541 04 52\",\"legalName\":\"VISIMIND LTD SP\u00d3\u0141KA Z OGRANICZON\u0104 ODPOWIEDZIALNO\u015aCI\u0104\",\"foundingDate\":\"2002-12-24\",\"numberOfEmployees\":{\"@type\":\"QuantitativeValue\",\"minValue\":\"51\",\"maxValue\":\"200\"},\"publishingPrinciples\":\"https:\/\/visimind.store\/visimind\/sklep\/\"}]}<\/script>\n<!-- \/ Yoast SEO Premium plugin. -->","yoast_head_json":{"title":"DJI FlyCart 30 DB2000 Battery &#8211; Visimind","robots":{"index":"index","follow":"follow","max-snippet":"max-snippet:-1","max-image-preview":"max-image-preview:large","max-video-preview":"max-video-preview:-1"},"canonical":"https:\/\/visimind.store\/en\/produkt\/dji-flycart-30-db2000-battery\/","og_locale":"en_US","og_type":"article","og_title":"DJI FlyCart 30 DB2000 Battery","og_description":"The DJI DB2000 intelligent battery is characterized by high energy density, fast charging and discharging process and a capacity of up to 38,000 mAh. Thanks to the self-heating function and the possibility of hot-swapping batteries, Flycart 30 gets back to work in no time.  Set contents:  Intelligent Battery DJI DB2000","og_url":"https:\/\/visimind.store\/en\/produkt\/dji-flycart-30-db2000-battery\/","og_site_name":"Visimind","article_publisher":"https:\/\/www.facebook.com\/visimind\/?locale=pl_PL","article_modified_time":"2024-06-28T12:44:37+00:00","og_image":[{"width":800,"height":800,"url":"https:\/\/visimind.store\/wp-content\/uploads\/2024\/04\/pol_pl_Akumulator-DJI-FlyCart-30-DB2000-37327_1.jpg","type":"image\/jpeg"}],"schema":{"@context":"https:\/\/schema.org","@graph":[{"@type":"WebPage","@id":"https:\/\/visimind.store\/en\/produkt\/dji-flycart-30-db2000-battery\/","url":"https:\/\/visimind.store\/en\/produkt\/dji-flycart-30-db2000-battery\/","name":"DJI FlyCart 30 DB2000 Battery &#8211; Visimind","isPartOf":{"@id":"https:\/\/visimind.store\/en\/#website"},"primaryImageOfPage":{"@id":"https:\/\/visimind.store\/en\/produkt\/dji-flycart-30-db2000-battery\/#primaryimage"},"image":{"@id":"https:\/\/visimind.store\/en\/produkt\/dji-flycart-30-db2000-battery\/#primaryimage"},"thumbnailUrl":"https:\/\/visimind.store\/wp-content\/uploads\/2024\/04\/pol_pl_Akumulator-DJI-FlyCart-30-DB2000-37327_1.jpg","datePublished":"2024-04-15T05:44:16+00:00","dateModified":"2024-06-28T12:44:37+00:00","breadcrumb":{"@id":"https:\/\/visimind.store\/en\/produkt\/dji-flycart-30-db2000-battery\/#breadcrumb"},"inLanguage":"en-US","potentialAction":[{"@type":"ReadAction","target":["https:\/\/visimind.store\/en\/produkt\/dji-flycart-30-db2000-battery\/"]}]},{"@type":"ImageObject","inLanguage":"en-US","@id":"https:\/\/visimind.store\/en\/produkt\/dji-flycart-30-db2000-battery\/#primaryimage","url":"https:\/\/visimind.store\/wp-content\/uploads\/2024\/04\/pol_pl_Akumulator-DJI-FlyCart-30-DB2000-37327_1.jpg","contentUrl":"https:\/\/visimind.store\/wp-content\/uploads\/2024\/04\/pol_pl_Akumulator-DJI-FlyCart-30-DB2000-37327_1.jpg","width":800,"height":800},{"@type":"BreadcrumbList","@id":"https:\/\/visimind.store\/en\/produkt\/dji-flycart-30-db2000-battery\/#breadcrumb","itemListElement":[{"@type":"ListItem","position":1,"name":"Home","item":"https:\/\/visimind.store\/en\/"},{"@type":"ListItem","position":2,"name":"Products","item":"https:\/\/visimind.store\/en\/shop\/"},{"@type":"ListItem","position":3,"name":"DJI FlyCart 30 DB2000 Battery"}]},{"@type":"WebSite","@id":"https:\/\/visimind.store\/en\/#website","url":"https:\/\/visimind.store\/en\/","name":"Visimind","description":"GET THE PICTURE","publisher":{"@id":"https:\/\/visimind.store\/en\/#organization"},"alternateName":"vm","potentialAction":[{"@type":"SearchAction","target":{"@type":"EntryPoint","urlTemplate":"https:\/\/visimind.store\/en\/?s={search_term_string}"},"query-input":"required name=search_term_string"}],"inLanguage":"en-US"},{"@type":"Organization","@id":"https:\/\/visimind.store\/en\/#organization","name":"Visimind Ltd Sp. z o.o.","alternateName":"vm","url":"https:\/\/visimind.store\/en\/","logo":{"@type":"ImageObject","inLanguage":"en-US","@id":"https:\/\/visimind.store\/en\/#\/schema\/logo\/image\/","url":"https:\/\/visimind.store\/wp-content\/uploads\/2024\/06\/VISIMIND-LOGO.png","contentUrl":"https:\/\/visimind.store\/wp-content\/uploads\/2024\/06\/VISIMIND-LOGO.png","width":707,"height":214,"caption":"Visimind Ltd Sp. z o.o."},"image":{"@id":"https:\/\/visimind.store\/en\/#\/schema\/logo\/image\/"},"sameAs":["https:\/\/www.facebook.com\/visimind\/?locale=pl_PL","https:\/\/www.linkedin.com\/company\/visimind-ab"],"description":"Visimind to mi\u0119dzynarodowa firma specjalizuj\u0105ca si\u0119 w zaawansowanych technologiach geoinformatycznych, fotogrametrii i zdalnego pozyskiwania danych. Organizacja dostarcza kompleksowe rozwi\u0105zania oparte na skaningu laserowym, zdj\u0119ciach lotniczych i mobilnych, danych LiDAR oraz analizach przestrzennych. Dzi\u0119ki wykorzystaniu nowoczesnych platform pomiarowych \u2013 w tym samolot\u00f3w, helikopter\u00f3w, pojazd\u00f3w mobilnych oraz system\u00f3w bezza\u0142ogowych \u2013 Visimind wspiera klient\u00f3w w precyzyjnym mapowaniu infrastruktury, monitoringu sieci i analizach technicznych. Firma dzia\u0142a w wielu krajach Europy, wsp\u00f3\u0142pracuj\u0105c z bran\u017cami energetyczn\u0105, gazownicz\u0105, kolejow\u0105, drogow\u0105, komunaln\u0105 oraz administracj\u0105 publiczn\u0105. Jej us\u0142ugi skupiaj\u0105 si\u0119 na dostarczaniu wysokiej jako\u015bci danych przestrzennych, tworzeniu cyfrowych modeli terenu oraz wdra\u017caniu system\u00f3w wspieraj\u0105cych zarz\u0105dzanie infrastruktur\u0105. Visimind \u0142\u0105czy wieloletnie do\u015bwiadczenie z innowacyjnymi technologiami, zapewniaj\u0105c klientom precyzyjne, rzetelne i skalowalne rozwi\u0105zania geoinformatyczne.","email":"sklep@visimind.pl","telephone":"89 541 04 52","legalName":"VISIMIND LTD SP\u00d3\u0141KA Z OGRANICZON\u0104 ODPOWIEDZIALNO\u015aCI\u0104","foundingDate":"2002-12-24","numberOfEmployees":{"@type":"QuantitativeValue","minValue":"51","maxValue":"200"},"publishingPrinciples":"https:\/\/visimind.store\/visimind\/sklep\/"}]}},"_links":{"self":[{"href":"https:\/\/visimind.store\/en\/wp-json\/wp\/v2\/product\/925"}],"collection":[{"href":"https:\/\/visimind.store\/en\/wp-json\/wp\/v2\/product"}],"about":[{"href":"https:\/\/visimind.store\/en\/wp-json\/wp\/v2\/types\/product"}],"replies":[{"embeddable":true,"href":"https:\/\/visimind.store\/en\/wp-json\/wp\/v2\/comments?post=925"}],"wp:featuredmedia":[{"embeddable":true,"href":"https:\/\/visimind.store\/en\/wp-json\/wp\/v2\/media\/923"}],"wp:attachment":[{"href":"https:\/\/visimind.store\/en\/wp-json\/wp\/v2\/media?parent=925"}],"wp:term":[{"taxonomy":"product_cat","embeddable":true,"href":"https:\/\/visimind.store\/en\/wp-json\/wp\/v2\/product_cat?post=925"},{"taxonomy":"product_tag","embeddable":true,"href":"https:\/\/visimind.store\/en\/wp-json\/wp\/v2\/product_tag?post=925"}],"curies":[{"name":"wp","href":"https:\/\/api.w.org\/{rel}","templated":true}]}}