{"id":2894,"date":"2024-05-17T14:07:20","date_gmt":"2024-05-17T12:07:20","guid":{"rendered":"https:\/\/visimind.store\/home-francais\/a-propos-de-lentreprise\/"},"modified":"2024-06-27T12:03:13","modified_gmt":"2024-06-27T10:03:13","slug":"a-propos-de-lentreprise","status":"publish","type":"page","link":"https:\/\/visimind.store\/fr\/home-francais\/a-propos-de-lentreprise\/","title":{"rendered":"A propos de l&rsquo;entreprise"},"content":{"rendered":"<section class=\"l-section wpb_row height_medium\"><div class=\"l-section-h i-cf\"><div class=\"g-cols vc_row via_flex valign_top type_default stacking_default\"><div class=\"vc_col-sm-2 wpb_column vc_column_container\"><div class=\"vc_column-inner\"><div class=\"wpb_wrapper\"><\/div><\/div><\/div><div class=\"vc_col-sm-8 wpb_column vc_column_container\"><div class=\"vc_column-inner\"><div class=\"wpb_wrapper\"><h2 class=\"w-text us_custom_2706f36b has_text_color\"><span class=\"w-text-h\"><span class=\"w-text-value\">A propos de nous<\/span><\/span><\/h2><div class=\"w-separator size_medium\"><\/div><h2 class=\"w-text us_custom_330d0822\"><span class=\"w-text-h\"><span class=\"w-text-value\">L&#039;histoire<\/span><\/span><\/h2><div class=\"wpb_text_column us_custom_845d8a28 has_text_color\"><div class=\"wpb_wrapper\"><p>Visimind est un groupe d&rsquo;entreprises d&rsquo;envergure internationale. Le si\u00e8ge du groupe est situ\u00e9 \u00e0 Stockholm, en Su\u00e8de. L&rsquo;entreprise a \u00e9t\u00e9 fond\u00e9e en 1997 dans le prolongement des recherches men\u00e9es \u00e0 l&rsquo;Acad\u00e9mie royale de technologie (KTH) de Stockholm. Les travaux de recherche se sont concentr\u00e9s sur la technologie MMT (Mobile Mapping Technology), les m\u00e9thodes de mesure automatique et les syst\u00e8mes d&rsquo;inventaire bas\u00e9s sur les SIG et l&rsquo;analyse num\u00e9rique des images num\u00e9riques. En 1998, le projet a re\u00e7u le prix du jeune auteur lors du symposium international de l&rsquo;ISPRS sur l&rsquo;imagerie en temps r\u00e9el et l&rsquo;analyse dynamique \u00e0 Hakodate, au Japon.<\/p>\n<\/div><\/div><div class=\"w-separator size_large\"><\/div><h2 class=\"w-text us_custom_330d0822\"><span class=\"w-text-h\"><span class=\"w-text-value\">Activit\u00e9s<\/span><\/span><\/h2><div class=\"wpb_text_column us_custom_8a839c75\"><div class=\"wpb_wrapper\"><p>Nos activit\u00e9s peuvent \u00eatre divis\u00e9es en trois branches principales :<\/p>\n<ul>\n<li>des services de cartographie et d&rsquo;inspection avec un syst\u00e8me d&rsquo;acquisition de donn\u00e9es exclusif<\/li>\n<li>la vente des produits finis de nos partenaires (LiDAR, INS, logiciels, syst\u00e8mes de surveillance)<\/li>\n<li>des services d&rsquo;int\u00e9gration pour les capteurs LiDAR et IMU modernes<\/li>\n<\/ul>\n<\/div><\/div><div class=\"w-separator size_large\"><\/div><h2 class=\"w-text us_custom_330d0822\"><span class=\"w-text-h\"><span class=\"w-text-value\">Services de cartographie en 3D<\/span><\/span><\/h2><div class=\"wpb_text_column us_custom_8a839c75\"><div class=\"wpb_wrapper\"><p>Depuis plus de vingt ans, Visimind est \u00e0 l&rsquo;avant-garde des solutions et technologies de pointe pour l&rsquo;acquisition et le traitement d&rsquo;images 2D et 3D et de nuages de points \u00e0 partir de LiDAR. Sp\u00e9cialis\u00e9s dans les technologies de photogramm\u00e9trie mobile et de t\u00e9l\u00e9d\u00e9tection utilisant des syst\u00e8mes de positionnement par satellite, nous fournissons des solutions compl\u00e8tes. Notre offre comprend des logiciels propri\u00e9taires pour la visualisation et l&rsquo;analyse de donn\u00e9es spatiales, compl\u00e9t\u00e9s par des serveurs et des postes de travail d\u00e9di\u00e9s. Gr\u00e2ce \u00e0 des capteurs LiDAR de pointe et \u00e0 une grande expertise, nous sommes sp\u00e9cialis\u00e9s dans la gestion d&rsquo;infrastructures techniques de mani\u00e8re professionnelle et s\u00fbre. Nos services comprennent la planification des investissements, la surveillance de l&rsquo;environnement, la mise en \u0153uvre de solutions de villes intelligentes bas\u00e9es sur l&rsquo;acquisition et l&rsquo;analyse de donn\u00e9es spatiales. Chez Visimind, nous sommes fiers d&rsquo;offrir des solutions personnalis\u00e9es \u00e0 nos clients, notamment gr\u00e2ce \u00e0 notre logiciel propri\u00e9taire et \u00e0 l&rsquo;int\u00e9gration transparente de diff\u00e9rentes solutions technologiques.<\/p>\n<\/div><\/div><div class=\"w-separator size_large\"><\/div><h2 class=\"w-text us_custom_330d0822\"><span class=\"w-text-h\"><span class=\"w-text-value\">Vente de capteurs et de drones<\/span><\/span><\/h2><div class=\"wpb_text_column us_custom_8a839c75\"><div class=\"wpb_wrapper\"><p>Depuis 2016, notre activit\u00e9 s&rsquo;est \u00e9largie \u00e0 la distribution de capteurs laser et d&rsquo;unit\u00e9s de navigation inertielle de pointe provenant de fabricants reconnus tels que Velodyne, Ouster, Seyond et OxTS. Nous fournissons \u00e9galement des plates-formes volantes sans pilote \u00e9quip\u00e9es de divers capteurs.<\/p>\n<p>Notre objectif est clair : devenir le premier fournisseur de technologie LiDAR en Europe.<\/p>\n<\/div><\/div><div class=\"w-separator size_large\"><\/div><h2 class=\"w-text us_custom_330d0822\"><span class=\"w-text-h\"><span class=\"w-text-value\">Services d&#039;int\u00e9gration pour les capteurs LiDAR modernes, IMU.<\/span><\/span><\/h2><div class=\"wpb_text_column us_custom_8a839c75\"><div class=\"wpb_wrapper\"><p>Nous ne nous contentons pas de vendre des capteurs pr\u00eats \u00e0 l&#8217;emploi, nos connaissances techniques approfondies et notre exp\u00e9rience nous permettent d&rsquo;offrir \u00e0 nos clients un service complet d&rsquo;int\u00e9gration des composants dans des syst\u00e8mes fonctionnels. Pour les int\u00e9grations mat\u00e9rielles pr\u00e9par\u00e9es, nous proposons toujours notre propre logiciel, qui permet d&rsquo;utiliser les syst\u00e8mes achet\u00e9s facilement et sans probl\u00e8me. Notre r\u00e9pertoire comprend des syst\u00e8mes de cartographie mobile \u00ab\u00a0pr\u00eats \u00e0 l&#8217;emploi\u00a0\u00bb, des appareils de mesure pour le d\u00e9broussaillage, des logiciels de type SIG et des syst\u00e8mes de cartographie mobile sur mesure int\u00e9gr\u00e9s \u00e0 diverses plates-formes. En outre, nous proposons des dispositifs de surveillance bas\u00e9s sur le LiDAR qui font partie int\u00e9grante des solutions SmartCity.<\/p>\n<\/div><\/div><div class=\"w-separator size_large\"><\/div><h2 class=\"w-text us_custom_330d0822\"><span class=\"w-text-h\"><span class=\"w-text-value\">Notre engagement<\/span><\/span><\/h2><div class=\"wpb_text_column us_custom_8a839c75\"><div class=\"wpb_wrapper\"><p>Nous voulons d\u00e9velopper et maintenir d&rsquo;excellentes relations \u00e0 long terme avec nos clients. Nous nous effor\u00e7ons d&rsquo;assurer et de maintenir le plus haut niveau de qualit\u00e9 et de satisfaction du client dans toutes nos activit\u00e9s et tous nos produits, gr\u00e2ce \u00e0 un processus d&rsquo;am\u00e9lioration continue.<\/p>\n<\/div><\/div><div class=\"w-separator size_large\"><\/div><h2 class=\"w-text us_custom_330d0822\"><span class=\"w-text-h\"><span class=\"w-text-value\">Notre devise &#8211; &quot;Prenez la mesure de la situation&quot;<\/span><\/span><\/h2><div class=\"wpb_text_column us_custom_8a839c75\"><div class=\"wpb_wrapper\"><p>Nous vous aidons \u00e0 comprendre tous les processus qui affectent la r\u00e9alit\u00e9, en analysant, en interpr\u00e9tant et en pr\u00e9sentant les donn\u00e9es et les ph\u00e9nom\u00e8nes d&rsquo;une mani\u00e8re accessible et claire. Nous aidons nos clients \u00e0 prendre des d\u00e9cisions \u00e9clair\u00e9es, fond\u00e9es sur des connaissances solides et une analyse factuelle.<\/p>\n<\/div><\/div><div class=\"w-separator size_medium\"><\/div><div class=\"wpb_text_column us_custom_1187d63f\"><div class=\"wpb_wrapper\"><p>N&rsquo;h\u00e9sitez pas \u00e0 nous contacter si vous avez besoin de l&rsquo;un de nos services &#8211; nous pr\u00e9parerons une offre adapt\u00e9e \u00e0 votre entreprise.<\/p>\n<\/div><\/div><div class=\"w-separator size_medium\"><\/div><div class=\"w-btn-wrapper align_none\"><a class=\"w-btn us-btn-style_10 us_custom_35804391\" href=\"https:\/\/visimind.store\/fr\/home-francais\/formulaire\/\"><span class=\"w-btn-label\">Prenez contact avec nous<\/span><\/a><\/div><\/div><\/div><\/div><div class=\"vc_col-sm-2 wpb_column vc_column_container\"><div class=\"vc_column-inner\"><div class=\"wpb_wrapper\"><\/div><\/div><\/div><\/div><\/div><\/section>\n","protected":false},"excerpt":{"rendered":"A propos de nousL&#039;histoireVisimind est un groupe d&rsquo;entreprises d&rsquo;envergure internationale. Le si\u00e8ge du groupe est situ\u00e9 \u00e0 Stockholm, en Su\u00e8de. L&rsquo;entreprise a \u00e9t\u00e9 fond\u00e9e en 1997 dans le prolongement des recherches men\u00e9es \u00e0 l&rsquo;Acad\u00e9mie royale de technologie (KTH) de Stockholm. Les travaux de recherche se sont concentr\u00e9s sur la technologie MMT (Mobile Mapping Technology), les...","protected":false},"author":6,"featured_media":0,"parent":25,"menu_order":0,"comment_status":"closed","ping_status":"closed","template":"","meta":{"footnotes":""},"yoast_head":"<!-- This site is optimized with the Yoast SEO Premium plugin v22.9 (Yoast SEO v22.9) - https:\/\/yoast.com\/wordpress\/plugins\/seo\/ -->\n<title>A propos de l&#039;entreprise &#8211; Visimind<\/title>\n<meta name=\"robots\" content=\"index, follow, max-snippet:-1, max-image-preview:large, max-video-preview:-1\" \/>\n<link rel=\"canonical\" href=\"https:\/\/visimind.store\/fr\/home-francais\/a-propos-de-lentreprise\/\" \/>\n<meta property=\"og:locale\" content=\"fr_FR\" \/>\n<meta property=\"og:type\" content=\"article\" \/>\n<meta property=\"og:title\" content=\"A propos de l&#039;entreprise\" \/>\n<meta property=\"og:url\" content=\"https:\/\/visimind.store\/fr\/home-francais\/a-propos-de-lentreprise\/\" \/>\n<meta property=\"og:site_name\" content=\"Visimind\" \/>\n<meta property=\"article:publisher\" content=\"https:\/\/www.facebook.com\/visimind\/?locale=pl_PL\" \/>\n<meta property=\"article:modified_time\" content=\"2024-06-27T10:03:13+00:00\" \/>\n<meta property=\"og:image\" content=\"https:\/\/visimind.store\/wp-content\/uploads\/2024\/06\/VISIMIND-LOGO.png\" \/>\n\t<meta property=\"og:image:width\" content=\"707\" \/>\n\t<meta property=\"og:image:height\" content=\"214\" \/>\n\t<meta property=\"og:image:type\" content=\"image\/png\" \/>\n<script type=\"application\/ld+json\" class=\"yoast-schema-graph\">{\"@context\":\"https:\/\/schema.org\",\"@graph\":[{\"@type\":\"WebPage\",\"@id\":\"https:\/\/visimind.store\/fr\/home-francais\/a-propos-de-lentreprise\/\",\"url\":\"https:\/\/visimind.store\/fr\/home-francais\/a-propos-de-lentreprise\/\",\"name\":\"A propos de l'entreprise &#8211; Visimind\",\"isPartOf\":{\"@id\":\"https:\/\/visimind.store\/fr\/#website\"},\"datePublished\":\"2024-05-17T12:07:20+00:00\",\"dateModified\":\"2024-06-27T10:03:13+00:00\",\"breadcrumb\":{\"@id\":\"https:\/\/visimind.store\/fr\/home-francais\/a-propos-de-lentreprise\/#breadcrumb\"},\"inLanguage\":\"fr-FR\",\"potentialAction\":[{\"@type\":\"ReadAction\",\"target\":[\"https:\/\/visimind.store\/fr\/home-francais\/a-propos-de-lentreprise\/\"]}]},{\"@type\":\"BreadcrumbList\",\"@id\":\"https:\/\/visimind.store\/fr\/home-francais\/a-propos-de-lentreprise\/#breadcrumb\",\"itemListElement\":[{\"@type\":\"ListItem\",\"position\":1,\"name\":\"Home\",\"item\":\"https:\/\/visimind.store\/fr\/\"},{\"@type\":\"ListItem\",\"position\":2,\"name\":\"Accueil\",\"item\":\"https:\/\/visimind.store\/fr\/\"},{\"@type\":\"ListItem\",\"position\":3,\"name\":\"A propos de l&rsquo;entreprise\"}]},{\"@type\":\"WebSite\",\"@id\":\"https:\/\/visimind.store\/fr\/#website\",\"url\":\"https:\/\/visimind.store\/fr\/\",\"name\":\"Visimind\",\"description\":\"GET THE PICTURE\",\"publisher\":{\"@id\":\"https:\/\/visimind.store\/fr\/#organization\"},\"alternateName\":\"vm\",\"potentialAction\":[{\"@type\":\"SearchAction\",\"target\":{\"@type\":\"EntryPoint\",\"urlTemplate\":\"https:\/\/visimind.store\/fr\/?s={search_term_string}\"},\"query-input\":\"required name=search_term_string\"}],\"inLanguage\":\"fr-FR\"},{\"@type\":\"Organization\",\"@id\":\"https:\/\/visimind.store\/fr\/#organization\",\"name\":\"Visimind Ltd Sp. z o.o.\",\"alternateName\":\"vm\",\"url\":\"https:\/\/visimind.store\/fr\/\",\"logo\":{\"@type\":\"ImageObject\",\"inLanguage\":\"fr-FR\",\"@id\":\"https:\/\/visimind.store\/fr\/#\/schema\/logo\/image\/\",\"url\":\"https:\/\/visimind.store\/wp-content\/uploads\/2024\/06\/VISIMIND-LOGO.png\",\"contentUrl\":\"https:\/\/visimind.store\/wp-content\/uploads\/2024\/06\/VISIMIND-LOGO.png\",\"width\":707,\"height\":214,\"caption\":\"Visimind Ltd Sp. z o.o.\"},\"image\":{\"@id\":\"https:\/\/visimind.store\/fr\/#\/schema\/logo\/image\/\"},\"sameAs\":[\"https:\/\/www.facebook.com\/visimind\/?locale=pl_PL\",\"https:\/\/www.linkedin.com\/company\/visimind-ab\"],\"description\":\"Visimind to mi\u0119dzynarodowa firma specjalizuj\u0105ca si\u0119 w zaawansowanych technologiach geoinformatycznych, fotogrametrii i zdalnego pozyskiwania danych. Organizacja dostarcza kompleksowe rozwi\u0105zania oparte na skaningu laserowym, zdj\u0119ciach lotniczych i mobilnych, danych LiDAR oraz analizach przestrzennych. Dzi\u0119ki wykorzystaniu nowoczesnych platform pomiarowych \u2013 w tym samolot\u00f3w, helikopter\u00f3w, pojazd\u00f3w mobilnych oraz system\u00f3w bezza\u0142ogowych \u2013 Visimind wspiera klient\u00f3w w precyzyjnym mapowaniu infrastruktury, monitoringu sieci i analizach technicznych. Firma dzia\u0142a w wielu krajach Europy, wsp\u00f3\u0142pracuj\u0105c z bran\u017cami energetyczn\u0105, gazownicz\u0105, kolejow\u0105, drogow\u0105, komunaln\u0105 oraz administracj\u0105 publiczn\u0105. Jej us\u0142ugi skupiaj\u0105 si\u0119 na dostarczaniu wysokiej jako\u015bci danych przestrzennych, tworzeniu cyfrowych modeli terenu oraz wdra\u017caniu system\u00f3w wspieraj\u0105cych zarz\u0105dzanie infrastruktur\u0105. Visimind \u0142\u0105czy wieloletnie do\u015bwiadczenie z innowacyjnymi technologiami, zapewniaj\u0105c klientom precyzyjne, rzetelne i skalowalne rozwi\u0105zania geoinformatyczne.\",\"email\":\"sklep@visimind.pl\",\"telephone\":\"89 541 04 52\",\"legalName\":\"VISIMIND LTD SP\u00d3\u0141KA Z OGRANICZON\u0104 ODPOWIEDZIALNO\u015aCI\u0104\",\"foundingDate\":\"2002-12-24\",\"numberOfEmployees\":{\"@type\":\"QuantitativeValue\",\"minValue\":\"51\",\"maxValue\":\"200\"},\"publishingPrinciples\":\"https:\/\/visimind.store\/visimind\/sklep\/\"}]}<\/script>\n<!-- \/ Yoast SEO Premium plugin. -->","yoast_head_json":{"title":"A propos de l'entreprise &#8211; Visimind","robots":{"index":"index","follow":"follow","max-snippet":"max-snippet:-1","max-image-preview":"max-image-preview:large","max-video-preview":"max-video-preview:-1"},"canonical":"https:\/\/visimind.store\/fr\/home-francais\/a-propos-de-lentreprise\/","og_locale":"fr_FR","og_type":"article","og_title":"A propos de l'entreprise","og_url":"https:\/\/visimind.store\/fr\/home-francais\/a-propos-de-lentreprise\/","og_site_name":"Visimind","article_publisher":"https:\/\/www.facebook.com\/visimind\/?locale=pl_PL","article_modified_time":"2024-06-27T10:03:13+00:00","og_image":[{"width":707,"height":214,"url":"https:\/\/visimind.store\/wp-content\/uploads\/2024\/06\/VISIMIND-LOGO.png","type":"image\/png"}],"schema":{"@context":"https:\/\/schema.org","@graph":[{"@type":"WebPage","@id":"https:\/\/visimind.store\/fr\/home-francais\/a-propos-de-lentreprise\/","url":"https:\/\/visimind.store\/fr\/home-francais\/a-propos-de-lentreprise\/","name":"A propos de l'entreprise &#8211; Visimind","isPartOf":{"@id":"https:\/\/visimind.store\/fr\/#website"},"datePublished":"2024-05-17T12:07:20+00:00","dateModified":"2024-06-27T10:03:13+00:00","breadcrumb":{"@id":"https:\/\/visimind.store\/fr\/home-francais\/a-propos-de-lentreprise\/#breadcrumb"},"inLanguage":"fr-FR","potentialAction":[{"@type":"ReadAction","target":["https:\/\/visimind.store\/fr\/home-francais\/a-propos-de-lentreprise\/"]}]},{"@type":"BreadcrumbList","@id":"https:\/\/visimind.store\/fr\/home-francais\/a-propos-de-lentreprise\/#breadcrumb","itemListElement":[{"@type":"ListItem","position":1,"name":"Home","item":"https:\/\/visimind.store\/fr\/"},{"@type":"ListItem","position":2,"name":"Accueil","item":"https:\/\/visimind.store\/fr\/"},{"@type":"ListItem","position":3,"name":"A propos de l&rsquo;entreprise"}]},{"@type":"WebSite","@id":"https:\/\/visimind.store\/fr\/#website","url":"https:\/\/visimind.store\/fr\/","name":"Visimind","description":"GET THE PICTURE","publisher":{"@id":"https:\/\/visimind.store\/fr\/#organization"},"alternateName":"vm","potentialAction":[{"@type":"SearchAction","target":{"@type":"EntryPoint","urlTemplate":"https:\/\/visimind.store\/fr\/?s={search_term_string}"},"query-input":"required name=search_term_string"}],"inLanguage":"fr-FR"},{"@type":"Organization","@id":"https:\/\/visimind.store\/fr\/#organization","name":"Visimind Ltd Sp. z o.o.","alternateName":"vm","url":"https:\/\/visimind.store\/fr\/","logo":{"@type":"ImageObject","inLanguage":"fr-FR","@id":"https:\/\/visimind.store\/fr\/#\/schema\/logo\/image\/","url":"https:\/\/visimind.store\/wp-content\/uploads\/2024\/06\/VISIMIND-LOGO.png","contentUrl":"https:\/\/visimind.store\/wp-content\/uploads\/2024\/06\/VISIMIND-LOGO.png","width":707,"height":214,"caption":"Visimind Ltd Sp. z o.o."},"image":{"@id":"https:\/\/visimind.store\/fr\/#\/schema\/logo\/image\/"},"sameAs":["https:\/\/www.facebook.com\/visimind\/?locale=pl_PL","https:\/\/www.linkedin.com\/company\/visimind-ab"],"description":"Visimind to mi\u0119dzynarodowa firma specjalizuj\u0105ca si\u0119 w zaawansowanych technologiach geoinformatycznych, fotogrametrii i zdalnego pozyskiwania danych. Organizacja dostarcza kompleksowe rozwi\u0105zania oparte na skaningu laserowym, zdj\u0119ciach lotniczych i mobilnych, danych LiDAR oraz analizach przestrzennych. Dzi\u0119ki wykorzystaniu nowoczesnych platform pomiarowych \u2013 w tym samolot\u00f3w, helikopter\u00f3w, pojazd\u00f3w mobilnych oraz system\u00f3w bezza\u0142ogowych \u2013 Visimind wspiera klient\u00f3w w precyzyjnym mapowaniu infrastruktury, monitoringu sieci i analizach technicznych. Firma dzia\u0142a w wielu krajach Europy, wsp\u00f3\u0142pracuj\u0105c z bran\u017cami energetyczn\u0105, gazownicz\u0105, kolejow\u0105, drogow\u0105, komunaln\u0105 oraz administracj\u0105 publiczn\u0105. Jej us\u0142ugi skupiaj\u0105 si\u0119 na dostarczaniu wysokiej jako\u015bci danych przestrzennych, tworzeniu cyfrowych modeli terenu oraz wdra\u017caniu system\u00f3w wspieraj\u0105cych zarz\u0105dzanie infrastruktur\u0105. Visimind \u0142\u0105czy wieloletnie do\u015bwiadczenie z innowacyjnymi technologiami, zapewniaj\u0105c klientom precyzyjne, rzetelne i skalowalne rozwi\u0105zania geoinformatyczne.","email":"sklep@visimind.pl","telephone":"89 541 04 52","legalName":"VISIMIND LTD SP\u00d3\u0141KA Z OGRANICZON\u0104 ODPOWIEDZIALNO\u015aCI\u0104","foundingDate":"2002-12-24","numberOfEmployees":{"@type":"QuantitativeValue","minValue":"51","maxValue":"200"},"publishingPrinciples":"https:\/\/visimind.store\/visimind\/sklep\/"}]}},"_links":{"self":[{"href":"https:\/\/visimind.store\/fr\/wp-json\/wp\/v2\/pages\/2894"}],"collection":[{"href":"https:\/\/visimind.store\/fr\/wp-json\/wp\/v2\/pages"}],"about":[{"href":"https:\/\/visimind.store\/fr\/wp-json\/wp\/v2\/types\/page"}],"author":[{"embeddable":true,"href":"https:\/\/visimind.store\/fr\/wp-json\/wp\/v2\/users\/6"}],"replies":[{"embeddable":true,"href":"https:\/\/visimind.store\/fr\/wp-json\/wp\/v2\/comments?post=2894"}],"version-history":[{"count":2,"href":"https:\/\/visimind.store\/fr\/wp-json\/wp\/v2\/pages\/2894\/revisions"}],"predecessor-version":[{"id":2896,"href":"https:\/\/visimind.store\/fr\/wp-json\/wp\/v2\/pages\/2894\/revisions\/2896"}],"up":[{"embeddable":true,"href":"https:\/\/visimind.store\/fr\/wp-json\/wp\/v2\/pages\/25"}],"wp:attachment":[{"href":"https:\/\/visimind.store\/fr\/wp-json\/wp\/v2\/media?parent=2894"}],"curies":[{"name":"wp","href":"https:\/\/api.w.org\/{rel}","templated":true}]}}