{"id":3064,"date":"2024-04-23T13:24:47","date_gmt":"2024-04-23T11:24:47","guid":{"rendered":"https:\/\/visimind.store\/?page_id=3064"},"modified":"2024-06-28T11:53:10","modified_gmt":"2024-06-28T09:53:10","slug":"koszyk","status":"publish","type":"page","link":"https:\/\/visimind.store\/fr\/home-francais\/koszyk\/","title":{"rendered":"Panier"},"content":{"rendered":"<section class=\"l-section wpb_row height_auto\"><div class=\"l-section-h i-cf\"><div class=\"g-cols vc_row via_flex valign_top type_default stacking_default\"><div class=\"vc_col-sm-2 wpb_column vc_column_container\"><div class=\"vc_column-inner\"><div class=\"wpb_wrapper\"><\/div><\/div><\/div><div class=\"vc_col-sm-8 wpb_column vc_column_container\"><div class=\"vc_column-inner\"><div class=\"wpb_wrapper\"><div class=\"w-separator size_medium\"><\/div><div class=\"wpb_text_column us_custom_7e36e834\"><div class=\"wpb_wrapper\"><p>Votre commande<\/p>\n<\/div><\/div><div class=\"w-separator size_medium\"><\/div><div class=\"w-separator size_large\"><\/div><\/div><\/div><\/div><div class=\"vc_col-sm-2 wpb_column vc_column_container\"><div class=\"vc_column-inner\"><div class=\"wpb_wrapper\"><\/div><\/div><\/div><\/div><\/div><\/section><section class=\"l-section wpb_row height_auto\"><div class=\"l-section-h i-cf\"><div class=\"g-cols vc_row via_flex valign_top type_default stacking_default\"><div class=\"vc_col-sm-2 wpb_column vc_column_container\"><div class=\"vc_column-inner\"><div class=\"wpb_wrapper\"><\/div><\/div><\/div><div class=\"vc_col-sm-8 wpb_column vc_column_container\"><div class=\"vc_column-inner\"><div class=\"wpb_wrapper\"><div class=\"wpb_text_column us_custom_8ce0a98a\"><div class=\"wpb_wrapper\"><p>Donn\u00e9es de la facture<\/p>\n<\/div><\/div><form class=\"w-form  us_custom_e2aee182 layout_ver for_cform us_form_1\" autocomplete=\"off\" action=\"https:\/\/visimind.store\/fr\/\" method=\"post\"><div class=\"w-form-h\"><div class=\"w-form-row for_text required\">\r\n\t\t<div class=\"w-form-row-field\">\r\n\t\t\t\t\t\t<input aria-label=\"PNM\" type=\"text\" name=\"us_form_1_text_1\" value placeholder=\"PNM *\" data-required=\"true\" aria-required=\"true\"\/>\r\n\t\t\t<\/div>\r\n\t\t<div class=\"w-form-row-state\">Vous devez remplir ce champ<\/div>\r\n<\/div>\r\n<div class=\"w-form-row for_text required\">\r\n\t\t<div class=\"w-form-row-field\">\r\n\t\t\t\t\t\t<input aria-label=\"Nom de l&#039;entreprise\" type=\"text\" name=\"us_form_1_text_2\" value placeholder=\"Nom de l&#039;entreprise *\" data-required=\"true\" aria-required=\"true\"\/>\r\n\t\t\t<\/div>\r\n\t\t<div class=\"w-form-row-state\">Vous devez remplir ce champ<\/div>\r\n<\/div>\r\n<div class=\"w-form-row for_text required\">\r\n\t\t<div class=\"w-form-row-field\">\r\n\t\t\t\t\t\t<input aria-label=\"Rue et num\u00e9ro\" type=\"text\" name=\"us_form_1_text_3\" value placeholder=\"Rue et num\u00e9ro *\" data-required=\"true\" aria-required=\"true\"\/>\r\n\t\t\t<\/div>\r\n\t\t<div class=\"w-form-row-state\">Vous devez remplir ce champ<\/div>\r\n<\/div>\r\n<div class=\"w-form-row for_text required\">\r\n\t\t<div class=\"w-form-row-field\">\r\n\t\t\t\t\t\t<input aria-label=\"Code postal\" type=\"text\" name=\"us_form_1_text_4\" value placeholder=\"Code postal *\" data-required=\"true\" aria-required=\"true\"\/>\r\n\t\t\t<\/div>\r\n\t\t<div class=\"w-form-row-state\">Vous devez remplir ce champ<\/div>\r\n<\/div>\r\n<div class=\"w-form-row for_text required\">\r\n\t\t<div class=\"w-form-row-field\">\r\n\t\t\t\t\t\t<input aria-label=\"Ville\" type=\"text\" name=\"us_form_1_text_5\" value placeholder=\"Ville *\" data-required=\"true\" aria-required=\"true\"\/>\r\n\t\t\t<\/div>\r\n\t\t<div class=\"w-form-row-state\">Vous devez remplir ce champ<\/div>\r\n<\/div>\r\n<div class=\"w-form-row for_checkboxes has_label\">\r\n\t\t\t<div class=\"w-form-row-label\">\r\n\t\t\t<span>Adresse de livraison<\/span>\r\n\t\t<\/div>\r\n\t\t<div class=\"w-form-row-field\">\r\n\t\t\t\t\t<label>\r\n\t\t\t\t<input type=\"checkbox\" name=\"us_form_1_checkboxes_1[]\" value=\"Comme ci-dessus\"\/>\r\n\t\t\t\t<span>Comme ci-dessus<\/span>\r\n\t\t\t<\/label>\r\n\t\t\t\t<\/div>\r\n\t\t<div class=\"w-form-row-state\">S\u00e9lectionner une option<\/div>\r\n<\/div>\r\n<div class=\"w-form-row for_text\">\r\n\t\t<div class=\"w-form-row-field\">\r\n\t\t\t\t\t\t<input aria-label=\"Nom ou raison sociale\" type=\"text\" name=\"us_form_1_text_6\" value placeholder=\"Nom ou raison sociale\"\/>\r\n\t\t\t<\/div>\r\n\t\t<div class=\"w-form-row-state\">Vous devez remplir ce champ<\/div>\r\n<\/div>\r\n<div class=\"w-form-row for_text\">\r\n\t\t<div class=\"w-form-row-field\">\r\n\t\t\t\t\t\t<input aria-label=\"Rue et num\u00e9ro de la maison ou de l&#039;appartement\" type=\"text\" name=\"us_form_1_text_7\" value placeholder=\"Rue et num\u00e9ro de la maison ou de l&#039;appartement\"\/>\r\n\t\t\t<\/div>\r\n\t\t<div class=\"w-form-row-state\">Vous devez remplir ce champ<\/div>\r\n<\/div>\r\n<div class=\"w-form-row for_text\">\r\n\t\t<div class=\"w-form-row-field\">\r\n\t\t\t\t\t\t<input aria-label=\"Code postal\" type=\"text\" name=\"us_form_1_text_8\" value placeholder=\"Code postal\"\/>\r\n\t\t\t<\/div>\r\n\t\t<div class=\"w-form-row-state\">Vous devez remplir ce champ<\/div>\r\n<\/div>\r\n<div class=\"w-form-row for_text\">\r\n\t\t<div class=\"w-form-row-field\">\r\n\t\t\t\t\t\t<input aria-label=\"Ville\" type=\"text\" name=\"us_form_1_text_9\" value placeholder=\"Ville\"\/>\r\n\t\t\t<\/div>\r\n\t\t<div class=\"w-form-row-state\">Vous devez remplir ce champ<\/div>\r\n<\/div>\r\n<div class=\"w-form-row for_text has_label required\">\r\n\t\t\t<div class=\"w-form-row-label\">\r\n\t\t\t<span>Personne de contact autoris\u00e9e *<\/span>\r\n\t\t<\/div>\r\n\t\t<div class=\"w-form-row-field\">\r\n\t\t\t\t\t\t<input aria-label=\"Personne de contact autoris\u00e9e\" type=\"text\" name=\"us_form_1_text_10\" value placeholder=\"Nom\" data-required=\"true\" aria-required=\"true\"\/>\r\n\t\t\t<\/div>\r\n\t\t<div class=\"w-form-row-state\">Vous devez remplir ce champ<\/div>\r\n<\/div>\r\n<div class=\"w-form-row for_email required cols_2\">\r\n\t\t<div class=\"w-form-row-field\">\r\n\t\t\t\t\t\t<input aria-label=\"Courrier \u00e9lectronique\" type=\"email\" name=\"us_form_1_email_1\" value placeholder=\"Courrier \u00e9lectronique *\" data-required=\"true\" aria-required=\"true\"\/>\r\n\t\t\t<\/div>\r\n\t\t\t<div class=\"w-form-row-description\">\r\n\t\t\tNous enverrons les informations relatives \u00e0 la commande \u00e0 cette adresse \u00e9lectronique.\t\t<\/div>\r\n\t\t<div class=\"w-form-row-state\">Veuillez saisir une adresse e-mail valide.<\/div>\r\n<\/div>\r\n<div class=\"w-form-row for_text required cols_2\">\r\n\t\t<div class=\"w-form-row-field\">\r\n\t\t\t\t\t\t<input aria-label=\"T\u00e9l\u00e9phone\" inputmode=\"numeric\" type=\"text\" name=\"us_form_1_text_11\" value placeholder=\"T\u00e9l\u00e9phone *\" data-required=\"true\" aria-required=\"true\"\/>\r\n\t\t\t<\/div>\r\n\t\t<div class=\"w-form-row-state\">Vous devez remplir ce champ<\/div>\r\n<\/div>\r\n<div class=\"w-form-row for_radio has_label\">\r\n\t\t\t<div class=\"w-form-row-label\">\r\n\t\t\t<span>Mode de livraison<\/span>\r\n\t\t<\/div>\r\n\t\t<div class=\"w-form-row-field\">\r\n\t\t\t\t\t<label>\r\n\t\t\t\t<input type=\"radio\" name=\"us_form_1_radio_1\" value=\"Exp\u00e9dition\" checked='checked'\/>\r\n\t\t\t\t<span>Exp\u00e9dition<\/span>\r\n\t\t\t<\/label>\r\n\t\t\t\t\t\t<label>\r\n\t\t\t\t<input type=\"radio\" name=\"us_form_1_radio_1\" value=\"Collection personnelle\"\/>\r\n\t\t\t\t<span>Collection personnelle<\/span>\r\n\t\t\t<\/label>\r\n\t\t\t\t<\/div>\r\n\t\t\t<div class=\"w-form-row-description\">\r\n\t\t\tVisimid Ltd Sp. z o.o. - Ul. W.Tryli\u0144skiego 10, 10-683 Olsztyn, Pologne\t\t<\/div>\r\n\t\t<div class=\"w-form-row-state\">S\u00e9lectionner une option<\/div>\r\n<\/div>\r\n<div class=\"w-form-row for_checkboxes has_label required\">\r\n\t\t\t<div class=\"w-form-row-label\">\r\n\t\t\t<span>Paiement <span class=\"required\">*<\/span><\/span>\r\n\t\t<\/div>\r\n\t\t<div class=\"w-form-row-field\">\r\n\t\t\t\t\t<label>\r\n\t\t\t\t<input type=\"checkbox\" name=\"us_form_1_checkboxes_2[]\" data-required=\"true\" value=\"Transfert traditionnel\"\/>\r\n\t\t\t\t<span>Transfert traditionnel<\/span>\r\n\t\t\t<\/label>\r\n\t\t\t\t<\/div>\r\n\t\t\t<div class=\"w-form-row-description\">\r\n\t\t\tNous n'enverrons votre commande que lorsque nous aurons cr\u00e9dit\u00e9 votre paiement.\t\t<\/div>\r\n\t\t<div class=\"w-form-row-state\">S\u00e9lectionner une option<\/div>\r\n<\/div>\r\n<div class=\"w-form-row for_info\">\r\n\t<p>Une facture sera \u00e9mise une fois que la date de livraison de la commande aura \u00e9t\u00e9 confirm\u00e9e par un employ\u00e9 du magasin et communiqu\u00e9e dans un e-mail envoy\u00e9 \u00e0 l'adresse indiqu\u00e9e sur le formulaire de commande.<\/p>\r\n<\/div>\r\n<div class=\"w-form-row for_checkboxes has_label required\">\r\n\t\t\t<div class=\"w-form-row-label\">\r\n\t\t\t<span>Consentements et d\u00e9clarations <span class=\"required\">*<\/span><\/span>\r\n\t\t<\/div>\r\n\t\t<div class=\"w-form-row-field\">\r\n\t\t\t\t\t<label>\r\n\t\t\t\t<input type=\"checkbox\" name=\"us_form_1_checkboxes_3[]\" data-required=\"true\" value=\"J&#039;accepte le r\u00e8glement du magasin.\"\/>\r\n\t\t\t\t<span>J'accepte le r\u00e8glement du magasin.<\/span>\r\n\t\t\t<\/label>\r\n\t\t\t\t<\/div>\r\n\t\t<div class=\"w-form-row-state\">S\u00e9lectionner une option<\/div>\r\n<\/div>\r\n<div class=\"w-form-row for_checkboxes\">\r\n\t\t<div class=\"w-form-row-field\">\r\n\t\t\t\t\t<label>\r\n\t\t\t\t<input type=\"checkbox\" name=\"us_form_1_checkboxes_4[]\" value=\"Je souhaite partager mon opinion sur les statistiques d&#039;achat.\"\/>\r\n\t\t\t\t<span>Je souhaite partager mon opinion sur les statistiques d'achat.<\/span>\r\n\t\t\t<\/label>\r\n\t\t\t\t<\/div>\r\n\t\t<div class=\"w-form-row-state\">S\u00e9lectionner une option<\/div>\r\n<\/div>\r\n<input type=\"hidden\" name=\"action\" value=\"us_ajax_cform\" \/>\r\n<input type=\"hidden\" name=\"post_id\" value=\"0\" \/>\r\n<input type=\"hidden\" name=\"form_index\" value=\"1\" \/>\r\n<div class=\"w-form-row for_submit  align_none\">\r\n\t<button class=\"w-btn icon_atright us-btn-style_10\" aria-label=\"Envoyer la commande\" type=\"submit\">\r\n\t\t<span class=\"g-preloader type_1\"><\/span>\r\n\t\t\t\t<span class=\"w-btn-label\">Envoyer la commande<\/span>\r\n\t\t<i class=\"fas fa-envelope\"><\/i>\t<\/button>\r\n\t<\/div>\r\n<\/div><div class=\"w-form-message\"><\/div><div class=\"w-form-json hidden\" onclick='return {&quot;ajaxurl&quot;:&quot;https:\\\/\\\/visimind.store\\\/wp-admin\\\/admin-ajax.php&quot;,&quot;messages&quot;:{&quot;err_empty&quot;:&quot;Vous devez remplir ce champ&quot;,&quot;err_size&quot;:&quot;La taille du fichier ne peut pas d\\u00e9passer %s Mo&quot;,&quot;err_extension&quot;:&quot;Le type de fichier %s n&#039;est pas autoris\\u00e9&quot;}}'><\/div><\/form><div class=\"w-separator size_large\"><\/div><\/div><\/div><\/div><div class=\"vc_col-sm-2 wpb_column vc_column_container\"><div class=\"vc_column-inner\"><div class=\"wpb_wrapper\"><\/div><\/div><\/div><\/div><\/div><\/section>\n","protected":false},"excerpt":{"rendered":"Votre commande Donn\u00e9es de la facture Vous devez remplir ce champ Vous devez remplir ce champ Vous devez remplir ce champ Vous devez remplir ce champ Vous devez remplir ce champ Adresse de livraison Comme ci-dessus S\u00e9lectionner une option Vous devez remplir ce champ Vous devez remplir ce champ Vous devez remplir ce champ Vous...","protected":false},"author":1,"featured_media":0,"parent":25,"menu_order":0,"comment_status":"closed","ping_status":"closed","template":"","meta":{"footnotes":""},"yoast_head":"<!-- This site is optimized with the Yoast SEO Premium plugin v22.9 (Yoast SEO v22.9) - https:\/\/yoast.com\/wordpress\/plugins\/seo\/ -->\n<title>Panier &#8211; Visimind<\/title>\n<meta name=\"robots\" content=\"index, follow, max-snippet:-1, max-image-preview:large, max-video-preview:-1\" \/>\n<link rel=\"canonical\" href=\"https:\/\/visimind.store\/fr\/home-francais\/koszyk\/\" \/>\n<meta property=\"og:locale\" content=\"fr_FR\" \/>\n<meta property=\"og:type\" content=\"article\" \/>\n<meta property=\"og:title\" content=\"Panier\" \/>\n<meta property=\"og:url\" content=\"https:\/\/visimind.store\/fr\/home-francais\/koszyk\/\" \/>\n<meta property=\"og:site_name\" content=\"Visimind\" \/>\n<meta property=\"article:publisher\" content=\"https:\/\/www.facebook.com\/visimind\/?locale=pl_PL\" \/>\n<meta property=\"article:modified_time\" content=\"2024-06-28T09:53:10+00:00\" \/>\n<meta property=\"og:image\" content=\"https:\/\/visimind.store\/wp-content\/uploads\/2024\/06\/VISIMIND-LOGO.png\" \/>\n\t<meta property=\"og:image:width\" content=\"707\" \/>\n\t<meta property=\"og:image:height\" content=\"214\" \/>\n\t<meta property=\"og:image:type\" content=\"image\/png\" \/>\n<script type=\"application\/ld+json\" class=\"yoast-schema-graph\">{\"@context\":\"https:\/\/schema.org\",\"@graph\":[{\"@type\":\"WebPage\",\"@id\":\"https:\/\/visimind.store\/fr\/home-francais\/koszyk\/\",\"url\":\"https:\/\/visimind.store\/fr\/home-francais\/koszyk\/\",\"name\":\"Panier &#8211; Visimind\",\"isPartOf\":{\"@id\":\"https:\/\/visimind.store\/fr\/#website\"},\"datePublished\":\"2024-04-23T11:24:47+00:00\",\"dateModified\":\"2024-06-28T09:53:10+00:00\",\"breadcrumb\":{\"@id\":\"https:\/\/visimind.store\/fr\/home-francais\/koszyk\/#breadcrumb\"},\"inLanguage\":\"fr-FR\",\"potentialAction\":[{\"@type\":\"ReadAction\",\"target\":[\"https:\/\/visimind.store\/fr\/home-francais\/koszyk\/\"]}]},{\"@type\":\"BreadcrumbList\",\"@id\":\"https:\/\/visimind.store\/fr\/home-francais\/koszyk\/#breadcrumb\",\"itemListElement\":[{\"@type\":\"ListItem\",\"position\":1,\"name\":\"Home\",\"item\":\"https:\/\/visimind.store\/fr\/\"},{\"@type\":\"ListItem\",\"position\":2,\"name\":\"Accueil\",\"item\":\"https:\/\/visimind.store\/fr\/\"},{\"@type\":\"ListItem\",\"position\":3,\"name\":\"Panier\"}]},{\"@type\":\"WebSite\",\"@id\":\"https:\/\/visimind.store\/fr\/#website\",\"url\":\"https:\/\/visimind.store\/fr\/\",\"name\":\"Visimind\",\"description\":\"GET THE PICTURE\",\"publisher\":{\"@id\":\"https:\/\/visimind.store\/fr\/#organization\"},\"alternateName\":\"vm\",\"potentialAction\":[{\"@type\":\"SearchAction\",\"target\":{\"@type\":\"EntryPoint\",\"urlTemplate\":\"https:\/\/visimind.store\/fr\/?s={search_term_string}\"},\"query-input\":\"required name=search_term_string\"}],\"inLanguage\":\"fr-FR\"},{\"@type\":\"Organization\",\"@id\":\"https:\/\/visimind.store\/fr\/#organization\",\"name\":\"Visimind Ltd Sp. z o.o.\",\"alternateName\":\"vm\",\"url\":\"https:\/\/visimind.store\/fr\/\",\"logo\":{\"@type\":\"ImageObject\",\"inLanguage\":\"fr-FR\",\"@id\":\"https:\/\/visimind.store\/fr\/#\/schema\/logo\/image\/\",\"url\":\"https:\/\/visimind.store\/wp-content\/uploads\/2024\/06\/VISIMIND-LOGO.png\",\"contentUrl\":\"https:\/\/visimind.store\/wp-content\/uploads\/2024\/06\/VISIMIND-LOGO.png\",\"width\":707,\"height\":214,\"caption\":\"Visimind Ltd Sp. z o.o.\"},\"image\":{\"@id\":\"https:\/\/visimind.store\/fr\/#\/schema\/logo\/image\/\"},\"sameAs\":[\"https:\/\/www.facebook.com\/visimind\/?locale=pl_PL\",\"https:\/\/www.linkedin.com\/company\/visimind-ab\"],\"description\":\"Visimind to mi\u0119dzynarodowa firma specjalizuj\u0105ca si\u0119 w zaawansowanych technologiach geoinformatycznych, fotogrametrii i zdalnego pozyskiwania danych. Organizacja dostarcza kompleksowe rozwi\u0105zania oparte na skaningu laserowym, zdj\u0119ciach lotniczych i mobilnych, danych LiDAR oraz analizach przestrzennych. Dzi\u0119ki wykorzystaniu nowoczesnych platform pomiarowych \u2013 w tym samolot\u00f3w, helikopter\u00f3w, pojazd\u00f3w mobilnych oraz system\u00f3w bezza\u0142ogowych \u2013 Visimind wspiera klient\u00f3w w precyzyjnym mapowaniu infrastruktury, monitoringu sieci i analizach technicznych. Firma dzia\u0142a w wielu krajach Europy, wsp\u00f3\u0142pracuj\u0105c z bran\u017cami energetyczn\u0105, gazownicz\u0105, kolejow\u0105, drogow\u0105, komunaln\u0105 oraz administracj\u0105 publiczn\u0105. Jej us\u0142ugi skupiaj\u0105 si\u0119 na dostarczaniu wysokiej jako\u015bci danych przestrzennych, tworzeniu cyfrowych modeli terenu oraz wdra\u017caniu system\u00f3w wspieraj\u0105cych zarz\u0105dzanie infrastruktur\u0105. Visimind \u0142\u0105czy wieloletnie do\u015bwiadczenie z innowacyjnymi technologiami, zapewniaj\u0105c klientom precyzyjne, rzetelne i skalowalne rozwi\u0105zania geoinformatyczne.\",\"email\":\"sklep@visimind.pl\",\"telephone\":\"89 541 04 52\",\"legalName\":\"VISIMIND LTD SP\u00d3\u0141KA Z OGRANICZON\u0104 ODPOWIEDZIALNO\u015aCI\u0104\",\"foundingDate\":\"2002-12-24\",\"numberOfEmployees\":{\"@type\":\"QuantitativeValue\",\"minValue\":\"51\",\"maxValue\":\"200\"},\"publishingPrinciples\":\"https:\/\/visimind.store\/visimind\/sklep\/\"}]}<\/script>\n<!-- \/ Yoast SEO Premium plugin. -->","yoast_head_json":{"title":"Panier &#8211; Visimind","robots":{"index":"index","follow":"follow","max-snippet":"max-snippet:-1","max-image-preview":"max-image-preview:large","max-video-preview":"max-video-preview:-1"},"canonical":"https:\/\/visimind.store\/fr\/home-francais\/koszyk\/","og_locale":"fr_FR","og_type":"article","og_title":"Panier","og_url":"https:\/\/visimind.store\/fr\/home-francais\/koszyk\/","og_site_name":"Visimind","article_publisher":"https:\/\/www.facebook.com\/visimind\/?locale=pl_PL","article_modified_time":"2024-06-28T09:53:10+00:00","og_image":[{"width":707,"height":214,"url":"https:\/\/visimind.store\/wp-content\/uploads\/2024\/06\/VISIMIND-LOGO.png","type":"image\/png"}],"schema":{"@context":"https:\/\/schema.org","@graph":[{"@type":"WebPage","@id":"https:\/\/visimind.store\/fr\/home-francais\/koszyk\/","url":"https:\/\/visimind.store\/fr\/home-francais\/koszyk\/","name":"Panier &#8211; Visimind","isPartOf":{"@id":"https:\/\/visimind.store\/fr\/#website"},"datePublished":"2024-04-23T11:24:47+00:00","dateModified":"2024-06-28T09:53:10+00:00","breadcrumb":{"@id":"https:\/\/visimind.store\/fr\/home-francais\/koszyk\/#breadcrumb"},"inLanguage":"fr-FR","potentialAction":[{"@type":"ReadAction","target":["https:\/\/visimind.store\/fr\/home-francais\/koszyk\/"]}]},{"@type":"BreadcrumbList","@id":"https:\/\/visimind.store\/fr\/home-francais\/koszyk\/#breadcrumb","itemListElement":[{"@type":"ListItem","position":1,"name":"Home","item":"https:\/\/visimind.store\/fr\/"},{"@type":"ListItem","position":2,"name":"Accueil","item":"https:\/\/visimind.store\/fr\/"},{"@type":"ListItem","position":3,"name":"Panier"}]},{"@type":"WebSite","@id":"https:\/\/visimind.store\/fr\/#website","url":"https:\/\/visimind.store\/fr\/","name":"Visimind","description":"GET THE PICTURE","publisher":{"@id":"https:\/\/visimind.store\/fr\/#organization"},"alternateName":"vm","potentialAction":[{"@type":"SearchAction","target":{"@type":"EntryPoint","urlTemplate":"https:\/\/visimind.store\/fr\/?s={search_term_string}"},"query-input":"required name=search_term_string"}],"inLanguage":"fr-FR"},{"@type":"Organization","@id":"https:\/\/visimind.store\/fr\/#organization","name":"Visimind Ltd Sp. z o.o.","alternateName":"vm","url":"https:\/\/visimind.store\/fr\/","logo":{"@type":"ImageObject","inLanguage":"fr-FR","@id":"https:\/\/visimind.store\/fr\/#\/schema\/logo\/image\/","url":"https:\/\/visimind.store\/wp-content\/uploads\/2024\/06\/VISIMIND-LOGO.png","contentUrl":"https:\/\/visimind.store\/wp-content\/uploads\/2024\/06\/VISIMIND-LOGO.png","width":707,"height":214,"caption":"Visimind Ltd Sp. z o.o."},"image":{"@id":"https:\/\/visimind.store\/fr\/#\/schema\/logo\/image\/"},"sameAs":["https:\/\/www.facebook.com\/visimind\/?locale=pl_PL","https:\/\/www.linkedin.com\/company\/visimind-ab"],"description":"Visimind to mi\u0119dzynarodowa firma specjalizuj\u0105ca si\u0119 w zaawansowanych technologiach geoinformatycznych, fotogrametrii i zdalnego pozyskiwania danych. Organizacja dostarcza kompleksowe rozwi\u0105zania oparte na skaningu laserowym, zdj\u0119ciach lotniczych i mobilnych, danych LiDAR oraz analizach przestrzennych. Dzi\u0119ki wykorzystaniu nowoczesnych platform pomiarowych \u2013 w tym samolot\u00f3w, helikopter\u00f3w, pojazd\u00f3w mobilnych oraz system\u00f3w bezza\u0142ogowych \u2013 Visimind wspiera klient\u00f3w w precyzyjnym mapowaniu infrastruktury, monitoringu sieci i analizach technicznych. Firma dzia\u0142a w wielu krajach Europy, wsp\u00f3\u0142pracuj\u0105c z bran\u017cami energetyczn\u0105, gazownicz\u0105, kolejow\u0105, drogow\u0105, komunaln\u0105 oraz administracj\u0105 publiczn\u0105. Jej us\u0142ugi skupiaj\u0105 si\u0119 na dostarczaniu wysokiej jako\u015bci danych przestrzennych, tworzeniu cyfrowych modeli terenu oraz wdra\u017caniu system\u00f3w wspieraj\u0105cych zarz\u0105dzanie infrastruktur\u0105. Visimind \u0142\u0105czy wieloletnie do\u015bwiadczenie z innowacyjnymi technologiami, zapewniaj\u0105c klientom precyzyjne, rzetelne i skalowalne rozwi\u0105zania geoinformatyczne.","email":"sklep@visimind.pl","telephone":"89 541 04 52","legalName":"VISIMIND LTD SP\u00d3\u0141KA Z OGRANICZON\u0104 ODPOWIEDZIALNO\u015aCI\u0104","foundingDate":"2002-12-24","numberOfEmployees":{"@type":"QuantitativeValue","minValue":"51","maxValue":"200"},"publishingPrinciples":"https:\/\/visimind.store\/visimind\/sklep\/"}]}},"_links":{"self":[{"href":"https:\/\/visimind.store\/fr\/wp-json\/wp\/v2\/pages\/3064"}],"collection":[{"href":"https:\/\/visimind.store\/fr\/wp-json\/wp\/v2\/pages"}],"about":[{"href":"https:\/\/visimind.store\/fr\/wp-json\/wp\/v2\/types\/page"}],"author":[{"embeddable":true,"href":"https:\/\/visimind.store\/fr\/wp-json\/wp\/v2\/users\/1"}],"replies":[{"embeddable":true,"href":"https:\/\/visimind.store\/fr\/wp-json\/wp\/v2\/comments?post=3064"}],"version-history":[{"count":6,"href":"https:\/\/visimind.store\/fr\/wp-json\/wp\/v2\/pages\/3064\/revisions"}],"predecessor-version":[{"id":3077,"href":"https:\/\/visimind.store\/fr\/wp-json\/wp\/v2\/pages\/3064\/revisions\/3077"}],"up":[{"embeddable":true,"href":"https:\/\/visimind.store\/fr\/wp-json\/wp\/v2\/pages\/25"}],"wp:attachment":[{"href":"https:\/\/visimind.store\/fr\/wp-json\/wp\/v2\/media?parent=3064"}],"curies":[{"name":"wp","href":"https:\/\/api.w.org\/{rel}","templated":true}]}}