{"id":3595,"date":"2024-04-18T10:25:14","date_gmt":"2024-04-18T08:25:14","guid":{"rendered":"https:\/\/visimind.store\/?post_type=product&#038;p=3595"},"modified":"2024-08-23T10:31:57","modified_gmt":"2024-08-23T08:31:57","slug":"support-de-cardan-double-inferieur-pour-dji-matrice-300-350-rtk","status":"publish","type":"product","link":"https:\/\/visimind.store\/fr\/produkt\/support-de-cardan-double-inferieur-pour-dji-matrice-300-350-rtk\/","title":{"rendered":"Support de cardan double inf\u00e9rieur pour DJI Matrice 300\/350 RTK"},"content":{"rendered":"<section class=\"l-section wpb_row height_medium\"><div class=\"l-section-h i-cf\"><div class=\"g-cols vc_row via_flex valign_top type_default stacking_default\"><div class=\"vc_col-sm-12 wpb_column vc_column_container\"><div class=\"vc_column-inner\"><div class=\"wpb_wrapper\"><div class=\"w-tabs layout_hor style_default switch_click has_scrolling\" style=\"--sections-title-size:1em\"><div class=\"w-tabs-list items_1 align_none\"><div class=\"w-tabs-list-h\"><button class=\"w-tabs-item active with_icon\" aria-controls=\"content-le41\" aria-expanded=\"false\"><i class=\"fal fa-wrench\"><\/i><span class=\"w-tabs-item-title\">Sp\u00e9cifications techniques<\/span><\/button><\/div><\/div><div class=\"w-tabs-sections titles-align_none icon_chevron cpos_right\"><div class=\"w-tabs-section active\" id=\"le41\"><button class=\"w-tabs-section-header active with_icon\" aria-controls=\"content-le41\" aria-expanded=\"true\"><i class=\"fal fa-wrench\"><\/i><div class=\"w-tabs-section-title\">Sp\u00e9cifications techniques<\/div><div class=\"w-tabs-section-control\"><\/div><\/button><div  class=\"w-tabs-section-content\" id=\"content-le41\"><div class=\"w-tabs-section-content-h i-cf\"><div class=\"wpb_text_column\"><div class=\"wpb_wrapper\"><table style=\"width: 85.5019%; height: 66px;\">\n<tbody>\n<tr style=\"hauteur: 56px;\">\n<td style=\"hauteur: 56\u00a0px; largeur: 47,5 %;\">\n<p align=\"justify\">Compatibilit\u00e9<\/p>\n<\/td>\n<td style=\"hauteur: 56\u00a0px; largeur: 111,25 %;\">\n<p align=\"justify\">Matrice 300 RTK<\/p>\n<p align=\"justify\">Matrice 350 RTK<\/p>\n<\/td>\n<\/tr>\n<\/tbody>\n<\/table>\n<\/div><\/div><\/div><\/div><\/div><\/div><\/div><\/div><\/div><\/div><\/div><\/div><\/section>\n","protected":false},"excerpt":{"rendered":"<p><strong>Vision parfaite m\u00eame par temps tr\u00e8s ensoleill\u00e9<\/strong>L&rsquo;innovant DJI Smart Controller Enterprise pour drones Matrice 300 RTK est un outil parfait pour les professionnels. Equip\u00e9 d&rsquo;un \u00e9cran de 5,5 pouces avec une r\u00e9solution de 1080p et une luminosit\u00e9 \u00e9lev\u00e9e, il garantit une excellente lisibilit\u00e9 m\u00eame en plein soleil. Gr\u00e2ce au mode avanc\u00e9 de double contr\u00f4le, deux op\u00e9rateurs peuvent non seulement g\u00e9rer efficacement le drone, mais \u00e9galement transf\u00e9rer efficacement le contr\u00f4le du drone ou de la charge utile entre eux, permettant un travail d&rsquo;\u00e9quipe encore plus efficace. C&rsquo;est une solution fiable pour les applications exigeantes. <strong>Inclus dans le set\u00a0:<\/strong> DJI Smart Controller Enterprise x1 Isolateur de vibrations de rechange x8 Ensemble d&rsquo;outils d&rsquo;assemblage x1<\/p>\n","protected":false},"featured_media":3596,"comment_status":"open","ping_status":"closed","template":"","meta":[],"product_cat":[277],"product_tag":[],"yoast_head":"<!-- This site is optimized with the Yoast SEO Premium plugin v22.9 (Yoast SEO v22.9) - https:\/\/yoast.com\/wordpress\/plugins\/seo\/ -->\n<title>Support de cardan double inf\u00e9rieur pour DJI Matrice 300\/350 RTK &#8211; Visimind<\/title>\n<meta name=\"robots\" content=\"index, follow, max-snippet:-1, max-image-preview:large, max-video-preview:-1\" \/>\n<link rel=\"canonical\" href=\"https:\/\/visimind.store\/fr\/produkt\/support-de-cardan-double-inferieur-pour-dji-matrice-300-350-rtk\/\" \/>\n<meta property=\"og:locale\" content=\"fr_FR\" \/>\n<meta property=\"og:type\" content=\"article\" \/>\n<meta property=\"og:title\" content=\"Support de cardan double inf\u00e9rieur pour DJI Matrice 300\/350 RTK\" \/>\n<meta property=\"og:description\" content=\"Vision parfaite m\u00eame par temps tr\u00e8s ensoleill\u00e9L&#039;innovant DJI Smart Controller Enterprise pour drones Matrice 300 RTK est un outil parfait pour les professionnels. Equip\u00e9 d&#039;un \u00e9cran de 5,5 pouces avec une r\u00e9solution de 1080p et une luminosit\u00e9 \u00e9lev\u00e9e, il garantit une excellente lisibilit\u00e9 m\u00eame en plein soleil. Gr\u00e2ce au mode avanc\u00e9 de double contr\u00f4le, deux op\u00e9rateurs peuvent non seulement g\u00e9rer efficacement le drone, mais \u00e9galement transf\u00e9rer efficacement le contr\u00f4le du drone ou de la charge utile entre eux, permettant un travail d&#039;\u00e9quipe encore plus efficace. C&#039;est une solution fiable pour les applications exigeantes. Inclus dans le set\u00a0: DJI Smart Controller Enterprise x1 Isolateur de vibrations de rechange x8 Ensemble d&#039;outils d&#039;assemblage x1\" \/>\n<meta property=\"og:url\" content=\"https:\/\/visimind.store\/fr\/produkt\/support-de-cardan-double-inferieur-pour-dji-matrice-300-350-rtk\/\" \/>\n<meta property=\"og:site_name\" content=\"Visimind\" \/>\n<meta property=\"article:publisher\" content=\"https:\/\/www.facebook.com\/visimind\/?locale=pl_PL\" \/>\n<meta property=\"article:modified_time\" content=\"2024-08-23T08:31:57+00:00\" \/>\n<meta property=\"og:image\" content=\"https:\/\/visimind.store\/wp-content\/uploads\/2024\/04\/pol_pm_Podwojne-dolne-mocowanie-gimbala-do-DJI-Matrice-300-350-RTK-18014_4.jpg\" \/>\n\t<meta property=\"og:image:width\" content=\"450\" \/>\n\t<meta property=\"og:image:height\" content=\"450\" \/>\n\t<meta property=\"og:image:type\" content=\"image\/jpeg\" \/>\n<script type=\"application\/ld+json\" class=\"yoast-schema-graph\">{\"@context\":\"https:\/\/schema.org\",\"@graph\":[{\"@type\":\"WebPage\",\"@id\":\"https:\/\/visimind.store\/fr\/produkt\/support-de-cardan-double-inferieur-pour-dji-matrice-300-350-rtk\/\",\"url\":\"https:\/\/visimind.store\/fr\/produkt\/support-de-cardan-double-inferieur-pour-dji-matrice-300-350-rtk\/\",\"name\":\"Support de cardan double inf\u00e9rieur pour DJI Matrice 300\/350 RTK &#8211; Visimind\",\"isPartOf\":{\"@id\":\"https:\/\/visimind.store\/fr\/#website\"},\"primaryImageOfPage\":{\"@id\":\"https:\/\/visimind.store\/fr\/produkt\/support-de-cardan-double-inferieur-pour-dji-matrice-300-350-rtk\/#primaryimage\"},\"image\":{\"@id\":\"https:\/\/visimind.store\/fr\/produkt\/support-de-cardan-double-inferieur-pour-dji-matrice-300-350-rtk\/#primaryimage\"},\"thumbnailUrl\":\"https:\/\/visimind.store\/wp-content\/uploads\/2024\/04\/pol_pm_Podwojne-dolne-mocowanie-gimbala-do-DJI-Matrice-300-350-RTK-18014_4.jpg\",\"datePublished\":\"2024-04-18T08:25:14+00:00\",\"dateModified\":\"2024-08-23T08:31:57+00:00\",\"breadcrumb\":{\"@id\":\"https:\/\/visimind.store\/fr\/produkt\/support-de-cardan-double-inferieur-pour-dji-matrice-300-350-rtk\/#breadcrumb\"},\"inLanguage\":\"fr-FR\",\"potentialAction\":[{\"@type\":\"ReadAction\",\"target\":[\"https:\/\/visimind.store\/fr\/produkt\/support-de-cardan-double-inferieur-pour-dji-matrice-300-350-rtk\/\"]}]},{\"@type\":\"ImageObject\",\"inLanguage\":\"fr-FR\",\"@id\":\"https:\/\/visimind.store\/fr\/produkt\/support-de-cardan-double-inferieur-pour-dji-matrice-300-350-rtk\/#primaryimage\",\"url\":\"https:\/\/visimind.store\/wp-content\/uploads\/2024\/04\/pol_pm_Podwojne-dolne-mocowanie-gimbala-do-DJI-Matrice-300-350-RTK-18014_4.jpg\",\"contentUrl\":\"https:\/\/visimind.store\/wp-content\/uploads\/2024\/04\/pol_pm_Podwojne-dolne-mocowanie-gimbala-do-DJI-Matrice-300-350-RTK-18014_4.jpg\",\"width\":450,\"height\":450},{\"@type\":\"BreadcrumbList\",\"@id\":\"https:\/\/visimind.store\/fr\/produkt\/support-de-cardan-double-inferieur-pour-dji-matrice-300-350-rtk\/#breadcrumb\",\"itemListElement\":[{\"@type\":\"ListItem\",\"position\":1,\"name\":\"Home\",\"item\":\"https:\/\/visimind.store\/fr\/\"},{\"@type\":\"ListItem\",\"position\":2,\"name\":\"Produits\",\"item\":\"https:\/\/visimind.store\/fr\/shop\/\"},{\"@type\":\"ListItem\",\"position\":3,\"name\":\"Support de cardan double inf\u00e9rieur pour DJI Matrice 300\/350 RTK\"}]},{\"@type\":\"WebSite\",\"@id\":\"https:\/\/visimind.store\/fr\/#website\",\"url\":\"https:\/\/visimind.store\/fr\/\",\"name\":\"Visimind\",\"description\":\"GET THE PICTURE\",\"publisher\":{\"@id\":\"https:\/\/visimind.store\/fr\/#organization\"},\"alternateName\":\"vm\",\"potentialAction\":[{\"@type\":\"SearchAction\",\"target\":{\"@type\":\"EntryPoint\",\"urlTemplate\":\"https:\/\/visimind.store\/fr\/?s={search_term_string}\"},\"query-input\":\"required name=search_term_string\"}],\"inLanguage\":\"fr-FR\"},{\"@type\":\"Organization\",\"@id\":\"https:\/\/visimind.store\/fr\/#organization\",\"name\":\"Visimind Ltd Sp. z o.o.\",\"alternateName\":\"vm\",\"url\":\"https:\/\/visimind.store\/fr\/\",\"logo\":{\"@type\":\"ImageObject\",\"inLanguage\":\"fr-FR\",\"@id\":\"https:\/\/visimind.store\/fr\/#\/schema\/logo\/image\/\",\"url\":\"https:\/\/visimind.store\/wp-content\/uploads\/2024\/06\/VISIMIND-LOGO.png\",\"contentUrl\":\"https:\/\/visimind.store\/wp-content\/uploads\/2024\/06\/VISIMIND-LOGO.png\",\"width\":707,\"height\":214,\"caption\":\"Visimind Ltd Sp. z o.o.\"},\"image\":{\"@id\":\"https:\/\/visimind.store\/fr\/#\/schema\/logo\/image\/\"},\"sameAs\":[\"https:\/\/www.facebook.com\/visimind\/?locale=pl_PL\",\"https:\/\/www.linkedin.com\/company\/visimind-ab\"],\"description\":\"Visimind to mi\u0119dzynarodowa firma specjalizuj\u0105ca si\u0119 w zaawansowanych technologiach geoinformatycznych, fotogrametrii i zdalnego pozyskiwania danych. Organizacja dostarcza kompleksowe rozwi\u0105zania oparte na skaningu laserowym, zdj\u0119ciach lotniczych i mobilnych, danych LiDAR oraz analizach przestrzennych. Dzi\u0119ki wykorzystaniu nowoczesnych platform pomiarowych \u2013 w tym samolot\u00f3w, helikopter\u00f3w, pojazd\u00f3w mobilnych oraz system\u00f3w bezza\u0142ogowych \u2013 Visimind wspiera klient\u00f3w w precyzyjnym mapowaniu infrastruktury, monitoringu sieci i analizach technicznych. Firma dzia\u0142a w wielu krajach Europy, wsp\u00f3\u0142pracuj\u0105c z bran\u017cami energetyczn\u0105, gazownicz\u0105, kolejow\u0105, drogow\u0105, komunaln\u0105 oraz administracj\u0105 publiczn\u0105. Jej us\u0142ugi skupiaj\u0105 si\u0119 na dostarczaniu wysokiej jako\u015bci danych przestrzennych, tworzeniu cyfrowych modeli terenu oraz wdra\u017caniu system\u00f3w wspieraj\u0105cych zarz\u0105dzanie infrastruktur\u0105. Visimind \u0142\u0105czy wieloletnie do\u015bwiadczenie z innowacyjnymi technologiami, zapewniaj\u0105c klientom precyzyjne, rzetelne i skalowalne rozwi\u0105zania geoinformatyczne.\",\"email\":\"sklep@visimind.pl\",\"telephone\":\"89 541 04 52\",\"legalName\":\"VISIMIND LTD SP\u00d3\u0141KA Z OGRANICZON\u0104 ODPOWIEDZIALNO\u015aCI\u0104\",\"foundingDate\":\"2002-12-24\",\"numberOfEmployees\":{\"@type\":\"QuantitativeValue\",\"minValue\":\"51\",\"maxValue\":\"200\"},\"publishingPrinciples\":\"https:\/\/visimind.store\/visimind\/sklep\/\"}]}<\/script>\n<!-- \/ Yoast SEO Premium plugin. -->","yoast_head_json":{"title":"Support de cardan double inf\u00e9rieur pour DJI Matrice 300\/350 RTK &#8211; Visimind","robots":{"index":"index","follow":"follow","max-snippet":"max-snippet:-1","max-image-preview":"max-image-preview:large","max-video-preview":"max-video-preview:-1"},"canonical":"https:\/\/visimind.store\/fr\/produkt\/support-de-cardan-double-inferieur-pour-dji-matrice-300-350-rtk\/","og_locale":"fr_FR","og_type":"article","og_title":"Support de cardan double inf\u00e9rieur pour DJI Matrice 300\/350 RTK","og_description":"Vision parfaite m\u00eame par temps tr\u00e8s ensoleill\u00e9L'innovant DJI Smart Controller Enterprise pour drones Matrice 300 RTK est un outil parfait pour les professionnels. Equip\u00e9 d'un \u00e9cran de 5,5 pouces avec une r\u00e9solution de 1080p et une luminosit\u00e9 \u00e9lev\u00e9e, il garantit une excellente lisibilit\u00e9 m\u00eame en plein soleil. Gr\u00e2ce au mode avanc\u00e9 de double contr\u00f4le, deux op\u00e9rateurs peuvent non seulement g\u00e9rer efficacement le drone, mais \u00e9galement transf\u00e9rer efficacement le contr\u00f4le du drone ou de la charge utile entre eux, permettant un travail d'\u00e9quipe encore plus efficace. C'est une solution fiable pour les applications exigeantes. Inclus dans le set\u00a0: DJI Smart Controller Enterprise x1 Isolateur de vibrations de rechange x8 Ensemble d'outils d'assemblage x1","og_url":"https:\/\/visimind.store\/fr\/produkt\/support-de-cardan-double-inferieur-pour-dji-matrice-300-350-rtk\/","og_site_name":"Visimind","article_publisher":"https:\/\/www.facebook.com\/visimind\/?locale=pl_PL","article_modified_time":"2024-08-23T08:31:57+00:00","og_image":[{"width":450,"height":450,"url":"https:\/\/visimind.store\/wp-content\/uploads\/2024\/04\/pol_pm_Podwojne-dolne-mocowanie-gimbala-do-DJI-Matrice-300-350-RTK-18014_4.jpg","type":"image\/jpeg"}],"schema":{"@context":"https:\/\/schema.org","@graph":[{"@type":"WebPage","@id":"https:\/\/visimind.store\/fr\/produkt\/support-de-cardan-double-inferieur-pour-dji-matrice-300-350-rtk\/","url":"https:\/\/visimind.store\/fr\/produkt\/support-de-cardan-double-inferieur-pour-dji-matrice-300-350-rtk\/","name":"Support de cardan double inf\u00e9rieur pour DJI Matrice 300\/350 RTK &#8211; Visimind","isPartOf":{"@id":"https:\/\/visimind.store\/fr\/#website"},"primaryImageOfPage":{"@id":"https:\/\/visimind.store\/fr\/produkt\/support-de-cardan-double-inferieur-pour-dji-matrice-300-350-rtk\/#primaryimage"},"image":{"@id":"https:\/\/visimind.store\/fr\/produkt\/support-de-cardan-double-inferieur-pour-dji-matrice-300-350-rtk\/#primaryimage"},"thumbnailUrl":"https:\/\/visimind.store\/wp-content\/uploads\/2024\/04\/pol_pm_Podwojne-dolne-mocowanie-gimbala-do-DJI-Matrice-300-350-RTK-18014_4.jpg","datePublished":"2024-04-18T08:25:14+00:00","dateModified":"2024-08-23T08:31:57+00:00","breadcrumb":{"@id":"https:\/\/visimind.store\/fr\/produkt\/support-de-cardan-double-inferieur-pour-dji-matrice-300-350-rtk\/#breadcrumb"},"inLanguage":"fr-FR","potentialAction":[{"@type":"ReadAction","target":["https:\/\/visimind.store\/fr\/produkt\/support-de-cardan-double-inferieur-pour-dji-matrice-300-350-rtk\/"]}]},{"@type":"ImageObject","inLanguage":"fr-FR","@id":"https:\/\/visimind.store\/fr\/produkt\/support-de-cardan-double-inferieur-pour-dji-matrice-300-350-rtk\/#primaryimage","url":"https:\/\/visimind.store\/wp-content\/uploads\/2024\/04\/pol_pm_Podwojne-dolne-mocowanie-gimbala-do-DJI-Matrice-300-350-RTK-18014_4.jpg","contentUrl":"https:\/\/visimind.store\/wp-content\/uploads\/2024\/04\/pol_pm_Podwojne-dolne-mocowanie-gimbala-do-DJI-Matrice-300-350-RTK-18014_4.jpg","width":450,"height":450},{"@type":"BreadcrumbList","@id":"https:\/\/visimind.store\/fr\/produkt\/support-de-cardan-double-inferieur-pour-dji-matrice-300-350-rtk\/#breadcrumb","itemListElement":[{"@type":"ListItem","position":1,"name":"Home","item":"https:\/\/visimind.store\/fr\/"},{"@type":"ListItem","position":2,"name":"Produits","item":"https:\/\/visimind.store\/fr\/shop\/"},{"@type":"ListItem","position":3,"name":"Support de cardan double inf\u00e9rieur pour DJI Matrice 300\/350 RTK"}]},{"@type":"WebSite","@id":"https:\/\/visimind.store\/fr\/#website","url":"https:\/\/visimind.store\/fr\/","name":"Visimind","description":"GET THE PICTURE","publisher":{"@id":"https:\/\/visimind.store\/fr\/#organization"},"alternateName":"vm","potentialAction":[{"@type":"SearchAction","target":{"@type":"EntryPoint","urlTemplate":"https:\/\/visimind.store\/fr\/?s={search_term_string}"},"query-input":"required name=search_term_string"}],"inLanguage":"fr-FR"},{"@type":"Organization","@id":"https:\/\/visimind.store\/fr\/#organization","name":"Visimind Ltd Sp. z o.o.","alternateName":"vm","url":"https:\/\/visimind.store\/fr\/","logo":{"@type":"ImageObject","inLanguage":"fr-FR","@id":"https:\/\/visimind.store\/fr\/#\/schema\/logo\/image\/","url":"https:\/\/visimind.store\/wp-content\/uploads\/2024\/06\/VISIMIND-LOGO.png","contentUrl":"https:\/\/visimind.store\/wp-content\/uploads\/2024\/06\/VISIMIND-LOGO.png","width":707,"height":214,"caption":"Visimind Ltd Sp. z o.o."},"image":{"@id":"https:\/\/visimind.store\/fr\/#\/schema\/logo\/image\/"},"sameAs":["https:\/\/www.facebook.com\/visimind\/?locale=pl_PL","https:\/\/www.linkedin.com\/company\/visimind-ab"],"description":"Visimind to mi\u0119dzynarodowa firma specjalizuj\u0105ca si\u0119 w zaawansowanych technologiach geoinformatycznych, fotogrametrii i zdalnego pozyskiwania danych. Organizacja dostarcza kompleksowe rozwi\u0105zania oparte na skaningu laserowym, zdj\u0119ciach lotniczych i mobilnych, danych LiDAR oraz analizach przestrzennych. Dzi\u0119ki wykorzystaniu nowoczesnych platform pomiarowych \u2013 w tym samolot\u00f3w, helikopter\u00f3w, pojazd\u00f3w mobilnych oraz system\u00f3w bezza\u0142ogowych \u2013 Visimind wspiera klient\u00f3w w precyzyjnym mapowaniu infrastruktury, monitoringu sieci i analizach technicznych. Firma dzia\u0142a w wielu krajach Europy, wsp\u00f3\u0142pracuj\u0105c z bran\u017cami energetyczn\u0105, gazownicz\u0105, kolejow\u0105, drogow\u0105, komunaln\u0105 oraz administracj\u0105 publiczn\u0105. Jej us\u0142ugi skupiaj\u0105 si\u0119 na dostarczaniu wysokiej jako\u015bci danych przestrzennych, tworzeniu cyfrowych modeli terenu oraz wdra\u017caniu system\u00f3w wspieraj\u0105cych zarz\u0105dzanie infrastruktur\u0105. Visimind \u0142\u0105czy wieloletnie do\u015bwiadczenie z innowacyjnymi technologiami, zapewniaj\u0105c klientom precyzyjne, rzetelne i skalowalne rozwi\u0105zania geoinformatyczne.","email":"sklep@visimind.pl","telephone":"89 541 04 52","legalName":"VISIMIND LTD SP\u00d3\u0141KA Z OGRANICZON\u0104 ODPOWIEDZIALNO\u015aCI\u0104","foundingDate":"2002-12-24","numberOfEmployees":{"@type":"QuantitativeValue","minValue":"51","maxValue":"200"},"publishingPrinciples":"https:\/\/visimind.store\/visimind\/sklep\/"}]}},"_links":{"self":[{"href":"https:\/\/visimind.store\/fr\/wp-json\/wp\/v2\/product\/3595"}],"collection":[{"href":"https:\/\/visimind.store\/fr\/wp-json\/wp\/v2\/product"}],"about":[{"href":"https:\/\/visimind.store\/fr\/wp-json\/wp\/v2\/types\/product"}],"replies":[{"embeddable":true,"href":"https:\/\/visimind.store\/fr\/wp-json\/wp\/v2\/comments?post=3595"}],"wp:featuredmedia":[{"embeddable":true,"href":"https:\/\/visimind.store\/fr\/wp-json\/wp\/v2\/media\/3596"}],"wp:attachment":[{"href":"https:\/\/visimind.store\/fr\/wp-json\/wp\/v2\/media?parent=3595"}],"wp:term":[{"taxonomy":"product_cat","embeddable":true,"href":"https:\/\/visimind.store\/fr\/wp-json\/wp\/v2\/product_cat?post=3595"},{"taxonomy":"product_tag","embeddable":true,"href":"https:\/\/visimind.store\/fr\/wp-json\/wp\/v2\/product_tag?post=3595"}],"curies":[{"name":"wp","href":"https:\/\/api.w.org\/{rel}","templated":true}]}}