{"id":3829,"date":"2023-12-19T12:12:34","date_gmt":"2023-12-19T11:12:34","guid":{"rendered":"https:\/\/visimind.store\/?post_type=product&#038;p=3829"},"modified":"2024-08-27T09:43:02","modified_gmt":"2024-08-27T07:43:02","slug":"module-rtk-pour-dji-mavic-3-entreprise-2","status":"publish","type":"product","link":"https:\/\/visimind.store\/fr\/produkt\/module-rtk-pour-dji-mavic-3-entreprise-2\/","title":{"rendered":"Module RTK pour DJI Mavic 3 Entreprise"},"content":{"rendered":"<section class=\"l-section wpb_row height_medium\"><div class=\"l-section-h i-cf\"><div class=\"g-cols vc_row via_flex valign_top type_default stacking_default\"><div class=\"vc_col-sm-12 wpb_column vc_column_container\"><div class=\"vc_column-inner\"><div class=\"wpb_wrapper\"><div class=\"w-tabs layout_hor style_default switch_click has_scrolling\" style=\"--sections-title-size:1em\"><div class=\"w-tabs-list items_2 align_none\"><div class=\"w-tabs-list-h\"><button class=\"w-tabs-item active with_icon\" aria-controls=\"content-z438\" aria-expanded=\"false\"><i class=\"fal fa-wrench\"><\/i><span class=\"w-tabs-item-title\">Sp\u00e9cifications techniques :<\/span><\/button><button class=\"w-tabs-item with_icon\" aria-controls=\"content-n489\" aria-expanded=\"false\"><i class=\"fal fa-cogs\"><\/i><span class=\"w-tabs-item-title\">Accessoires<\/span><\/button><\/div><\/div><div class=\"w-tabs-sections titles-align_none icon_chevron cpos_right\"><div class=\"w-tabs-section active\" id=\"z438\"><button class=\"w-tabs-section-header active with_icon\" aria-controls=\"content-z438\" aria-expanded=\"true\"><i class=\"fal fa-wrench\"><\/i><div class=\"w-tabs-section-title\">Sp\u00e9cifications techniques :<\/div><div class=\"w-tabs-section-control\"><\/div><\/button><div  class=\"w-tabs-section-content\" id=\"content-z438\"><div class=\"w-tabs-section-content-h i-cf\"><div class=\"wpb_text_column\"><div class=\"wpb_wrapper\"><table style=\"width: 81.0583%; height: 66px;\">\n<tbody>\n<tr style=\"hauteur: 56px;\">\n<td style=\"hauteur: 10\u00a0px; largeur: 47,5\u00a0%;\">Dimensions<\/td>\n<td style=\"hauteur: 10px; largeur: 111,25%;\">D50,2\u00d740,2\u00d766,2 mm<\/td>\n<\/tr>\n<tr>\n<td style=\"largeur: 47,5%;\">Poids<\/td>\n<td style=\"largeur: 111,25%;\">24\u00b12\u00a0g<\/td>\n<\/tr>\n<tr>\n<td style=\"largeur: 47,5%;\">interface<\/td>\n<td style=\"largeur: 111,25%;\">USB-C<\/td>\n<\/tr>\n<tr>\n<td style=\"width: 47.5%;\">Puissance nominale<\/td>\n<td style=\"width: 111.25%;\">Environ 1,2 W<\/td>\n<\/tr>\n<tr>\n<td style=\"width: 47,5%;\">Pr\u00e9cision du positionnement RTK<\/td>\n<td style=\"largeur: 111,25%;\">\n<p style=\"text-align: left;\">Horizontal\u00a0: 1 cm + 1 ppm\u00a0; Verticale\u00a0: 1,5 cm + 1 ppm<\/p>\n<\/td>\n<\/tr>\n<tr>\n<td style=\"width: 47.5%;\">Syst\u00e8me GPS et points de fr\u00e9quence<\/td>\n<td style=\"largeur: 111,25%;\">\n<p style=\"text-align: left;\">L1C\/A L2C\/L2P<\/p>\n<\/td>\n<\/tr>\n<tr>\n<td style=\"largeur: 47,5%;\">BDS<\/td>\n<td style=\"largeur: 111,25%;\">\n<p style=\"text-align: left;\">B1I B2I<\/p>\n<\/td>\n<\/tr>\n<tr>\n<td style=\"largeur: 47,5%;\">GLO<\/td>\n<td style=\"largeur: 111,25%;\">\n<p style=\"text-align: left;\">G1 G2<\/p>\n<\/td>\n<\/tr>\n<tr>\n<td style=\"largeur: 47,5%;\">GAL<\/td>\n<td style=\"largeur: 111,25%;\">\n<p style=\"text-align: left;\">E1 E5B<\/p>\n<\/td>\n<\/tr>\n<tr>\n<td style=\"largeur: 47,5%;\">QZSS<\/td>\n<td style=\"largeur: 111,25%;\">\n<p style=\"text-align: left;\">L1 L2<\/p>\n<\/td>\n<\/tr>\n<tr>\n<td style=\"largeur: 47,5%;\">Compatibilit\u00e9<\/td>\n<td style=\"largeur: 111,25%;\">\n<p style=\"text-align: left;\">DJI Mavic 3 Entreprise<br \/>\nThermique DJI Mavic 3<\/p>\n<\/td>\n<\/tr>\n<\/tbody>\n<\/table>\n<\/div><\/div><\/div><\/div><\/div><div class=\"w-tabs-section\" id=\"n489\"><button class=\"w-tabs-section-header with_icon\" aria-controls=\"content-n489\" aria-expanded=\"false\"><i class=\"fal fa-cogs\"><\/i><div class=\"w-tabs-section-title\">Accessoires<\/div><div class=\"w-tabs-section-control\"><\/div><\/button><div  class=\"w-tabs-section-content\" id=\"content-n489\"><div class=\"w-tabs-section-content-h i-cf\"><div class=\"w-grid us_custom_88717ab1 type_grid layout_461 hidden cols_3\" id=\"us_grid_1\" style=\"--gap:1.5rem;\" data-filterable=\"true\"><style>@media (max-width:1024px){#us_grid_1 .w-grid-item{width:50%}}@media (max-width:600px){#us_grid_1 .w-grid-list{margin:0}#us_grid_1 .w-grid-item{width:100%;padding:0;margin-bottom:var(--gap,0px)}}.layout_461 .w-grid-item-h{background:var(--color-content-bg);color:var(--color-content-text);border-radius:0.3rem}.layout_461 .usg_post_image_1{transition-duration:0.3s;transform-origin:50% 50%;transform:scale(1) translate(0%,0%)}.layout_461 .w-grid-item-h:hover .usg_post_image_1{transform:scale(1.05) translate(0%,0%);opacity:1}.layout_461 .usg_vwrapper_1{padding-right:10px!important;padding-top:10px!important;padding-left:10px!important}.layout_461 .usg_product_field_1{font-size:12px!important;font-weight:500!important;text-transform:uppercase!important;padding-left:0.8rem!important;padding-right:0.8rem!important;border-radius:0.3em!important;position:absolute!important;left:10px!important;top:10px!important;background:#e8e8e8!important}.layout_461 .usg_post_title_1{color:inherit!important;font-size:1.4rem!important;height:80px!important;margin-bottom:0.4rem!important}.layout_461 .usg_product_field_2{margin-bottom:0.2rem!important}.layout_461 .usg_vwrapper_2{border-top-width:1px!important;border-color:#f5f5f5!important;border-top-style:solid!important;padding:15px!important}.layout_461 .usg_hwrapper_1{margin-top:15px!important;padding-top:15px!important;border-top-width:1px!important;border-color:#f5f5f5!important;border-top-style:solid!important}.layout_461 .usg_text_1{font-size:12px!important}@media (min-width:1025px) and (max-width:1850px){.layout_461 .usg_post_title_1{height:80px!important}.layout_461 .usg_vwrapper_2{padding:15px!important}}@media (min-width:601px) and (max-width:1024px){.layout_461 .usg_post_title_1{height:80px!important}.layout_461 .usg_vwrapper_2{padding:15px!important}}@media (max-width:600px){.layout_461 .usg_post_title_1{height:40px!important}.layout_461 .usg_vwrapper_2{padding:15px 5px 15px 5px!important}}<\/style><div class=\"w-grid-list\"><\/div><div class=\"w-grid-preloader\"><div class=\"g-preloader type_1\">\r\n\t<div><\/div>\r\n<\/div>\r\n<\/div>\t<div class=\"w-grid-json hidden\" onclick='return {&quot;action&quot;:&quot;us_ajax_grid&quot;,&quot;ajax_url&quot;:&quot;https:\\\/\\\/visimind.store\\\/wp-admin\\\/admin-ajax.php&quot;,&quot;infinite_scroll&quot;:0,&quot;max_num_pages&quot;:0,&quot;pagination&quot;:&quot;none&quot;,&quot;permalink_url&quot;:&quot;https:\\\/\\\/visimind.store\\\/fr\\\/wp-json\\\/wp\\\/v2\\\/product\\\/3829\\\/&quot;,&quot;template_vars&quot;:{&quot;columns&quot;:&quot;3&quot;,&quot;exclude_items&quot;:&quot;none&quot;,&quot;img_size&quot;:&quot;woocommerce_thumbnail&quot;,&quot;ignore_items_size&quot;:0,&quot;items_layout&quot;:&quot;461&quot;,&quot;items_offset&quot;:&quot;1&quot;,&quot;load_animation&quot;:&quot;none&quot;,&quot;overriding_link&quot;:&quot;%7B%22url%22%3A%22%22%7D&quot;,&quot;post_id&quot;:0,&quot;query_args&quot;:{&quot;post_type&quot;:[&quot;product&quot;],&quot;tax_query&quot;:[{&quot;taxonomy&quot;:&quot;product_cat&quot;,&quot;field&quot;:&quot;slug&quot;,&quot;terms&quot;:[&quot;drones-en&quot;]},{&quot;taxonomy&quot;:&quot;product_visibility&quot;,&quot;field&quot;:&quot;slug&quot;,&quot;terms&quot;:[&quot;exclude-from-catalog&quot;],&quot;operator&quot;:&quot;NOT IN&quot;}],&quot;post_status&quot;:[&quot;publish&quot;],&quot;meta_query&quot;:[],&quot;posts_per_page&quot;:&quot;3&quot;},&quot;orderby_query_args&quot;:{&quot;orderby&quot;:&quot;RAND(429314684)&quot;},&quot;type&quot;:&quot;grid&quot;,&quot;us_grid_ajax_index&quot;:1,&quot;us_grid_filter_params&quot;:null,&quot;us_grid_index&quot;:1,&quot;_us_grid_post_type&quot;:&quot;product&quot;,&quot;page_args&quot;:[],&quot;lang&quot;:&quot;fr&quot;}}'><\/div>\r\n\t<\/div><div class=\"w-grid-none type_message\">Aucun r\u00e9sultat.<\/div><\/div><\/div><\/div><\/div><\/div><\/div><\/div><\/div><\/div><\/div><\/section>\n","protected":false},"excerpt":{"rendered":"<p><span style=\"font-size: 11.0pt; fonts-family: 'Open Sans';\">Le module DJI Mavic 3 Enterprise Series RTK est compatible avec les drones DJI Mavic 3 Enterprise et Mavc 3 Thermal. Fournit un positionnement pr\u00e9cis au centim\u00e8tre lors de l&rsquo;utilisation du r\u00e9seau RTK, du r\u00e9seau personnalis\u00e9 RTK ou de la station mobile D-RTK 2.<\/span> <strong><span style=\"font-size: 11.0pt; font-family: 'Open Sans';\">D\u00e9finir le contenu\u00a0:<\/span><\/strong> <span style=\"font-size: 11.0pt; font: 'Open Sans';\">1x module DJI Mavic 3 Enterprise RTK<\/span><\/p>\n","protected":false},"featured_media":3643,"comment_status":"open","ping_status":"closed","template":"","meta":[],"product_cat":[277],"product_tag":[],"yoast_head":"<!-- This site is optimized with the Yoast SEO Premium plugin v22.9 (Yoast SEO v22.9) - https:\/\/yoast.com\/wordpress\/plugins\/seo\/ -->\n<title>Module RTK pour DJI Mavic 3 Entreprise &#8211; Visimind<\/title>\n<meta name=\"robots\" content=\"index, follow, max-snippet:-1, max-image-preview:large, max-video-preview:-1\" \/>\n<link rel=\"canonical\" href=\"https:\/\/visimind.store\/fr\/produkt\/module-rtk-pour-dji-mavic-3-entreprise-2\/\" \/>\n<meta property=\"og:locale\" content=\"fr_FR\" \/>\n<meta property=\"og:type\" content=\"article\" \/>\n<meta property=\"og:title\" content=\"Module RTK pour DJI Mavic 3 Entreprise\" \/>\n<meta property=\"og:description\" content=\"Le module DJI Mavic 3 Enterprise Series RTK est compatible avec les drones DJI Mavic 3 Enterprise et Mavc 3 Thermal. Fournit un positionnement pr\u00e9cis au centim\u00e8tre lors de l&#039;utilisation du r\u00e9seau RTK, du r\u00e9seau personnalis\u00e9 RTK ou de la station mobile D-RTK 2. D\u00e9finir le contenu\u00a0: 1x module DJI Mavic 3 Enterprise RTK\" \/>\n<meta property=\"og:url\" content=\"https:\/\/visimind.store\/fr\/produkt\/module-rtk-pour-dji-mavic-3-entreprise-2\/\" \/>\n<meta property=\"og:site_name\" content=\"Visimind\" \/>\n<meta property=\"article:publisher\" content=\"https:\/\/www.facebook.com\/visimind\/?locale=pl_PL\" \/>\n<meta property=\"article:modified_time\" content=\"2024-08-27T07:43:02+00:00\" \/>\n<meta property=\"og:image\" content=\"https:\/\/visimind.store\/wp-content\/uploads\/2023\/12\/Modul-RTK-DJI-Mavic-3-Enterprise-2.jpg\" \/>\n\t<meta property=\"og:image:width\" content=\"600\" \/>\n\t<meta property=\"og:image:height\" content=\"600\" \/>\n\t<meta property=\"og:image:type\" content=\"image\/jpeg\" \/>\n<script type=\"application\/ld+json\" class=\"yoast-schema-graph\">{\"@context\":\"https:\/\/schema.org\",\"@graph\":[{\"@type\":\"WebPage\",\"@id\":\"https:\/\/visimind.store\/fr\/produkt\/module-rtk-pour-dji-mavic-3-entreprise-2\/\",\"url\":\"https:\/\/visimind.store\/fr\/produkt\/module-rtk-pour-dji-mavic-3-entreprise-2\/\",\"name\":\"Module RTK pour DJI Mavic 3 Entreprise &#8211; Visimind\",\"isPartOf\":{\"@id\":\"https:\/\/visimind.store\/fr\/#website\"},\"primaryImageOfPage\":{\"@id\":\"https:\/\/visimind.store\/fr\/produkt\/module-rtk-pour-dji-mavic-3-entreprise-2\/#primaryimage\"},\"image\":{\"@id\":\"https:\/\/visimind.store\/fr\/produkt\/module-rtk-pour-dji-mavic-3-entreprise-2\/#primaryimage\"},\"thumbnailUrl\":\"https:\/\/visimind.store\/wp-content\/uploads\/2023\/12\/Modul-RTK-DJI-Mavic-3-Enterprise-2.jpg\",\"datePublished\":\"2023-12-19T11:12:34+00:00\",\"dateModified\":\"2024-08-27T07:43:02+00:00\",\"breadcrumb\":{\"@id\":\"https:\/\/visimind.store\/fr\/produkt\/module-rtk-pour-dji-mavic-3-entreprise-2\/#breadcrumb\"},\"inLanguage\":\"fr-FR\",\"potentialAction\":[{\"@type\":\"ReadAction\",\"target\":[\"https:\/\/visimind.store\/fr\/produkt\/module-rtk-pour-dji-mavic-3-entreprise-2\/\"]}]},{\"@type\":\"ImageObject\",\"inLanguage\":\"fr-FR\",\"@id\":\"https:\/\/visimind.store\/fr\/produkt\/module-rtk-pour-dji-mavic-3-entreprise-2\/#primaryimage\",\"url\":\"https:\/\/visimind.store\/wp-content\/uploads\/2023\/12\/Modul-RTK-DJI-Mavic-3-Enterprise-2.jpg\",\"contentUrl\":\"https:\/\/visimind.store\/wp-content\/uploads\/2023\/12\/Modul-RTK-DJI-Mavic-3-Enterprise-2.jpg\",\"width\":600,\"height\":600},{\"@type\":\"BreadcrumbList\",\"@id\":\"https:\/\/visimind.store\/fr\/produkt\/module-rtk-pour-dji-mavic-3-entreprise-2\/#breadcrumb\",\"itemListElement\":[{\"@type\":\"ListItem\",\"position\":1,\"name\":\"Home\",\"item\":\"https:\/\/visimind.store\/fr\/\"},{\"@type\":\"ListItem\",\"position\":2,\"name\":\"Produits\",\"item\":\"https:\/\/visimind.store\/fr\/shop\/\"},{\"@type\":\"ListItem\",\"position\":3,\"name\":\"Module RTK pour DJI Mavic 3 Entreprise\"}]},{\"@type\":\"WebSite\",\"@id\":\"https:\/\/visimind.store\/fr\/#website\",\"url\":\"https:\/\/visimind.store\/fr\/\",\"name\":\"Visimind\",\"description\":\"GET THE PICTURE\",\"publisher\":{\"@id\":\"https:\/\/visimind.store\/fr\/#organization\"},\"alternateName\":\"vm\",\"potentialAction\":[{\"@type\":\"SearchAction\",\"target\":{\"@type\":\"EntryPoint\",\"urlTemplate\":\"https:\/\/visimind.store\/fr\/?s={search_term_string}\"},\"query-input\":\"required name=search_term_string\"}],\"inLanguage\":\"fr-FR\"},{\"@type\":\"Organization\",\"@id\":\"https:\/\/visimind.store\/fr\/#organization\",\"name\":\"Visimind Ltd Sp. z o.o.\",\"alternateName\":\"vm\",\"url\":\"https:\/\/visimind.store\/fr\/\",\"logo\":{\"@type\":\"ImageObject\",\"inLanguage\":\"fr-FR\",\"@id\":\"https:\/\/visimind.store\/fr\/#\/schema\/logo\/image\/\",\"url\":\"https:\/\/visimind.store\/wp-content\/uploads\/2024\/06\/VISIMIND-LOGO.png\",\"contentUrl\":\"https:\/\/visimind.store\/wp-content\/uploads\/2024\/06\/VISIMIND-LOGO.png\",\"width\":707,\"height\":214,\"caption\":\"Visimind Ltd Sp. z o.o.\"},\"image\":{\"@id\":\"https:\/\/visimind.store\/fr\/#\/schema\/logo\/image\/\"},\"sameAs\":[\"https:\/\/www.facebook.com\/visimind\/?locale=pl_PL\",\"https:\/\/www.linkedin.com\/company\/visimind-ab\"],\"description\":\"Visimind to mi\u0119dzynarodowa firma specjalizuj\u0105ca si\u0119 w zaawansowanych technologiach geoinformatycznych, fotogrametrii i zdalnego pozyskiwania danych. Organizacja dostarcza kompleksowe rozwi\u0105zania oparte na skaningu laserowym, zdj\u0119ciach lotniczych i mobilnych, danych LiDAR oraz analizach przestrzennych. Dzi\u0119ki wykorzystaniu nowoczesnych platform pomiarowych \u2013 w tym samolot\u00f3w, helikopter\u00f3w, pojazd\u00f3w mobilnych oraz system\u00f3w bezza\u0142ogowych \u2013 Visimind wspiera klient\u00f3w w precyzyjnym mapowaniu infrastruktury, monitoringu sieci i analizach technicznych. Firma dzia\u0142a w wielu krajach Europy, wsp\u00f3\u0142pracuj\u0105c z bran\u017cami energetyczn\u0105, gazownicz\u0105, kolejow\u0105, drogow\u0105, komunaln\u0105 oraz administracj\u0105 publiczn\u0105. Jej us\u0142ugi skupiaj\u0105 si\u0119 na dostarczaniu wysokiej jako\u015bci danych przestrzennych, tworzeniu cyfrowych modeli terenu oraz wdra\u017caniu system\u00f3w wspieraj\u0105cych zarz\u0105dzanie infrastruktur\u0105. Visimind \u0142\u0105czy wieloletnie do\u015bwiadczenie z innowacyjnymi technologiami, zapewniaj\u0105c klientom precyzyjne, rzetelne i skalowalne rozwi\u0105zania geoinformatyczne.\",\"email\":\"sklep@visimind.pl\",\"telephone\":\"89 541 04 52\",\"legalName\":\"VISIMIND LTD SP\u00d3\u0141KA Z OGRANICZON\u0104 ODPOWIEDZIALNO\u015aCI\u0104\",\"foundingDate\":\"2002-12-24\",\"numberOfEmployees\":{\"@type\":\"QuantitativeValue\",\"minValue\":\"51\",\"maxValue\":\"200\"},\"publishingPrinciples\":\"https:\/\/visimind.store\/visimind\/sklep\/\"}]}<\/script>\n<!-- \/ Yoast SEO Premium plugin. -->","yoast_head_json":{"title":"Module RTK pour DJI Mavic 3 Entreprise &#8211; Visimind","robots":{"index":"index","follow":"follow","max-snippet":"max-snippet:-1","max-image-preview":"max-image-preview:large","max-video-preview":"max-video-preview:-1"},"canonical":"https:\/\/visimind.store\/fr\/produkt\/module-rtk-pour-dji-mavic-3-entreprise-2\/","og_locale":"fr_FR","og_type":"article","og_title":"Module RTK pour DJI Mavic 3 Entreprise","og_description":"Le module DJI Mavic 3 Enterprise Series RTK est compatible avec les drones DJI Mavic 3 Enterprise et Mavc 3 Thermal. Fournit un positionnement pr\u00e9cis au centim\u00e8tre lors de l'utilisation du r\u00e9seau RTK, du r\u00e9seau personnalis\u00e9 RTK ou de la station mobile D-RTK 2. D\u00e9finir le contenu\u00a0: 1x module DJI Mavic 3 Enterprise RTK","og_url":"https:\/\/visimind.store\/fr\/produkt\/module-rtk-pour-dji-mavic-3-entreprise-2\/","og_site_name":"Visimind","article_publisher":"https:\/\/www.facebook.com\/visimind\/?locale=pl_PL","article_modified_time":"2024-08-27T07:43:02+00:00","og_image":[{"width":600,"height":600,"url":"https:\/\/visimind.store\/wp-content\/uploads\/2023\/12\/Modul-RTK-DJI-Mavic-3-Enterprise-2.jpg","type":"image\/jpeg"}],"schema":{"@context":"https:\/\/schema.org","@graph":[{"@type":"WebPage","@id":"https:\/\/visimind.store\/fr\/produkt\/module-rtk-pour-dji-mavic-3-entreprise-2\/","url":"https:\/\/visimind.store\/fr\/produkt\/module-rtk-pour-dji-mavic-3-entreprise-2\/","name":"Module RTK pour DJI Mavic 3 Entreprise &#8211; Visimind","isPartOf":{"@id":"https:\/\/visimind.store\/fr\/#website"},"primaryImageOfPage":{"@id":"https:\/\/visimind.store\/fr\/produkt\/module-rtk-pour-dji-mavic-3-entreprise-2\/#primaryimage"},"image":{"@id":"https:\/\/visimind.store\/fr\/produkt\/module-rtk-pour-dji-mavic-3-entreprise-2\/#primaryimage"},"thumbnailUrl":"https:\/\/visimind.store\/wp-content\/uploads\/2023\/12\/Modul-RTK-DJI-Mavic-3-Enterprise-2.jpg","datePublished":"2023-12-19T11:12:34+00:00","dateModified":"2024-08-27T07:43:02+00:00","breadcrumb":{"@id":"https:\/\/visimind.store\/fr\/produkt\/module-rtk-pour-dji-mavic-3-entreprise-2\/#breadcrumb"},"inLanguage":"fr-FR","potentialAction":[{"@type":"ReadAction","target":["https:\/\/visimind.store\/fr\/produkt\/module-rtk-pour-dji-mavic-3-entreprise-2\/"]}]},{"@type":"ImageObject","inLanguage":"fr-FR","@id":"https:\/\/visimind.store\/fr\/produkt\/module-rtk-pour-dji-mavic-3-entreprise-2\/#primaryimage","url":"https:\/\/visimind.store\/wp-content\/uploads\/2023\/12\/Modul-RTK-DJI-Mavic-3-Enterprise-2.jpg","contentUrl":"https:\/\/visimind.store\/wp-content\/uploads\/2023\/12\/Modul-RTK-DJI-Mavic-3-Enterprise-2.jpg","width":600,"height":600},{"@type":"BreadcrumbList","@id":"https:\/\/visimind.store\/fr\/produkt\/module-rtk-pour-dji-mavic-3-entreprise-2\/#breadcrumb","itemListElement":[{"@type":"ListItem","position":1,"name":"Home","item":"https:\/\/visimind.store\/fr\/"},{"@type":"ListItem","position":2,"name":"Produits","item":"https:\/\/visimind.store\/fr\/shop\/"},{"@type":"ListItem","position":3,"name":"Module RTK pour DJI Mavic 3 Entreprise"}]},{"@type":"WebSite","@id":"https:\/\/visimind.store\/fr\/#website","url":"https:\/\/visimind.store\/fr\/","name":"Visimind","description":"GET THE PICTURE","publisher":{"@id":"https:\/\/visimind.store\/fr\/#organization"},"alternateName":"vm","potentialAction":[{"@type":"SearchAction","target":{"@type":"EntryPoint","urlTemplate":"https:\/\/visimind.store\/fr\/?s={search_term_string}"},"query-input":"required name=search_term_string"}],"inLanguage":"fr-FR"},{"@type":"Organization","@id":"https:\/\/visimind.store\/fr\/#organization","name":"Visimind Ltd Sp. z o.o.","alternateName":"vm","url":"https:\/\/visimind.store\/fr\/","logo":{"@type":"ImageObject","inLanguage":"fr-FR","@id":"https:\/\/visimind.store\/fr\/#\/schema\/logo\/image\/","url":"https:\/\/visimind.store\/wp-content\/uploads\/2024\/06\/VISIMIND-LOGO.png","contentUrl":"https:\/\/visimind.store\/wp-content\/uploads\/2024\/06\/VISIMIND-LOGO.png","width":707,"height":214,"caption":"Visimind Ltd Sp. z o.o."},"image":{"@id":"https:\/\/visimind.store\/fr\/#\/schema\/logo\/image\/"},"sameAs":["https:\/\/www.facebook.com\/visimind\/?locale=pl_PL","https:\/\/www.linkedin.com\/company\/visimind-ab"],"description":"Visimind to mi\u0119dzynarodowa firma specjalizuj\u0105ca si\u0119 w zaawansowanych technologiach geoinformatycznych, fotogrametrii i zdalnego pozyskiwania danych. Organizacja dostarcza kompleksowe rozwi\u0105zania oparte na skaningu laserowym, zdj\u0119ciach lotniczych i mobilnych, danych LiDAR oraz analizach przestrzennych. Dzi\u0119ki wykorzystaniu nowoczesnych platform pomiarowych \u2013 w tym samolot\u00f3w, helikopter\u00f3w, pojazd\u00f3w mobilnych oraz system\u00f3w bezza\u0142ogowych \u2013 Visimind wspiera klient\u00f3w w precyzyjnym mapowaniu infrastruktury, monitoringu sieci i analizach technicznych. Firma dzia\u0142a w wielu krajach Europy, wsp\u00f3\u0142pracuj\u0105c z bran\u017cami energetyczn\u0105, gazownicz\u0105, kolejow\u0105, drogow\u0105, komunaln\u0105 oraz administracj\u0105 publiczn\u0105. Jej us\u0142ugi skupiaj\u0105 si\u0119 na dostarczaniu wysokiej jako\u015bci danych przestrzennych, tworzeniu cyfrowych modeli terenu oraz wdra\u017caniu system\u00f3w wspieraj\u0105cych zarz\u0105dzanie infrastruktur\u0105. Visimind \u0142\u0105czy wieloletnie do\u015bwiadczenie z innowacyjnymi technologiami, zapewniaj\u0105c klientom precyzyjne, rzetelne i skalowalne rozwi\u0105zania geoinformatyczne.","email":"sklep@visimind.pl","telephone":"89 541 04 52","legalName":"VISIMIND LTD SP\u00d3\u0141KA Z OGRANICZON\u0104 ODPOWIEDZIALNO\u015aCI\u0104","foundingDate":"2002-12-24","numberOfEmployees":{"@type":"QuantitativeValue","minValue":"51","maxValue":"200"},"publishingPrinciples":"https:\/\/visimind.store\/visimind\/sklep\/"}]}},"_links":{"self":[{"href":"https:\/\/visimind.store\/fr\/wp-json\/wp\/v2\/product\/3829"}],"collection":[{"href":"https:\/\/visimind.store\/fr\/wp-json\/wp\/v2\/product"}],"about":[{"href":"https:\/\/visimind.store\/fr\/wp-json\/wp\/v2\/types\/product"}],"replies":[{"embeddable":true,"href":"https:\/\/visimind.store\/fr\/wp-json\/wp\/v2\/comments?post=3829"}],"wp:featuredmedia":[{"embeddable":true,"href":"https:\/\/visimind.store\/fr\/wp-json\/wp\/v2\/media\/3643"}],"wp:attachment":[{"href":"https:\/\/visimind.store\/fr\/wp-json\/wp\/v2\/media?parent=3829"}],"wp:term":[{"taxonomy":"product_cat","embeddable":true,"href":"https:\/\/visimind.store\/fr\/wp-json\/wp\/v2\/product_cat?post=3829"},{"taxonomy":"product_tag","embeddable":true,"href":"https:\/\/visimind.store\/fr\/wp-json\/wp\/v2\/product_tag?post=3829"}],"curies":[{"name":"wp","href":"https:\/\/api.w.org\/{rel}","templated":true}]}}