{"id":2897,"date":"2024-05-17T14:07:20","date_gmt":"2024-05-17T12:07:20","guid":{"rendered":"https:\/\/visimind.store\/home-italiano\/informazioni-sullazienda\/"},"modified":"2024-06-27T12:03:59","modified_gmt":"2024-06-27T10:03:59","slug":"informazioni-sullazienda","status":"publish","type":"page","link":"https:\/\/visimind.store\/it\/home-italiano\/informazioni-sullazienda\/","title":{"rendered":"Informazioni sull&#8217;azienda"},"content":{"rendered":"<section class=\"l-section wpb_row height_medium\"><div class=\"l-section-h i-cf\"><div class=\"g-cols vc_row via_flex valign_top type_default stacking_default\"><div class=\"vc_col-sm-2 wpb_column vc_column_container\"><div class=\"vc_column-inner\"><div class=\"wpb_wrapper\"><\/div><\/div><\/div><div class=\"vc_col-sm-8 wpb_column vc_column_container\"><div class=\"vc_column-inner\"><div class=\"wpb_wrapper\"><h2 class=\"w-text us_custom_2706f36b has_text_color\"><span class=\"w-text-h\"><span class=\"w-text-value\">Chi siamo<\/span><\/span><\/h2><div class=\"w-separator size_medium\"><\/div><h2 class=\"w-text us_custom_330d0822\"><span class=\"w-text-h\"><span class=\"w-text-value\">La storia<\/span><\/span><\/h2><div class=\"wpb_text_column us_custom_845d8a28 has_text_color\"><div class=\"wpb_wrapper\"><p>Visimind \u00e8 un gruppo di aziende di portata internazionale. La sede centrale del Gruppo si trova a Stoccolma, in Svezia. L&#8217;azienda \u00e8 stata fondata nel 1997 come continuazione della ricerca condotta presso la Royal Academy of Technology (KTH) di Stoccolma. Il lavoro di ricerca si \u00e8 concentrato sulla MMT (Mobile Mapping Technology), sui metodi di misurazione automatica e sui sistemi di inventario basati su GIS e sull&#8217;analisi numerica delle immagini digitali. Nel 1998, il progetto ha ricevuto il Premio Giovane Autore al Simposio Internazionale ISPRS sull&#8217;Imaging in Tempo Reale e l&#8217;Analisi Dinamica a Hakodate, Giappone.<\/p>\n<\/div><\/div><div class=\"w-separator size_large\"><\/div><h2 class=\"w-text us_custom_330d0822\"><span class=\"w-text-h\"><span class=\"w-text-value\">Attivit\u00e0<\/span><\/span><\/h2><div class=\"wpb_text_column us_custom_8a839c75\"><div class=\"wpb_wrapper\"><p>Le nostre attivit\u00e0 possono essere suddivise in tre rami principali:<\/p>\n<ul>\n<li>servizi di mappatura e ispezione con un sistema di acquisizione dati proprietario<\/li>\n<li>vendite di prodotti finiti dei nostri partner (LiDAR, INS, software, sistemi di monitoraggio)<\/li>\n<li>servizi di integrazione per i moderni sensori LiDAR e IMU<\/li>\n<\/ul>\n<\/div><\/div><div class=\"w-separator size_large\"><\/div><h2 class=\"w-text us_custom_330d0822\"><span class=\"w-text-h\"><span class=\"w-text-value\">Servizi di mappatura 3D<\/span><\/span><\/h2><div class=\"wpb_text_column us_custom_8a839c75\"><div class=\"wpb_wrapper\"><p>Da oltre due decenni Visimind \u00e8 all&#8217;avanguardia nella fornitura di soluzioni e tecnologie all&#8217;avanguardia per l&#8217;acquisizione e l&#8217;elaborazione di immagini 2D e 3D e nuvole di punti da LiDAR. Specializzati in fotogrammetria mobile e tecnologie di telerilevamento con sistemi di posizionamento satellitare, forniamo soluzioni complete. La nostra offerta comprende software proprietari per la visualizzazione e l&#8217;analisi dei dati spaziali, integrati da server e postazioni di lavoro dedicate. Utilizzando sensori LiDAR all&#8217;avanguardia e una grande esperienza, siamo specializzati nella gestione di infrastrutture tecniche in modo professionale e sicuro. I nostri servizi includono. pianificazione degli investimenti, monitoraggio ambientale, implementazione di soluzioni smart city basate sull&#8217;acquisizione e l&#8217;analisi dei dati territoriali. Noi di Visimind siamo orgogliosi di offrire ai nostri clienti soluzioni personalizzate, tra cui il nostro software proprietario e la perfetta integrazione di diverse soluzioni tecnologiche.<\/p>\n<\/div><\/div><div class=\"w-separator size_large\"><\/div><h2 class=\"w-text us_custom_330d0822\"><span class=\"w-text-h\"><span class=\"w-text-value\">Vendita di sensori e droni<\/span><\/span><\/h2><div class=\"wpb_text_column us_custom_8a839c75\"><div class=\"wpb_wrapper\"><p>Dal 2016, la nostra attivit\u00e0 si \u00e8 ampliata fino a includere la distribuzione di sensori laser all&#8217;avanguardia e unit\u00e0 di navigazione inerziale di produttori riconosciuti come Velodyne, Ouster, Seyond e OxTS. Forniamo anche piattaforme volanti senza pilota dotate di vari sensori.<\/p>\n<p>Il nostro obiettivo \u00e8 chiaro: diventare il principale fornitore di tecnologia LiDAR in Europa.<\/p>\n<\/div><\/div><div class=\"w-separator size_large\"><\/div><h2 class=\"w-text us_custom_330d0822\"><span class=\"w-text-h\"><span class=\"w-text-value\">Servizi di integrazione per i moderni sensori LiDAR, IMU.<\/span><\/span><\/h2><div class=\"wpb_text_column us_custom_8a839c75\"><div class=\"wpb_wrapper\"><p>Non ci occupiamo solo della vendita di sensori standard, ma la nostra vasta conoscenza tecnica e la nostra esperienza ci permettono di offrire ai clienti un servizio completo per integrare i componenti in sistemi funzionanti. Per le integrazioni hardware preparate, offriamo sempre il nostro software, che permette di utilizzare i sistemi acquistati in modo semplice e senza problemi. Il nostro repertorio comprende sistemi di mappatura mobile &#8220;off-the-shelf&#8221;, dispositivi di misurazione a supporto dell&#8217;eliminazione della vegetazione, software di classe GIS e sistemi di mappatura mobile personalizzati integrati con varie piattaforme. Inoltre, offriamo dispositivi di monitoraggio basati su LiDAR come parte integrante delle soluzioni SmartCity.<\/p>\n<\/div><\/div><div class=\"w-separator size_large\"><\/div><h2 class=\"w-text us_custom_330d0822\"><span class=\"w-text-h\"><span class=\"w-text-value\">Il nostro impegno<\/span><\/span><\/h2><div class=\"wpb_text_column us_custom_8a839c75\"><div class=\"wpb_wrapper\"><p>Vogliamo sviluppare e mantenere relazioni eccellenti e a lungo termine con i nostri clienti. Ci impegniamo a garantire e mantenere il massimo livello di qualit\u00e0 e soddisfazione del cliente in tutte le nostre attivit\u00e0 e produzioni, attraverso un processo di miglioramento continuo.<\/p>\n<\/div><\/div><div class=\"w-separator size_large\"><\/div><h2 class=\"w-text us_custom_330d0822\"><span class=\"w-text-h\"><span class=\"w-text-value\">Il nostro motto \u00e8: &quot;Prendi l&#039;immagine&quot;.<\/span><\/span><\/h2><div class=\"wpb_text_column us_custom_8a839c75\"><div class=\"wpb_wrapper\"><p>Ti aiutiamo a comprendere tutti i processi che influenzano la realt\u00e0, analizzando, interpretando e presentando dati e fenomeni in modo accessibile e chiaro. Aiutiamo i nostri clienti a prendere decisioni informate basate su solide conoscenze e analisi fattuali.<\/p>\n<\/div><\/div><div class=\"w-separator size_medium\"><\/div><div class=\"wpb_text_column us_custom_1187d63f\"><div class=\"wpb_wrapper\"><p>Non esitare a contattarci se hai bisogno di uno dei nostri servizi: prepareremo un&#8217;offerta su misura per la tua attivit\u00e0.<\/p>\n<\/div><\/div><div class=\"w-separator size_medium\"><\/div><div class=\"w-btn-wrapper align_none\"><a class=\"w-btn us-btn-style_10 us_custom_35804391\" href=\"https:\/\/visimind.store\/it\/home-italiano\/forma\/\"><span class=\"w-btn-label\">Contattaci<\/span><\/a><\/div><\/div><\/div><\/div><div class=\"vc_col-sm-2 wpb_column vc_column_container\"><div class=\"vc_column-inner\"><div class=\"wpb_wrapper\"><\/div><\/div><\/div><\/div><\/div><\/section>\n","protected":false},"excerpt":{"rendered":"Chi siamoLa storiaVisimind \u00e8 un gruppo di aziende di portata internazionale. La sede centrale del Gruppo si trova a Stoccolma, in Svezia. L&#8217;azienda \u00e8 stata fondata nel 1997 come continuazione della ricerca condotta presso la Royal Academy of Technology (KTH) di Stoccolma. Il lavoro di ricerca si \u00e8 concentrato sulla MMT (Mobile Mapping Technology), sui...","protected":false},"author":6,"featured_media":0,"parent":26,"menu_order":0,"comment_status":"closed","ping_status":"closed","template":"","meta":{"footnotes":""},"yoast_head":"<!-- This site is optimized with the Yoast SEO Premium plugin v22.9 (Yoast SEO v22.9) - https:\/\/yoast.com\/wordpress\/plugins\/seo\/ -->\n<title>Informazioni sull&#039;azienda &#8211; Visimind<\/title>\n<meta name=\"robots\" content=\"index, follow, max-snippet:-1, max-image-preview:large, max-video-preview:-1\" \/>\n<link rel=\"canonical\" href=\"https:\/\/visimind.store\/it\/home-italiano\/informazioni-sullazienda\/\" \/>\n<meta property=\"og:locale\" content=\"it_IT\" \/>\n<meta property=\"og:type\" content=\"article\" \/>\n<meta property=\"og:title\" content=\"Informazioni sull&#039;azienda\" \/>\n<meta property=\"og:url\" content=\"https:\/\/visimind.store\/it\/home-italiano\/informazioni-sullazienda\/\" \/>\n<meta property=\"og:site_name\" content=\"Visimind\" \/>\n<meta property=\"article:publisher\" content=\"https:\/\/www.facebook.com\/visimind\/?locale=pl_PL\" \/>\n<meta property=\"article:modified_time\" content=\"2024-06-27T10:03:59+00:00\" \/>\n<meta property=\"og:image\" content=\"https:\/\/visimind.store\/wp-content\/uploads\/2024\/06\/VISIMIND-LOGO.png\" \/>\n\t<meta property=\"og:image:width\" content=\"707\" \/>\n\t<meta property=\"og:image:height\" content=\"214\" \/>\n\t<meta property=\"og:image:type\" content=\"image\/png\" \/>\n<script type=\"application\/ld+json\" class=\"yoast-schema-graph\">{\"@context\":\"https:\/\/schema.org\",\"@graph\":[{\"@type\":\"WebPage\",\"@id\":\"https:\/\/visimind.store\/it\/home-italiano\/informazioni-sullazienda\/\",\"url\":\"https:\/\/visimind.store\/it\/home-italiano\/informazioni-sullazienda\/\",\"name\":\"Informazioni sull'azienda &#8211; Visimind\",\"isPartOf\":{\"@id\":\"https:\/\/visimind.store\/it\/#website\"},\"datePublished\":\"2024-05-17T12:07:20+00:00\",\"dateModified\":\"2024-06-27T10:03:59+00:00\",\"breadcrumb\":{\"@id\":\"https:\/\/visimind.store\/it\/home-italiano\/informazioni-sullazienda\/#breadcrumb\"},\"inLanguage\":\"it-IT\",\"potentialAction\":[{\"@type\":\"ReadAction\",\"target\":[\"https:\/\/visimind.store\/it\/home-italiano\/informazioni-sullazienda\/\"]}]},{\"@type\":\"BreadcrumbList\",\"@id\":\"https:\/\/visimind.store\/it\/home-italiano\/informazioni-sullazienda\/#breadcrumb\",\"itemListElement\":[{\"@type\":\"ListItem\",\"position\":1,\"name\":\"Home\",\"item\":\"https:\/\/visimind.store\/it\/\"},{\"@type\":\"ListItem\",\"position\":2,\"name\":\"Casa\",\"item\":\"https:\/\/visimind.store\/it\/\"},{\"@type\":\"ListItem\",\"position\":3,\"name\":\"Informazioni sull&#8217;azienda\"}]},{\"@type\":\"WebSite\",\"@id\":\"https:\/\/visimind.store\/it\/#website\",\"url\":\"https:\/\/visimind.store\/it\/\",\"name\":\"Visimind\",\"description\":\"GET THE PICTURE\",\"publisher\":{\"@id\":\"https:\/\/visimind.store\/it\/#organization\"},\"alternateName\":\"vm\",\"potentialAction\":[{\"@type\":\"SearchAction\",\"target\":{\"@type\":\"EntryPoint\",\"urlTemplate\":\"https:\/\/visimind.store\/it\/?s={search_term_string}\"},\"query-input\":\"required name=search_term_string\"}],\"inLanguage\":\"it-IT\"},{\"@type\":\"Organization\",\"@id\":\"https:\/\/visimind.store\/it\/#organization\",\"name\":\"Visimind Ltd Sp. z o.o.\",\"alternateName\":\"vm\",\"url\":\"https:\/\/visimind.store\/it\/\",\"logo\":{\"@type\":\"ImageObject\",\"inLanguage\":\"it-IT\",\"@id\":\"https:\/\/visimind.store\/it\/#\/schema\/logo\/image\/\",\"url\":\"https:\/\/visimind.store\/wp-content\/uploads\/2024\/06\/VISIMIND-LOGO.png\",\"contentUrl\":\"https:\/\/visimind.store\/wp-content\/uploads\/2024\/06\/VISIMIND-LOGO.png\",\"width\":707,\"height\":214,\"caption\":\"Visimind Ltd Sp. z o.o.\"},\"image\":{\"@id\":\"https:\/\/visimind.store\/it\/#\/schema\/logo\/image\/\"},\"sameAs\":[\"https:\/\/www.facebook.com\/visimind\/?locale=pl_PL\",\"https:\/\/www.linkedin.com\/company\/visimind-ab\"],\"description\":\"Visimind to mi\u0119dzynarodowa firma specjalizuj\u0105ca si\u0119 w zaawansowanych technologiach geoinformatycznych, fotogrametrii i zdalnego pozyskiwania danych. Organizacja dostarcza kompleksowe rozwi\u0105zania oparte na skaningu laserowym, zdj\u0119ciach lotniczych i mobilnych, danych LiDAR oraz analizach przestrzennych. Dzi\u0119ki wykorzystaniu nowoczesnych platform pomiarowych \u2013 w tym samolot\u00f3w, helikopter\u00f3w, pojazd\u00f3w mobilnych oraz system\u00f3w bezza\u0142ogowych \u2013 Visimind wspiera klient\u00f3w w precyzyjnym mapowaniu infrastruktury, monitoringu sieci i analizach technicznych. Firma dzia\u0142a w wielu krajach Europy, wsp\u00f3\u0142pracuj\u0105c z bran\u017cami energetyczn\u0105, gazownicz\u0105, kolejow\u0105, drogow\u0105, komunaln\u0105 oraz administracj\u0105 publiczn\u0105. Jej us\u0142ugi skupiaj\u0105 si\u0119 na dostarczaniu wysokiej jako\u015bci danych przestrzennych, tworzeniu cyfrowych modeli terenu oraz wdra\u017caniu system\u00f3w wspieraj\u0105cych zarz\u0105dzanie infrastruktur\u0105. Visimind \u0142\u0105czy wieloletnie do\u015bwiadczenie z innowacyjnymi technologiami, zapewniaj\u0105c klientom precyzyjne, rzetelne i skalowalne rozwi\u0105zania geoinformatyczne.\",\"email\":\"sklep@visimind.pl\",\"telephone\":\"89 541 04 52\",\"legalName\":\"VISIMIND LTD SP\u00d3\u0141KA Z OGRANICZON\u0104 ODPOWIEDZIALNO\u015aCI\u0104\",\"foundingDate\":\"2002-12-24\",\"numberOfEmployees\":{\"@type\":\"QuantitativeValue\",\"minValue\":\"51\",\"maxValue\":\"200\"},\"publishingPrinciples\":\"https:\/\/visimind.store\/visimind\/sklep\/\"}]}<\/script>\n<!-- \/ Yoast SEO Premium plugin. -->","yoast_head_json":{"title":"Informazioni sull'azienda &#8211; Visimind","robots":{"index":"index","follow":"follow","max-snippet":"max-snippet:-1","max-image-preview":"max-image-preview:large","max-video-preview":"max-video-preview:-1"},"canonical":"https:\/\/visimind.store\/it\/home-italiano\/informazioni-sullazienda\/","og_locale":"it_IT","og_type":"article","og_title":"Informazioni sull'azienda","og_url":"https:\/\/visimind.store\/it\/home-italiano\/informazioni-sullazienda\/","og_site_name":"Visimind","article_publisher":"https:\/\/www.facebook.com\/visimind\/?locale=pl_PL","article_modified_time":"2024-06-27T10:03:59+00:00","og_image":[{"width":707,"height":214,"url":"https:\/\/visimind.store\/wp-content\/uploads\/2024\/06\/VISIMIND-LOGO.png","type":"image\/png"}],"schema":{"@context":"https:\/\/schema.org","@graph":[{"@type":"WebPage","@id":"https:\/\/visimind.store\/it\/home-italiano\/informazioni-sullazienda\/","url":"https:\/\/visimind.store\/it\/home-italiano\/informazioni-sullazienda\/","name":"Informazioni sull'azienda &#8211; Visimind","isPartOf":{"@id":"https:\/\/visimind.store\/it\/#website"},"datePublished":"2024-05-17T12:07:20+00:00","dateModified":"2024-06-27T10:03:59+00:00","breadcrumb":{"@id":"https:\/\/visimind.store\/it\/home-italiano\/informazioni-sullazienda\/#breadcrumb"},"inLanguage":"it-IT","potentialAction":[{"@type":"ReadAction","target":["https:\/\/visimind.store\/it\/home-italiano\/informazioni-sullazienda\/"]}]},{"@type":"BreadcrumbList","@id":"https:\/\/visimind.store\/it\/home-italiano\/informazioni-sullazienda\/#breadcrumb","itemListElement":[{"@type":"ListItem","position":1,"name":"Home","item":"https:\/\/visimind.store\/it\/"},{"@type":"ListItem","position":2,"name":"Casa","item":"https:\/\/visimind.store\/it\/"},{"@type":"ListItem","position":3,"name":"Informazioni sull&#8217;azienda"}]},{"@type":"WebSite","@id":"https:\/\/visimind.store\/it\/#website","url":"https:\/\/visimind.store\/it\/","name":"Visimind","description":"GET THE PICTURE","publisher":{"@id":"https:\/\/visimind.store\/it\/#organization"},"alternateName":"vm","potentialAction":[{"@type":"SearchAction","target":{"@type":"EntryPoint","urlTemplate":"https:\/\/visimind.store\/it\/?s={search_term_string}"},"query-input":"required name=search_term_string"}],"inLanguage":"it-IT"},{"@type":"Organization","@id":"https:\/\/visimind.store\/it\/#organization","name":"Visimind Ltd Sp. z o.o.","alternateName":"vm","url":"https:\/\/visimind.store\/it\/","logo":{"@type":"ImageObject","inLanguage":"it-IT","@id":"https:\/\/visimind.store\/it\/#\/schema\/logo\/image\/","url":"https:\/\/visimind.store\/wp-content\/uploads\/2024\/06\/VISIMIND-LOGO.png","contentUrl":"https:\/\/visimind.store\/wp-content\/uploads\/2024\/06\/VISIMIND-LOGO.png","width":707,"height":214,"caption":"Visimind Ltd Sp. z o.o."},"image":{"@id":"https:\/\/visimind.store\/it\/#\/schema\/logo\/image\/"},"sameAs":["https:\/\/www.facebook.com\/visimind\/?locale=pl_PL","https:\/\/www.linkedin.com\/company\/visimind-ab"],"description":"Visimind to mi\u0119dzynarodowa firma specjalizuj\u0105ca si\u0119 w zaawansowanych technologiach geoinformatycznych, fotogrametrii i zdalnego pozyskiwania danych. Organizacja dostarcza kompleksowe rozwi\u0105zania oparte na skaningu laserowym, zdj\u0119ciach lotniczych i mobilnych, danych LiDAR oraz analizach przestrzennych. Dzi\u0119ki wykorzystaniu nowoczesnych platform pomiarowych \u2013 w tym samolot\u00f3w, helikopter\u00f3w, pojazd\u00f3w mobilnych oraz system\u00f3w bezza\u0142ogowych \u2013 Visimind wspiera klient\u00f3w w precyzyjnym mapowaniu infrastruktury, monitoringu sieci i analizach technicznych. Firma dzia\u0142a w wielu krajach Europy, wsp\u00f3\u0142pracuj\u0105c z bran\u017cami energetyczn\u0105, gazownicz\u0105, kolejow\u0105, drogow\u0105, komunaln\u0105 oraz administracj\u0105 publiczn\u0105. Jej us\u0142ugi skupiaj\u0105 si\u0119 na dostarczaniu wysokiej jako\u015bci danych przestrzennych, tworzeniu cyfrowych modeli terenu oraz wdra\u017caniu system\u00f3w wspieraj\u0105cych zarz\u0105dzanie infrastruktur\u0105. Visimind \u0142\u0105czy wieloletnie do\u015bwiadczenie z innowacyjnymi technologiami, zapewniaj\u0105c klientom precyzyjne, rzetelne i skalowalne rozwi\u0105zania geoinformatyczne.","email":"sklep@visimind.pl","telephone":"89 541 04 52","legalName":"VISIMIND LTD SP\u00d3\u0141KA Z OGRANICZON\u0104 ODPOWIEDZIALNO\u015aCI\u0104","foundingDate":"2002-12-24","numberOfEmployees":{"@type":"QuantitativeValue","minValue":"51","maxValue":"200"},"publishingPrinciples":"https:\/\/visimind.store\/visimind\/sklep\/"}]}},"_links":{"self":[{"href":"https:\/\/visimind.store\/it\/wp-json\/wp\/v2\/pages\/2897"}],"collection":[{"href":"https:\/\/visimind.store\/it\/wp-json\/wp\/v2\/pages"}],"about":[{"href":"https:\/\/visimind.store\/it\/wp-json\/wp\/v2\/types\/page"}],"author":[{"embeddable":true,"href":"https:\/\/visimind.store\/it\/wp-json\/wp\/v2\/users\/6"}],"replies":[{"embeddable":true,"href":"https:\/\/visimind.store\/it\/wp-json\/wp\/v2\/comments?post=2897"}],"version-history":[{"count":2,"href":"https:\/\/visimind.store\/it\/wp-json\/wp\/v2\/pages\/2897\/revisions"}],"predecessor-version":[{"id":2899,"href":"https:\/\/visimind.store\/it\/wp-json\/wp\/v2\/pages\/2897\/revisions\/2899"}],"up":[{"embeddable":true,"href":"https:\/\/visimind.store\/it\/wp-json\/wp\/v2\/pages\/26"}],"wp:attachment":[{"href":"https:\/\/visimind.store\/it\/wp-json\/wp\/v2\/media?parent=2897"}],"curies":[{"name":"wp","href":"https:\/\/api.w.org\/{rel}","templated":true}]}}