{"id":3764,"date":"2024-04-18T12:05:56","date_gmt":"2024-04-18T10:05:56","guid":{"rendered":"https:\/\/visimind.store\/?post_type=product&#038;p=3764"},"modified":"2024-08-26T12:45:23","modified_gmt":"2024-08-26T10:45:23","slug":"kit-batteria-dji-mavic-3-enterprise","status":"publish","type":"product","link":"https:\/\/visimind.store\/it\/produkt\/kit-batteria-dji-mavic-3-enterprise\/","title":{"rendered":"Kit batteria DJI Mavic 3 Enterprise"},"content":{"rendered":"<section class=\"l-section wpb_row height_medium\"><div class=\"l-section-h i-cf\"><div class=\"g-cols vc_row via_flex valign_top type_default stacking_default\"><div class=\"vc_col-sm-12 wpb_column vc_column_container\"><div class=\"vc_column-inner\"><div class=\"wpb_wrapper\"><div class=\"w-tabs layout_hor style_default switch_click has_scrolling\" style=\"--sections-title-size:1em\"><div class=\"w-tabs-list items_1 align_none\"><div class=\"w-tabs-list-h\"><button class=\"w-tabs-item active with_icon\" aria-controls=\"content-p4c7\" aria-expanded=\"false\"><i class=\"fal fa-wrench\"><\/i><span class=\"w-tabs-item-title\">Specifiche tecniche<\/span><\/button><\/div><\/div><div class=\"w-tabs-sections titles-align_none icon_chevron cpos_right\"><div class=\"w-tabs-section active\" id=\"p4c7\"><button class=\"w-tabs-section-header active with_icon\" aria-controls=\"content-p4c7\" aria-expanded=\"true\"><i class=\"fal fa-wrench\"><\/i><div class=\"w-tabs-section-title\">Specifiche tecniche<\/div><div class=\"w-tabs-section-control\"><\/div><\/button><div  class=\"w-tabs-section-content\" id=\"content-p4c7\"><div class=\"w-tabs-section-content-h i-cf\"><div class=\"wpb_text_column\"><div class=\"wpb_wrapper\"><h5>BATTERIA<\/h5>\n<table style=\"border-collapse: collapse; width: 100%; height: 126px;\">\n<tbody>\n<tr style=\"altezza: 24px;\">\n<td style=\"larghezza: 50%; altezza: 24px;\">Modello<\/td>\n<td style=\"larghezza: 50%; altezza: 24px;\">BWX260-5000-15.4<\/td>\n<\/tr>\n<tr style=\"altezza: 24px;\">\n<td style=\"larghezza: 50%; altezza: 24px;\">Capacit\u00e0<\/td>\n<td style=\"larghezza: 50%; altezza: 24px;\">5000 mAh<\/td>\n<\/tr>\n<tr style=\"altezza: 29px;\">\n<td style=\"larghezza: 50%; altezza: 29px;\">Peso<\/td>\n<td style=\"larghezza: 50%; altezza: 29px;\">335,5 g<\/td>\n<\/tr>\n<tr style=\"altezza: 25px;\">\n<td style=\"larghezza: 50%; altezza: 25px;\">Tipo<\/td>\n<td style=\"larghezza: 50%; altezza: 25px;\">LiPo 4S<\/td>\n<\/tr>\n<tr style=\"altezza: 24px;\">\n<td style=\"width: 50%; altezza: 24px;\">Temperatura di caricamento<\/td>\n<td style=\"larghezza: 50%; altezza: 24px;\">Da 5\u00b0 a 40\u00b0 C<\/td>\n<\/tr>\n<\/tbody>\n<\/table>\n<h5><\/h5>\n<\/div><\/div><div class=\"wpb_text_column\"><div class=\"wpb_wrapper\"><h5>HUB DI RICARICA<\/h5>\n<table style=\"border-collapse: collapse; width: 100%; height: 267px;\">\n<tbody>\n<tr style=\"altezza: 24px;\">\n<td style=\"larghezza: 50%; altezza: 24px;\">Modello<\/td>\n<td style=\"larghezza: 50%; altezza: 24px;\">CHX265-100<\/td>\n<\/tr>\n<tr style=\"altezza: 24px;\">\n<td style=\"larghezza: 50%; altezza: 24px;\">Dimensioni<\/td>\n<td style=\"larghezza: 50%; altezza: 24px;\">150\u00d755\u00d728 mm<\/td>\n<\/tr>\n<tr style=\"altezza: 29px;\">\n<td style=\"larghezza: 50%; altezza: 29px;\">Peso<\/td>\n<td style=\"larghezza: 50%; altezza: 29px;\">116 g<\/td>\n<\/tr>\n<tr style=\"altezza: 25px;\">\n<td style=\"width: 50%; altezza: 25px;\">Temperatura operativa<\/td>\n<td style=\"larghezza: 50%; altezza: 25px;\">da 5\u00b0 a 40\u00b0<\/td>\n<\/tr>\n<tr style=\"altezza: 24px;\">\n<td style=\"larghezza: 50%; altezza: 24px;\">Input<\/td>\n<td style=\"larghezza: 50%; altezza: 24px;\">5-20 V, max 5 A<\/td>\n<\/tr>\n<tr style=\"altezza: 48px;\">\n<td style=\"width: 50%; altezza: 48px;\">Alimentatore compatibile<\/td>\n<td style=\"width: 50%; altezza: 48px;\">Caricatore USB-C DJI Enterprise da 100 W<\/td>\n<\/tr>\n<tr style=\"altezza: 93px;\">\n<td style=\"width: 50%; altezza: 93px;\">Tempo di caricamento<\/td>\n<td style=\"width: 50%; altezza: 93px;\">Circa 1 ora e 10 minuti (una batteria) Testato con caricabatterie USB-C DJI Enterprise da 100 W<\/td>\n<\/tr>\n<tr>\n<td style=\"width: 50%;\">Compatibilit\u00e0<\/td>\n<td style=\"width: 50%;\">DJI Mavic 3 Enterprise<br \/>\nDJI Mavic 3 termico<br \/>\nDJI Mavic 3 Multispettrale<\/td>\n<\/tr>\n<\/tbody>\n<\/table>\n<h5><\/h5>\n<\/div><\/div><\/div><\/div><\/div><\/div><\/div><\/div><\/div><\/div><\/div><\/div><\/section>\n","protected":false},"excerpt":{"rendered":"<p><strong>Incluso:<\/strong> Hub di ricarica DJI Mavic 3 Enterprise x1 Batteria drone x1<\/p>\n","protected":false},"featured_media":3765,"comment_status":"open","ping_status":"closed","template":"","meta":[],"product_cat":[282],"product_tag":[],"yoast_head":"<!-- This site is optimized with the Yoast SEO Premium plugin v22.9 (Yoast SEO v22.9) - https:\/\/yoast.com\/wordpress\/plugins\/seo\/ -->\n<title>Kit batteria DJI Mavic 3 Enterprise &#8211; Visimind<\/title>\n<meta name=\"robots\" content=\"index, follow, max-snippet:-1, max-image-preview:large, max-video-preview:-1\" \/>\n<link rel=\"canonical\" href=\"https:\/\/visimind.store\/it\/produkt\/kit-batteria-dji-mavic-3-enterprise\/\" \/>\n<meta property=\"og:locale\" content=\"it_IT\" \/>\n<meta property=\"og:type\" content=\"article\" \/>\n<meta property=\"og:title\" content=\"Kit batteria DJI Mavic 3 Enterprise\" \/>\n<meta property=\"og:description\" content=\"Incluso: Hub di ricarica DJI Mavic 3 Enterprise x1 Batteria drone x1\" \/>\n<meta property=\"og:url\" content=\"https:\/\/visimind.store\/it\/produkt\/kit-batteria-dji-mavic-3-enterprise\/\" \/>\n<meta property=\"og:site_name\" content=\"Visimind\" \/>\n<meta property=\"article:publisher\" content=\"https:\/\/www.facebook.com\/visimind\/?locale=pl_PL\" \/>\n<meta property=\"article:modified_time\" content=\"2024-08-26T10:45:23+00:00\" \/>\n<meta property=\"og:image\" content=\"https:\/\/visimind.store\/wp-content\/uploads\/2024\/04\/pol_pm_DJI-Mavic-3-Enterprise-Battery-Kit-26173_1.jpg\" \/>\n\t<meta property=\"og:image:width\" content=\"450\" \/>\n\t<meta property=\"og:image:height\" content=\"450\" \/>\n\t<meta property=\"og:image:type\" content=\"image\/jpeg\" \/>\n<script type=\"application\/ld+json\" class=\"yoast-schema-graph\">{\"@context\":\"https:\/\/schema.org\",\"@graph\":[{\"@type\":\"WebPage\",\"@id\":\"https:\/\/visimind.store\/it\/produkt\/kit-batteria-dji-mavic-3-enterprise\/\",\"url\":\"https:\/\/visimind.store\/it\/produkt\/kit-batteria-dji-mavic-3-enterprise\/\",\"name\":\"Kit batteria DJI Mavic 3 Enterprise &#8211; Visimind\",\"isPartOf\":{\"@id\":\"https:\/\/visimind.store\/it\/#website\"},\"primaryImageOfPage\":{\"@id\":\"https:\/\/visimind.store\/it\/produkt\/kit-batteria-dji-mavic-3-enterprise\/#primaryimage\"},\"image\":{\"@id\":\"https:\/\/visimind.store\/it\/produkt\/kit-batteria-dji-mavic-3-enterprise\/#primaryimage\"},\"thumbnailUrl\":\"https:\/\/visimind.store\/wp-content\/uploads\/2024\/04\/pol_pm_DJI-Mavic-3-Enterprise-Battery-Kit-26173_1.jpg\",\"datePublished\":\"2024-04-18T10:05:56+00:00\",\"dateModified\":\"2024-08-26T10:45:23+00:00\",\"breadcrumb\":{\"@id\":\"https:\/\/visimind.store\/it\/produkt\/kit-batteria-dji-mavic-3-enterprise\/#breadcrumb\"},\"inLanguage\":\"it-IT\",\"potentialAction\":[{\"@type\":\"ReadAction\",\"target\":[\"https:\/\/visimind.store\/it\/produkt\/kit-batteria-dji-mavic-3-enterprise\/\"]}]},{\"@type\":\"ImageObject\",\"inLanguage\":\"it-IT\",\"@id\":\"https:\/\/visimind.store\/it\/produkt\/kit-batteria-dji-mavic-3-enterprise\/#primaryimage\",\"url\":\"https:\/\/visimind.store\/wp-content\/uploads\/2024\/04\/pol_pm_DJI-Mavic-3-Enterprise-Battery-Kit-26173_1.jpg\",\"contentUrl\":\"https:\/\/visimind.store\/wp-content\/uploads\/2024\/04\/pol_pm_DJI-Mavic-3-Enterprise-Battery-Kit-26173_1.jpg\",\"width\":450,\"height\":450},{\"@type\":\"BreadcrumbList\",\"@id\":\"https:\/\/visimind.store\/it\/produkt\/kit-batteria-dji-mavic-3-enterprise\/#breadcrumb\",\"itemListElement\":[{\"@type\":\"ListItem\",\"position\":1,\"name\":\"Home\",\"item\":\"https:\/\/visimind.store\/it\/\"},{\"@type\":\"ListItem\",\"position\":2,\"name\":\"Prodotti\",\"item\":\"https:\/\/visimind.store\/it\/shop\/\"},{\"@type\":\"ListItem\",\"position\":3,\"name\":\"Kit batteria DJI Mavic 3 Enterprise\"}]},{\"@type\":\"WebSite\",\"@id\":\"https:\/\/visimind.store\/it\/#website\",\"url\":\"https:\/\/visimind.store\/it\/\",\"name\":\"Visimind\",\"description\":\"GET THE PICTURE\",\"publisher\":{\"@id\":\"https:\/\/visimind.store\/it\/#organization\"},\"alternateName\":\"vm\",\"potentialAction\":[{\"@type\":\"SearchAction\",\"target\":{\"@type\":\"EntryPoint\",\"urlTemplate\":\"https:\/\/visimind.store\/it\/?s={search_term_string}\"},\"query-input\":\"required name=search_term_string\"}],\"inLanguage\":\"it-IT\"},{\"@type\":\"Organization\",\"@id\":\"https:\/\/visimind.store\/it\/#organization\",\"name\":\"Visimind Ltd Sp. z o.o.\",\"alternateName\":\"vm\",\"url\":\"https:\/\/visimind.store\/it\/\",\"logo\":{\"@type\":\"ImageObject\",\"inLanguage\":\"it-IT\",\"@id\":\"https:\/\/visimind.store\/it\/#\/schema\/logo\/image\/\",\"url\":\"https:\/\/visimind.store\/wp-content\/uploads\/2024\/06\/VISIMIND-LOGO.png\",\"contentUrl\":\"https:\/\/visimind.store\/wp-content\/uploads\/2024\/06\/VISIMIND-LOGO.png\",\"width\":707,\"height\":214,\"caption\":\"Visimind Ltd Sp. z o.o.\"},\"image\":{\"@id\":\"https:\/\/visimind.store\/it\/#\/schema\/logo\/image\/\"},\"sameAs\":[\"https:\/\/www.facebook.com\/visimind\/?locale=pl_PL\",\"https:\/\/www.linkedin.com\/company\/visimind-ab\"],\"description\":\"Visimind to mi\u0119dzynarodowa firma specjalizuj\u0105ca si\u0119 w zaawansowanych technologiach geoinformatycznych, fotogrametrii i zdalnego pozyskiwania danych. Organizacja dostarcza kompleksowe rozwi\u0105zania oparte na skaningu laserowym, zdj\u0119ciach lotniczych i mobilnych, danych LiDAR oraz analizach przestrzennych. Dzi\u0119ki wykorzystaniu nowoczesnych platform pomiarowych \u2013 w tym samolot\u00f3w, helikopter\u00f3w, pojazd\u00f3w mobilnych oraz system\u00f3w bezza\u0142ogowych \u2013 Visimind wspiera klient\u00f3w w precyzyjnym mapowaniu infrastruktury, monitoringu sieci i analizach technicznych. Firma dzia\u0142a w wielu krajach Europy, wsp\u00f3\u0142pracuj\u0105c z bran\u017cami energetyczn\u0105, gazownicz\u0105, kolejow\u0105, drogow\u0105, komunaln\u0105 oraz administracj\u0105 publiczn\u0105. Jej us\u0142ugi skupiaj\u0105 si\u0119 na dostarczaniu wysokiej jako\u015bci danych przestrzennych, tworzeniu cyfrowych modeli terenu oraz wdra\u017caniu system\u00f3w wspieraj\u0105cych zarz\u0105dzanie infrastruktur\u0105. Visimind \u0142\u0105czy wieloletnie do\u015bwiadczenie z innowacyjnymi technologiami, zapewniaj\u0105c klientom precyzyjne, rzetelne i skalowalne rozwi\u0105zania geoinformatyczne.\",\"email\":\"sklep@visimind.pl\",\"telephone\":\"89 541 04 52\",\"legalName\":\"VISIMIND LTD SP\u00d3\u0141KA Z OGRANICZON\u0104 ODPOWIEDZIALNO\u015aCI\u0104\",\"foundingDate\":\"2002-12-24\",\"numberOfEmployees\":{\"@type\":\"QuantitativeValue\",\"minValue\":\"51\",\"maxValue\":\"200\"},\"publishingPrinciples\":\"https:\/\/visimind.store\/visimind\/sklep\/\"}]}<\/script>\n<!-- \/ Yoast SEO Premium plugin. -->","yoast_head_json":{"title":"Kit batteria DJI Mavic 3 Enterprise &#8211; Visimind","robots":{"index":"index","follow":"follow","max-snippet":"max-snippet:-1","max-image-preview":"max-image-preview:large","max-video-preview":"max-video-preview:-1"},"canonical":"https:\/\/visimind.store\/it\/produkt\/kit-batteria-dji-mavic-3-enterprise\/","og_locale":"it_IT","og_type":"article","og_title":"Kit batteria DJI Mavic 3 Enterprise","og_description":"Incluso: Hub di ricarica DJI Mavic 3 Enterprise x1 Batteria drone x1","og_url":"https:\/\/visimind.store\/it\/produkt\/kit-batteria-dji-mavic-3-enterprise\/","og_site_name":"Visimind","article_publisher":"https:\/\/www.facebook.com\/visimind\/?locale=pl_PL","article_modified_time":"2024-08-26T10:45:23+00:00","og_image":[{"width":450,"height":450,"url":"https:\/\/visimind.store\/wp-content\/uploads\/2024\/04\/pol_pm_DJI-Mavic-3-Enterprise-Battery-Kit-26173_1.jpg","type":"image\/jpeg"}],"schema":{"@context":"https:\/\/schema.org","@graph":[{"@type":"WebPage","@id":"https:\/\/visimind.store\/it\/produkt\/kit-batteria-dji-mavic-3-enterprise\/","url":"https:\/\/visimind.store\/it\/produkt\/kit-batteria-dji-mavic-3-enterprise\/","name":"Kit batteria DJI Mavic 3 Enterprise &#8211; Visimind","isPartOf":{"@id":"https:\/\/visimind.store\/it\/#website"},"primaryImageOfPage":{"@id":"https:\/\/visimind.store\/it\/produkt\/kit-batteria-dji-mavic-3-enterprise\/#primaryimage"},"image":{"@id":"https:\/\/visimind.store\/it\/produkt\/kit-batteria-dji-mavic-3-enterprise\/#primaryimage"},"thumbnailUrl":"https:\/\/visimind.store\/wp-content\/uploads\/2024\/04\/pol_pm_DJI-Mavic-3-Enterprise-Battery-Kit-26173_1.jpg","datePublished":"2024-04-18T10:05:56+00:00","dateModified":"2024-08-26T10:45:23+00:00","breadcrumb":{"@id":"https:\/\/visimind.store\/it\/produkt\/kit-batteria-dji-mavic-3-enterprise\/#breadcrumb"},"inLanguage":"it-IT","potentialAction":[{"@type":"ReadAction","target":["https:\/\/visimind.store\/it\/produkt\/kit-batteria-dji-mavic-3-enterprise\/"]}]},{"@type":"ImageObject","inLanguage":"it-IT","@id":"https:\/\/visimind.store\/it\/produkt\/kit-batteria-dji-mavic-3-enterprise\/#primaryimage","url":"https:\/\/visimind.store\/wp-content\/uploads\/2024\/04\/pol_pm_DJI-Mavic-3-Enterprise-Battery-Kit-26173_1.jpg","contentUrl":"https:\/\/visimind.store\/wp-content\/uploads\/2024\/04\/pol_pm_DJI-Mavic-3-Enterprise-Battery-Kit-26173_1.jpg","width":450,"height":450},{"@type":"BreadcrumbList","@id":"https:\/\/visimind.store\/it\/produkt\/kit-batteria-dji-mavic-3-enterprise\/#breadcrumb","itemListElement":[{"@type":"ListItem","position":1,"name":"Home","item":"https:\/\/visimind.store\/it\/"},{"@type":"ListItem","position":2,"name":"Prodotti","item":"https:\/\/visimind.store\/it\/shop\/"},{"@type":"ListItem","position":3,"name":"Kit batteria DJI Mavic 3 Enterprise"}]},{"@type":"WebSite","@id":"https:\/\/visimind.store\/it\/#website","url":"https:\/\/visimind.store\/it\/","name":"Visimind","description":"GET THE PICTURE","publisher":{"@id":"https:\/\/visimind.store\/it\/#organization"},"alternateName":"vm","potentialAction":[{"@type":"SearchAction","target":{"@type":"EntryPoint","urlTemplate":"https:\/\/visimind.store\/it\/?s={search_term_string}"},"query-input":"required name=search_term_string"}],"inLanguage":"it-IT"},{"@type":"Organization","@id":"https:\/\/visimind.store\/it\/#organization","name":"Visimind Ltd Sp. z o.o.","alternateName":"vm","url":"https:\/\/visimind.store\/it\/","logo":{"@type":"ImageObject","inLanguage":"it-IT","@id":"https:\/\/visimind.store\/it\/#\/schema\/logo\/image\/","url":"https:\/\/visimind.store\/wp-content\/uploads\/2024\/06\/VISIMIND-LOGO.png","contentUrl":"https:\/\/visimind.store\/wp-content\/uploads\/2024\/06\/VISIMIND-LOGO.png","width":707,"height":214,"caption":"Visimind Ltd Sp. z o.o."},"image":{"@id":"https:\/\/visimind.store\/it\/#\/schema\/logo\/image\/"},"sameAs":["https:\/\/www.facebook.com\/visimind\/?locale=pl_PL","https:\/\/www.linkedin.com\/company\/visimind-ab"],"description":"Visimind to mi\u0119dzynarodowa firma specjalizuj\u0105ca si\u0119 w zaawansowanych technologiach geoinformatycznych, fotogrametrii i zdalnego pozyskiwania danych. Organizacja dostarcza kompleksowe rozwi\u0105zania oparte na skaningu laserowym, zdj\u0119ciach lotniczych i mobilnych, danych LiDAR oraz analizach przestrzennych. Dzi\u0119ki wykorzystaniu nowoczesnych platform pomiarowych \u2013 w tym samolot\u00f3w, helikopter\u00f3w, pojazd\u00f3w mobilnych oraz system\u00f3w bezza\u0142ogowych \u2013 Visimind wspiera klient\u00f3w w precyzyjnym mapowaniu infrastruktury, monitoringu sieci i analizach technicznych. Firma dzia\u0142a w wielu krajach Europy, wsp\u00f3\u0142pracuj\u0105c z bran\u017cami energetyczn\u0105, gazownicz\u0105, kolejow\u0105, drogow\u0105, komunaln\u0105 oraz administracj\u0105 publiczn\u0105. Jej us\u0142ugi skupiaj\u0105 si\u0119 na dostarczaniu wysokiej jako\u015bci danych przestrzennych, tworzeniu cyfrowych modeli terenu oraz wdra\u017caniu system\u00f3w wspieraj\u0105cych zarz\u0105dzanie infrastruktur\u0105. Visimind \u0142\u0105czy wieloletnie do\u015bwiadczenie z innowacyjnymi technologiami, zapewniaj\u0105c klientom precyzyjne, rzetelne i skalowalne rozwi\u0105zania geoinformatyczne.","email":"sklep@visimind.pl","telephone":"89 541 04 52","legalName":"VISIMIND LTD SP\u00d3\u0141KA Z OGRANICZON\u0104 ODPOWIEDZIALNO\u015aCI\u0104","foundingDate":"2002-12-24","numberOfEmployees":{"@type":"QuantitativeValue","minValue":"51","maxValue":"200"},"publishingPrinciples":"https:\/\/visimind.store\/visimind\/sklep\/"}]}},"_links":{"self":[{"href":"https:\/\/visimind.store\/it\/wp-json\/wp\/v2\/product\/3764"}],"collection":[{"href":"https:\/\/visimind.store\/it\/wp-json\/wp\/v2\/product"}],"about":[{"href":"https:\/\/visimind.store\/it\/wp-json\/wp\/v2\/types\/product"}],"replies":[{"embeddable":true,"href":"https:\/\/visimind.store\/it\/wp-json\/wp\/v2\/comments?post=3764"}],"wp:featuredmedia":[{"embeddable":true,"href":"https:\/\/visimind.store\/it\/wp-json\/wp\/v2\/media\/3765"}],"wp:attachment":[{"href":"https:\/\/visimind.store\/it\/wp-json\/wp\/v2\/media?parent=3764"}],"wp:term":[{"taxonomy":"product_cat","embeddable":true,"href":"https:\/\/visimind.store\/it\/wp-json\/wp\/v2\/product_cat?post=3764"},{"taxonomy":"product_tag","embeddable":true,"href":"https:\/\/visimind.store\/it\/wp-json\/wp\/v2\/product_tag?post=3764"}],"curies":[{"name":"wp","href":"https:\/\/api.w.org\/{rel}","templated":true}]}}