{"id":3773,"date":"2024-04-18T10:25:14","date_gmt":"2024-04-18T08:25:14","guid":{"rendered":"https:\/\/visimind.store\/?post_type=product&#038;p=3773"},"modified":"2024-08-26T12:55:26","modified_gmt":"2024-08-26T10:55:26","slug":"supporto-gimbal-a-doppio-fondo-per-dji-matrice-300-350-rtk","status":"publish","type":"product","link":"https:\/\/visimind.store\/it\/produkt\/supporto-gimbal-a-doppio-fondo-per-dji-matrice-300-350-rtk\/","title":{"rendered":"Supporto gimbal a doppio fondo per DJI Matrice 300\/350 RTK"},"content":{"rendered":"<section class=\"l-section wpb_row height_medium\"><div class=\"l-section-h i-cf\"><div class=\"g-cols vc_row via_flex valign_top type_default stacking_default\"><div class=\"vc_col-sm-12 wpb_column vc_column_container\"><div class=\"vc_column-inner\"><div class=\"wpb_wrapper\"><div class=\"w-tabs layout_hor style_default switch_click has_scrolling\" style=\"--sections-title-size:1em\"><div class=\"w-tabs-list items_1 align_none\"><div class=\"w-tabs-list-h\"><button class=\"w-tabs-item active with_icon\" aria-controls=\"content-v2d1\" aria-expanded=\"false\"><i class=\"fal fa-wrench\"><\/i><span class=\"w-tabs-item-title\">Specifiche tecniche<\/span><\/button><\/div><\/div><div class=\"w-tabs-sections titles-align_none icon_chevron cpos_right\"><div class=\"w-tabs-section active\" id=\"v2d1\"><button class=\"w-tabs-section-header active with_icon\" aria-controls=\"content-v2d1\" aria-expanded=\"true\"><i class=\"fal fa-wrench\"><\/i><div class=\"w-tabs-section-title\">Specifiche tecniche<\/div><div class=\"w-tabs-section-control\"><\/div><\/button><div  class=\"w-tabs-section-content\" id=\"content-v2d1\"><div class=\"w-tabs-section-content-h i-cf\"><div class=\"wpb_text_column\"><div class=\"wpb_wrapper\"><table style=\"width: 85.5019%; height: 66px;\">\n<tbody>\n<tr style=\"altezza: 56px;\">\n<td style=\"altezza: 56px; larghezza: 47,5%;\">\n<p align=\"justify\">Compatibilit\u00e0<\/p>\n<\/td>\n<td style=\"altezza: 56px; larghezza: 111,25%;\">\n<p align=\"justify\">Matrice 300 RTK<\/p>\n<p align=\"justify\">Matrice 350 RTK<\/p>\n<\/td>\n<\/tr>\n<\/tbody>\n<\/table>\n<\/div><\/div><\/div><\/div><\/div><\/div><\/div><\/div><\/div><\/div><\/div><\/div><\/section>\n","protected":false},"excerpt":{"rendered":"<p><strong>Visione perfetta anche nelle giornate molto soleggiate <\/strong>L&#8217;innovativo DJI Smart Controller Enterprise per droni Matrice 300 RTK \u00e8 uno strumento perfetto per i professionisti. Dotato di display da 5,5 pollici con risoluzione 1080p ed elevata luminosit\u00e0, garantisce un&#8217;ottima leggibilit\u00e0 anche in condizioni di luce solare intensa. Grazie alla modalit\u00e0 avanzata a doppio controllo, due operatori possono non solo gestire efficacemente il drone, ma anche trasferire in modo efficiente il controllo del drone o del carico utile tra di loro, consentendo un lavoro di squadra ancora pi\u00f9 efficace. \u00c8 una soluzione affidabile per applicazioni impegnative. <strong>Incluso nel set:<\/strong> DJI Smart Controller Enterprise x1 Isolatore di vibrazioni di ricambio x8 Set di strumenti di assemblaggio x1<\/p>\n","protected":false},"featured_media":3774,"comment_status":"open","ping_status":"closed","template":"","meta":[],"product_cat":[282],"product_tag":[],"yoast_head":"<!-- This site is optimized with the Yoast SEO Premium plugin v22.9 (Yoast SEO v22.9) - https:\/\/yoast.com\/wordpress\/plugins\/seo\/ -->\n<title>Supporto gimbal a doppio fondo per DJI Matrice 300\/350 RTK &#8211; Visimind<\/title>\n<meta name=\"robots\" content=\"index, follow, max-snippet:-1, max-image-preview:large, max-video-preview:-1\" \/>\n<link rel=\"canonical\" href=\"https:\/\/visimind.store\/it\/produkt\/supporto-gimbal-a-doppio-fondo-per-dji-matrice-300-350-rtk\/\" \/>\n<meta property=\"og:locale\" content=\"it_IT\" \/>\n<meta property=\"og:type\" content=\"article\" \/>\n<meta property=\"og:title\" content=\"Supporto gimbal a doppio fondo per DJI Matrice 300\/350 RTK\" \/>\n<meta property=\"og:description\" content=\"Visione perfetta anche nelle giornate molto soleggiate L&#039;innovativo DJI Smart Controller Enterprise per droni Matrice 300 RTK \u00e8 uno strumento perfetto per i professionisti. Dotato di display da 5,5 pollici con risoluzione 1080p ed elevata luminosit\u00e0, garantisce un&#039;ottima leggibilit\u00e0 anche in condizioni di luce solare intensa. Grazie alla modalit\u00e0 avanzata a doppio controllo, due operatori possono non solo gestire efficacemente il drone, ma anche trasferire in modo efficiente il controllo del drone o del carico utile tra di loro, consentendo un lavoro di squadra ancora pi\u00f9 efficace. \u00c8 una soluzione affidabile per applicazioni impegnative. Incluso nel set: DJI Smart Controller Enterprise x1 Isolatore di vibrazioni di ricambio x8 Set di strumenti di assemblaggio x1\" \/>\n<meta property=\"og:url\" content=\"https:\/\/visimind.store\/it\/produkt\/supporto-gimbal-a-doppio-fondo-per-dji-matrice-300-350-rtk\/\" \/>\n<meta property=\"og:site_name\" content=\"Visimind\" \/>\n<meta property=\"article:publisher\" content=\"https:\/\/www.facebook.com\/visimind\/?locale=pl_PL\" \/>\n<meta property=\"article:modified_time\" content=\"2024-08-26T10:55:26+00:00\" \/>\n<meta property=\"og:image\" content=\"https:\/\/visimind.store\/wp-content\/uploads\/2024\/04\/pol_pm_Podwojne-dolne-mocowanie-gimbala-do-DJI-Matrice-300-350-RTK-18014_4.jpg\" \/>\n\t<meta property=\"og:image:width\" content=\"450\" \/>\n\t<meta property=\"og:image:height\" content=\"450\" \/>\n\t<meta property=\"og:image:type\" content=\"image\/jpeg\" \/>\n<script type=\"application\/ld+json\" class=\"yoast-schema-graph\">{\"@context\":\"https:\/\/schema.org\",\"@graph\":[{\"@type\":\"WebPage\",\"@id\":\"https:\/\/visimind.store\/it\/produkt\/supporto-gimbal-a-doppio-fondo-per-dji-matrice-300-350-rtk\/\",\"url\":\"https:\/\/visimind.store\/it\/produkt\/supporto-gimbal-a-doppio-fondo-per-dji-matrice-300-350-rtk\/\",\"name\":\"Supporto gimbal a doppio fondo per DJI Matrice 300\/350 RTK &#8211; Visimind\",\"isPartOf\":{\"@id\":\"https:\/\/visimind.store\/it\/#website\"},\"primaryImageOfPage\":{\"@id\":\"https:\/\/visimind.store\/it\/produkt\/supporto-gimbal-a-doppio-fondo-per-dji-matrice-300-350-rtk\/#primaryimage\"},\"image\":{\"@id\":\"https:\/\/visimind.store\/it\/produkt\/supporto-gimbal-a-doppio-fondo-per-dji-matrice-300-350-rtk\/#primaryimage\"},\"thumbnailUrl\":\"https:\/\/visimind.store\/wp-content\/uploads\/2024\/04\/pol_pm_Podwojne-dolne-mocowanie-gimbala-do-DJI-Matrice-300-350-RTK-18014_4.jpg\",\"datePublished\":\"2024-04-18T08:25:14+00:00\",\"dateModified\":\"2024-08-26T10:55:26+00:00\",\"breadcrumb\":{\"@id\":\"https:\/\/visimind.store\/it\/produkt\/supporto-gimbal-a-doppio-fondo-per-dji-matrice-300-350-rtk\/#breadcrumb\"},\"inLanguage\":\"it-IT\",\"potentialAction\":[{\"@type\":\"ReadAction\",\"target\":[\"https:\/\/visimind.store\/it\/produkt\/supporto-gimbal-a-doppio-fondo-per-dji-matrice-300-350-rtk\/\"]}]},{\"@type\":\"ImageObject\",\"inLanguage\":\"it-IT\",\"@id\":\"https:\/\/visimind.store\/it\/produkt\/supporto-gimbal-a-doppio-fondo-per-dji-matrice-300-350-rtk\/#primaryimage\",\"url\":\"https:\/\/visimind.store\/wp-content\/uploads\/2024\/04\/pol_pm_Podwojne-dolne-mocowanie-gimbala-do-DJI-Matrice-300-350-RTK-18014_4.jpg\",\"contentUrl\":\"https:\/\/visimind.store\/wp-content\/uploads\/2024\/04\/pol_pm_Podwojne-dolne-mocowanie-gimbala-do-DJI-Matrice-300-350-RTK-18014_4.jpg\",\"width\":450,\"height\":450},{\"@type\":\"BreadcrumbList\",\"@id\":\"https:\/\/visimind.store\/it\/produkt\/supporto-gimbal-a-doppio-fondo-per-dji-matrice-300-350-rtk\/#breadcrumb\",\"itemListElement\":[{\"@type\":\"ListItem\",\"position\":1,\"name\":\"Home\",\"item\":\"https:\/\/visimind.store\/it\/\"},{\"@type\":\"ListItem\",\"position\":2,\"name\":\"Prodotti\",\"item\":\"https:\/\/visimind.store\/it\/shop\/\"},{\"@type\":\"ListItem\",\"position\":3,\"name\":\"Supporto gimbal a doppio fondo per DJI Matrice 300\/350 RTK\"}]},{\"@type\":\"WebSite\",\"@id\":\"https:\/\/visimind.store\/it\/#website\",\"url\":\"https:\/\/visimind.store\/it\/\",\"name\":\"Visimind\",\"description\":\"GET THE PICTURE\",\"publisher\":{\"@id\":\"https:\/\/visimind.store\/it\/#organization\"},\"alternateName\":\"vm\",\"potentialAction\":[{\"@type\":\"SearchAction\",\"target\":{\"@type\":\"EntryPoint\",\"urlTemplate\":\"https:\/\/visimind.store\/it\/?s={search_term_string}\"},\"query-input\":\"required name=search_term_string\"}],\"inLanguage\":\"it-IT\"},{\"@type\":\"Organization\",\"@id\":\"https:\/\/visimind.store\/it\/#organization\",\"name\":\"Visimind Ltd Sp. z o.o.\",\"alternateName\":\"vm\",\"url\":\"https:\/\/visimind.store\/it\/\",\"logo\":{\"@type\":\"ImageObject\",\"inLanguage\":\"it-IT\",\"@id\":\"https:\/\/visimind.store\/it\/#\/schema\/logo\/image\/\",\"url\":\"https:\/\/visimind.store\/wp-content\/uploads\/2024\/06\/VISIMIND-LOGO.png\",\"contentUrl\":\"https:\/\/visimind.store\/wp-content\/uploads\/2024\/06\/VISIMIND-LOGO.png\",\"width\":707,\"height\":214,\"caption\":\"Visimind Ltd Sp. z o.o.\"},\"image\":{\"@id\":\"https:\/\/visimind.store\/it\/#\/schema\/logo\/image\/\"},\"sameAs\":[\"https:\/\/www.facebook.com\/visimind\/?locale=pl_PL\",\"https:\/\/www.linkedin.com\/company\/visimind-ab\"],\"description\":\"Visimind to mi\u0119dzynarodowa firma specjalizuj\u0105ca si\u0119 w zaawansowanych technologiach geoinformatycznych, fotogrametrii i zdalnego pozyskiwania danych. Organizacja dostarcza kompleksowe rozwi\u0105zania oparte na skaningu laserowym, zdj\u0119ciach lotniczych i mobilnych, danych LiDAR oraz analizach przestrzennych. Dzi\u0119ki wykorzystaniu nowoczesnych platform pomiarowych \u2013 w tym samolot\u00f3w, helikopter\u00f3w, pojazd\u00f3w mobilnych oraz system\u00f3w bezza\u0142ogowych \u2013 Visimind wspiera klient\u00f3w w precyzyjnym mapowaniu infrastruktury, monitoringu sieci i analizach technicznych. Firma dzia\u0142a w wielu krajach Europy, wsp\u00f3\u0142pracuj\u0105c z bran\u017cami energetyczn\u0105, gazownicz\u0105, kolejow\u0105, drogow\u0105, komunaln\u0105 oraz administracj\u0105 publiczn\u0105. Jej us\u0142ugi skupiaj\u0105 si\u0119 na dostarczaniu wysokiej jako\u015bci danych przestrzennych, tworzeniu cyfrowych modeli terenu oraz wdra\u017caniu system\u00f3w wspieraj\u0105cych zarz\u0105dzanie infrastruktur\u0105. Visimind \u0142\u0105czy wieloletnie do\u015bwiadczenie z innowacyjnymi technologiami, zapewniaj\u0105c klientom precyzyjne, rzetelne i skalowalne rozwi\u0105zania geoinformatyczne.\",\"email\":\"sklep@visimind.pl\",\"telephone\":\"89 541 04 52\",\"legalName\":\"VISIMIND LTD SP\u00d3\u0141KA Z OGRANICZON\u0104 ODPOWIEDZIALNO\u015aCI\u0104\",\"foundingDate\":\"2002-12-24\",\"numberOfEmployees\":{\"@type\":\"QuantitativeValue\",\"minValue\":\"51\",\"maxValue\":\"200\"},\"publishingPrinciples\":\"https:\/\/visimind.store\/visimind\/sklep\/\"}]}<\/script>\n<!-- \/ Yoast SEO Premium plugin. -->","yoast_head_json":{"title":"Supporto gimbal a doppio fondo per DJI Matrice 300\/350 RTK &#8211; Visimind","robots":{"index":"index","follow":"follow","max-snippet":"max-snippet:-1","max-image-preview":"max-image-preview:large","max-video-preview":"max-video-preview:-1"},"canonical":"https:\/\/visimind.store\/it\/produkt\/supporto-gimbal-a-doppio-fondo-per-dji-matrice-300-350-rtk\/","og_locale":"it_IT","og_type":"article","og_title":"Supporto gimbal a doppio fondo per DJI Matrice 300\/350 RTK","og_description":"Visione perfetta anche nelle giornate molto soleggiate L'innovativo DJI Smart Controller Enterprise per droni Matrice 300 RTK \u00e8 uno strumento perfetto per i professionisti. Dotato di display da 5,5 pollici con risoluzione 1080p ed elevata luminosit\u00e0, garantisce un'ottima leggibilit\u00e0 anche in condizioni di luce solare intensa. Grazie alla modalit\u00e0 avanzata a doppio controllo, due operatori possono non solo gestire efficacemente il drone, ma anche trasferire in modo efficiente il controllo del drone o del carico utile tra di loro, consentendo un lavoro di squadra ancora pi\u00f9 efficace. \u00c8 una soluzione affidabile per applicazioni impegnative. Incluso nel set: DJI Smart Controller Enterprise x1 Isolatore di vibrazioni di ricambio x8 Set di strumenti di assemblaggio x1","og_url":"https:\/\/visimind.store\/it\/produkt\/supporto-gimbal-a-doppio-fondo-per-dji-matrice-300-350-rtk\/","og_site_name":"Visimind","article_publisher":"https:\/\/www.facebook.com\/visimind\/?locale=pl_PL","article_modified_time":"2024-08-26T10:55:26+00:00","og_image":[{"width":450,"height":450,"url":"https:\/\/visimind.store\/wp-content\/uploads\/2024\/04\/pol_pm_Podwojne-dolne-mocowanie-gimbala-do-DJI-Matrice-300-350-RTK-18014_4.jpg","type":"image\/jpeg"}],"schema":{"@context":"https:\/\/schema.org","@graph":[{"@type":"WebPage","@id":"https:\/\/visimind.store\/it\/produkt\/supporto-gimbal-a-doppio-fondo-per-dji-matrice-300-350-rtk\/","url":"https:\/\/visimind.store\/it\/produkt\/supporto-gimbal-a-doppio-fondo-per-dji-matrice-300-350-rtk\/","name":"Supporto gimbal a doppio fondo per DJI Matrice 300\/350 RTK &#8211; Visimind","isPartOf":{"@id":"https:\/\/visimind.store\/it\/#website"},"primaryImageOfPage":{"@id":"https:\/\/visimind.store\/it\/produkt\/supporto-gimbal-a-doppio-fondo-per-dji-matrice-300-350-rtk\/#primaryimage"},"image":{"@id":"https:\/\/visimind.store\/it\/produkt\/supporto-gimbal-a-doppio-fondo-per-dji-matrice-300-350-rtk\/#primaryimage"},"thumbnailUrl":"https:\/\/visimind.store\/wp-content\/uploads\/2024\/04\/pol_pm_Podwojne-dolne-mocowanie-gimbala-do-DJI-Matrice-300-350-RTK-18014_4.jpg","datePublished":"2024-04-18T08:25:14+00:00","dateModified":"2024-08-26T10:55:26+00:00","breadcrumb":{"@id":"https:\/\/visimind.store\/it\/produkt\/supporto-gimbal-a-doppio-fondo-per-dji-matrice-300-350-rtk\/#breadcrumb"},"inLanguage":"it-IT","potentialAction":[{"@type":"ReadAction","target":["https:\/\/visimind.store\/it\/produkt\/supporto-gimbal-a-doppio-fondo-per-dji-matrice-300-350-rtk\/"]}]},{"@type":"ImageObject","inLanguage":"it-IT","@id":"https:\/\/visimind.store\/it\/produkt\/supporto-gimbal-a-doppio-fondo-per-dji-matrice-300-350-rtk\/#primaryimage","url":"https:\/\/visimind.store\/wp-content\/uploads\/2024\/04\/pol_pm_Podwojne-dolne-mocowanie-gimbala-do-DJI-Matrice-300-350-RTK-18014_4.jpg","contentUrl":"https:\/\/visimind.store\/wp-content\/uploads\/2024\/04\/pol_pm_Podwojne-dolne-mocowanie-gimbala-do-DJI-Matrice-300-350-RTK-18014_4.jpg","width":450,"height":450},{"@type":"BreadcrumbList","@id":"https:\/\/visimind.store\/it\/produkt\/supporto-gimbal-a-doppio-fondo-per-dji-matrice-300-350-rtk\/#breadcrumb","itemListElement":[{"@type":"ListItem","position":1,"name":"Home","item":"https:\/\/visimind.store\/it\/"},{"@type":"ListItem","position":2,"name":"Prodotti","item":"https:\/\/visimind.store\/it\/shop\/"},{"@type":"ListItem","position":3,"name":"Supporto gimbal a doppio fondo per DJI Matrice 300\/350 RTK"}]},{"@type":"WebSite","@id":"https:\/\/visimind.store\/it\/#website","url":"https:\/\/visimind.store\/it\/","name":"Visimind","description":"GET THE PICTURE","publisher":{"@id":"https:\/\/visimind.store\/it\/#organization"},"alternateName":"vm","potentialAction":[{"@type":"SearchAction","target":{"@type":"EntryPoint","urlTemplate":"https:\/\/visimind.store\/it\/?s={search_term_string}"},"query-input":"required name=search_term_string"}],"inLanguage":"it-IT"},{"@type":"Organization","@id":"https:\/\/visimind.store\/it\/#organization","name":"Visimind Ltd Sp. z o.o.","alternateName":"vm","url":"https:\/\/visimind.store\/it\/","logo":{"@type":"ImageObject","inLanguage":"it-IT","@id":"https:\/\/visimind.store\/it\/#\/schema\/logo\/image\/","url":"https:\/\/visimind.store\/wp-content\/uploads\/2024\/06\/VISIMIND-LOGO.png","contentUrl":"https:\/\/visimind.store\/wp-content\/uploads\/2024\/06\/VISIMIND-LOGO.png","width":707,"height":214,"caption":"Visimind Ltd Sp. z o.o."},"image":{"@id":"https:\/\/visimind.store\/it\/#\/schema\/logo\/image\/"},"sameAs":["https:\/\/www.facebook.com\/visimind\/?locale=pl_PL","https:\/\/www.linkedin.com\/company\/visimind-ab"],"description":"Visimind to mi\u0119dzynarodowa firma specjalizuj\u0105ca si\u0119 w zaawansowanych technologiach geoinformatycznych, fotogrametrii i zdalnego pozyskiwania danych. Organizacja dostarcza kompleksowe rozwi\u0105zania oparte na skaningu laserowym, zdj\u0119ciach lotniczych i mobilnych, danych LiDAR oraz analizach przestrzennych. Dzi\u0119ki wykorzystaniu nowoczesnych platform pomiarowych \u2013 w tym samolot\u00f3w, helikopter\u00f3w, pojazd\u00f3w mobilnych oraz system\u00f3w bezza\u0142ogowych \u2013 Visimind wspiera klient\u00f3w w precyzyjnym mapowaniu infrastruktury, monitoringu sieci i analizach technicznych. Firma dzia\u0142a w wielu krajach Europy, wsp\u00f3\u0142pracuj\u0105c z bran\u017cami energetyczn\u0105, gazownicz\u0105, kolejow\u0105, drogow\u0105, komunaln\u0105 oraz administracj\u0105 publiczn\u0105. Jej us\u0142ugi skupiaj\u0105 si\u0119 na dostarczaniu wysokiej jako\u015bci danych przestrzennych, tworzeniu cyfrowych modeli terenu oraz wdra\u017caniu system\u00f3w wspieraj\u0105cych zarz\u0105dzanie infrastruktur\u0105. Visimind \u0142\u0105czy wieloletnie do\u015bwiadczenie z innowacyjnymi technologiami, zapewniaj\u0105c klientom precyzyjne, rzetelne i skalowalne rozwi\u0105zania geoinformatyczne.","email":"sklep@visimind.pl","telephone":"89 541 04 52","legalName":"VISIMIND LTD SP\u00d3\u0141KA Z OGRANICZON\u0104 ODPOWIEDZIALNO\u015aCI\u0104","foundingDate":"2002-12-24","numberOfEmployees":{"@type":"QuantitativeValue","minValue":"51","maxValue":"200"},"publishingPrinciples":"https:\/\/visimind.store\/visimind\/sklep\/"}]}},"_links":{"self":[{"href":"https:\/\/visimind.store\/it\/wp-json\/wp\/v2\/product\/3773"}],"collection":[{"href":"https:\/\/visimind.store\/it\/wp-json\/wp\/v2\/product"}],"about":[{"href":"https:\/\/visimind.store\/it\/wp-json\/wp\/v2\/types\/product"}],"replies":[{"embeddable":true,"href":"https:\/\/visimind.store\/it\/wp-json\/wp\/v2\/comments?post=3773"}],"wp:featuredmedia":[{"embeddable":true,"href":"https:\/\/visimind.store\/it\/wp-json\/wp\/v2\/media\/3774"}],"wp:attachment":[{"href":"https:\/\/visimind.store\/it\/wp-json\/wp\/v2\/media?parent=3773"}],"wp:term":[{"taxonomy":"product_cat","embeddable":true,"href":"https:\/\/visimind.store\/it\/wp-json\/wp\/v2\/product_cat?post=3773"},{"taxonomy":"product_tag","embeddable":true,"href":"https:\/\/visimind.store\/it\/wp-json\/wp\/v2\/product_tag?post=3773"}],"curies":[{"name":"wp","href":"https:\/\/api.w.org\/{rel}","templated":true}]}}