{"id":4160,"date":"2026-03-03T12:35:27","date_gmt":"2026-03-03T11:35:27","guid":{"rendered":"https:\/\/visimind.store\/?post_type=product&#038;p=4160"},"modified":"2026-03-04T10:32:45","modified_gmt":"2026-03-04T09:32:45","slug":"batteria-dji-matrice-4d","status":"publish","type":"product","link":"https:\/\/visimind.store\/it\/produkt\/batteria-dji-matrice-4d\/","title":{"rendered":"Batteria DJI Matrice 4D"},"content":{"rendered":"<section class=\"l-section wpb_row height_medium\"><div class=\"l-section-h i-cf\"><div class=\"g-cols vc_row via_flex valign_top type_default stacking_default\"><div class=\"vc_col-sm-12 wpb_column vc_column_container\"><div class=\"vc_column-inner\"><div class=\"wpb_wrapper\"><div class=\"w-tabs layout_hor style_default switch_click has_scrolling\" style=\"--sections-title-size:1em\"><div class=\"w-tabs-list items_2 align_none\"><div class=\"w-tabs-list-h\"><button class=\"w-tabs-item active with_icon\" aria-controls=\"content-yd78\" aria-expanded=\"false\"><i class=\"fal fa-wrench\"><\/i><span class=\"w-tabs-item-title\">Specifiche tecniche<\/span><\/button><button class=\"w-tabs-item with_icon\" aria-controls=\"content-lb1a\" aria-expanded=\"false\"><i class=\"fal fa-cogs\"><\/i><span class=\"w-tabs-item-title\">Accessori<\/span><\/button><\/div><\/div><div class=\"w-tabs-sections titles-align_none icon_chevron cpos_right\"><div class=\"w-tabs-section active\" id=\"yd78\"><button class=\"w-tabs-section-header active with_icon\" aria-controls=\"content-yd78\" aria-expanded=\"true\"><i class=\"fal fa-wrench\"><\/i><div class=\"w-tabs-section-title\">Specifiche tecniche<\/div><div class=\"w-tabs-section-control\"><\/div><\/button><div  class=\"w-tabs-section-content\" id=\"content-yd78\"><div class=\"w-tabs-section-content-h i-cf\"><div class=\"wpb_text_column\"><div class=\"wpb_wrapper\"><table style=\"width: 100%; min-height: 30px; height: 288px;\">\n<tbody>\n<tr style=\"height: 24px;\">\n<td style=\"width: 50%; height: 24px;\">Capacit\u00e0<\/td>\n<td style=\"width: 50%; height: 24px;\">6768 mAh<\/td>\n<\/tr>\n<tr style=\"height: 24px;\">\n<td style=\"width: 50%; height: 24px;\">Tensione<\/td>\n<td style=\"width: 50%; height: 24px;\">22,14 V<\/td>\n<\/tr>\n<tr style=\"height: 24px;\">\n<td style=\"width: 50%; height: 24px;\">Tensione massima di carica<\/td>\n<td style=\"width: 50%; height: 24px;\">25,5 V<\/td>\n<\/tr>\n<tr style=\"height: 24px;\">\n<td style=\"width: 50%; height: 24px;\">Tipo di cella<\/td>\n<td style=\"width: 50%; height: 24px;\">Li-ion 6S<\/td>\n<\/tr>\n<tr style=\"height: 24px;\">\n<td style=\"width: 50%; height: 24px;\">Composizione chimica<\/td>\n<td style=\"width: 50%; height: 24px;\">LiNiMnCoO2<\/td>\n<\/tr>\n<tr style=\"height: 24px;\">\n<td style=\"width: 50%; height: 24px;\">Energia<\/td>\n<td style=\"width: 50%; height: 24px;\">149,9 Wh<\/td>\n<\/tr>\n<tr style=\"height: 24px;\">\n<td style=\"width: 50%; height: 24px;\">Peso<\/td>\n<td style=\"width: 50%; height: 24px;\">640 g<\/td>\n<\/tr>\n<tr style=\"height: 24px;\">\n<td style=\"width: 50%; height: 24px;\">Numero di cicli<\/td>\n<td style=\"width: 50%; height: 24px;\">400<\/td>\n<\/tr>\n<tr style=\"height: 24px;\">\n<td style=\"width: 50%; height: 24px;\">Temperatura di carica<\/td>\n<td style=\"width: 50%; height: 24px;\">Da 5 \u00b0C a 45 \u00b0C<\/td>\n<\/tr>\n<tr style=\"height: 24px;\">\n<td style=\"width: 50%; height: 24px;\">Coefficiente di scarica<\/td>\n<td style=\"width: 50%; height: 24px;\">4C<\/td>\n<\/tr>\n<tr style=\"height: 24px;\">\n<td style=\"width: 50%; height: 24px;\">Potenza massima di carica<\/td>\n<td style=\"width: 50%; height: 24px;\">1,8C<\/td>\n<\/tr>\n<tr style=\"height: 24px;\">\n<td style=\"width: 50%; height: 24px;\">Ricarica a basse temperature<\/td>\n<td style=\"width: 50%; height: 24px;\">Supporta la ricarica a basse temperature con funzione di autoriscaldamento<\/td>\n<\/tr>\n<\/tbody>\n<\/table>\n<\/div><\/div><\/div><\/div><\/div><div class=\"w-tabs-section\" id=\"lb1a\"><button class=\"w-tabs-section-header with_icon\" aria-controls=\"content-lb1a\" aria-expanded=\"false\"><i class=\"fal fa-cogs\"><\/i><div class=\"w-tabs-section-title\">Accessori<\/div><div class=\"w-tabs-section-control\"><\/div><\/button><div  class=\"w-tabs-section-content\" id=\"content-lb1a\"><div class=\"w-tabs-section-content-h i-cf\"><div class=\"w-grid us_custom_88717ab1 type_grid layout_155 hidden cols_3\" id=\"us_grid_1\" style=\"--gap:1.5rem;\" data-filterable=\"true\"><style>@media (max-width:1024px){#us_grid_1 .w-grid-item{width:50%}}@media (max-width:600px){#us_grid_1 .w-grid-list{margin:0}#us_grid_1 .w-grid-item{width:100%;padding:0;margin-bottom:var(--gap,0px)}}.layout_155 .w-grid-item-h{background:var(--color-header-middle-bg);color:var(--color-content-text);border-radius:0.5rem;box-shadow:0 0rem 0rem rgba(0,0,0,0.1),0 0rem 0rem rgba(0,0,0,0.1);transition-duration:0.3s}.no-touch .layout_155 .w-grid-item-h:hover{box-shadow:0 0.1rem 0.2rem rgba(0,0,0,0.1),0 0.33rem 1rem rgba(0,0,0,0.15);z-index:4}@media(max-width:599px){.layout_155 .usg_vwrapper_1{display:none!important}}.layout_155 .usg_post_image_1{transition-duration:0.3s;transform-origin:50% 50%;transform:scale(1) translate(0%,0%)}.layout_155 .w-grid-item-h:hover .usg_post_image_1{transform:scale(1.05) translate(0%,0%);opacity:1}@media(min-width:601px){.layout_155 .usg_vwrapper_3{display:none!important}}.layout_155 .usg_post_image_2{transition-duration:0.3s;transform-origin:50% 50%;transform:scale(1) translate(0%,0%)}.layout_155 .w-grid-item-h:hover .usg_post_image_2{transform:scale(1.05) translate(0%,0%);opacity:1}.layout_155 .usg_vwrapper_1{padding-left:10px!important;padding-top:10px!important;padding-right:10px!important}.layout_155 .usg_post_title_1{color:inherit!important;font-size:1.4rem!important;font-family:var(--h1-font-family)!important;height:70px!important}.layout_155 .usg_product_field_3{font-size:16px!important;font-family:var(--font-family)!important;font-weight:600!important}.layout_155 .usg_vwrapper_2{border-top-width:2px!important;border-color:var(--color-alt-content-bg-alt)!important;border-top-style:solid!important;padding:5px 15px 15px 15px!important}.layout_155 .usg_hwrapper_1{padding-top:5px!important;border-top-width:1px!important;border-color:#fbb218!important;border-top-style:solid!important}.layout_155 .usg_text_1{font-size:14px!important}.layout_155 .usg_vwrapper_3{padding-left:10px!important;padding-top:10px!important;padding-right:10px!important}.layout_155 .usg_vwrapper_4{padding:5px 15px 15px 15px!important}.layout_155 .usg_post_title_2{color:inherit!important;font-size:16px!important;font-family:var(--h1-font-family)!important;position:absolute!important;bottom:0!important}.layout_155 .usg_hwrapper_2{border-top-width:2px!important;border-color:#fbb218!important;position:relative!important;top:40px!important;border-top-style:solid!important}.layout_155 .usg_product_field_2{font-size:16px!important;font-family:var(--font-family)!important}@media (min-width:1025px) and (max-width:1850px){.layout_155 .usg_vwrapper_2{padding:5px 15px 15px 15px!important}.layout_155 .usg_vwrapper_4{padding:5px 15px 15px 15px!important}}@media (min-width:601px) and (max-width:1024px){.layout_155 .usg_vwrapper_2{padding:5px 15px 15px 15px!important}.layout_155 .usg_vwrapper_4{padding:5px 15px 15px 15px!important}}@media (max-width:600px){.layout_155 .usg_vwrapper_2{padding-left:5px!important;padding-right:5px!important}.layout_155 .usg_vwrapper_4{padding-left:5px!important;padding-right:5px!important}}<\/style><div class=\"w-grid-list\"><\/div><div class=\"w-grid-preloader\"><div class=\"g-preloader type_1\">\r\n\t<div><\/div>\r\n<\/div>\r\n<\/div>\t<div class=\"w-grid-json hidden\" onclick='return {&quot;action&quot;:&quot;us_ajax_grid&quot;,&quot;ajax_url&quot;:&quot;https:\\\/\\\/visimind.store\\\/wp-admin\\\/admin-ajax.php&quot;,&quot;infinite_scroll&quot;:0,&quot;max_num_pages&quot;:0,&quot;pagination&quot;:&quot;none&quot;,&quot;permalink_url&quot;:&quot;https:\\\/\\\/visimind.store\\\/it\\\/wp-json\\\/wp\\\/v2\\\/product\\\/4160\\\/&quot;,&quot;template_vars&quot;:{&quot;columns&quot;:&quot;3&quot;,&quot;exclude_items&quot;:&quot;none&quot;,&quot;img_size&quot;:&quot;woocommerce_thumbnail&quot;,&quot;ignore_items_size&quot;:0,&quot;items_layout&quot;:&quot;155&quot;,&quot;items_offset&quot;:&quot;1&quot;,&quot;load_animation&quot;:&quot;none&quot;,&quot;overriding_link&quot;:&quot;%7B%22url%22%3A%22%22%7D&quot;,&quot;post_id&quot;:0,&quot;query_args&quot;:{&quot;post_type&quot;:[&quot;product&quot;],&quot;tax_query&quot;:[{&quot;taxonomy&quot;:&quot;product_cat&quot;,&quot;field&quot;:&quot;slug&quot;,&quot;terms&quot;:[&quot;droni&quot;]},{&quot;taxonomy&quot;:&quot;product_visibility&quot;,&quot;field&quot;:&quot;slug&quot;,&quot;terms&quot;:[&quot;exclude-from-catalog&quot;],&quot;operator&quot;:&quot;NOT IN&quot;}],&quot;post_status&quot;:[&quot;publish&quot;],&quot;meta_query&quot;:[],&quot;posts_per_page&quot;:&quot;3&quot;},&quot;orderby_query_args&quot;:{&quot;orderby&quot;:&quot;RAND(832640895)&quot;},&quot;type&quot;:&quot;grid&quot;,&quot;us_grid_ajax_index&quot;:1,&quot;us_grid_filter_params&quot;:null,&quot;us_grid_index&quot;:1,&quot;_us_grid_post_type&quot;:&quot;product&quot;,&quot;page_args&quot;:[],&quot;lang&quot;:&quot;it&quot;}}'><\/div>\r\n\t<\/div><div class=\"w-grid-none type_message\">Nessun risultato trovato.<\/div><\/div><\/div><\/div><\/div><\/div><\/div><\/div><\/div><\/div><\/div><\/section>\n","protected":false},"excerpt":{"rendered":"<p>Assicurate l&#8217;alimentazione dei droni DJI Matrice 4D Series grazie a una batteria ad alta efficienza progettata per missioni pi\u00f9 lunghe.<br \/>\n<strong><br \/>\nContenuto del set<\/strong>:<\/p>\n<p>1x Batteria DJI Matrice 4D<\/p>\n","protected":false},"featured_media":4172,"comment_status":"open","ping_status":"closed","template":"","meta":[],"product_cat":[282],"product_tag":[],"yoast_head":"<!-- This site is optimized with the Yoast SEO Premium plugin v22.9 (Yoast SEO v22.9) - https:\/\/yoast.com\/wordpress\/plugins\/seo\/ -->\n<title>Batteria DJI Matrice 4D &#8211; Visimind<\/title>\n<meta name=\"robots\" content=\"index, follow, max-snippet:-1, max-image-preview:large, max-video-preview:-1\" \/>\n<link rel=\"canonical\" href=\"https:\/\/visimind.store\/it\/produkt\/batteria-dji-matrice-4d\/\" \/>\n<meta property=\"og:locale\" content=\"it_IT\" \/>\n<meta property=\"og:type\" content=\"article\" \/>\n<meta property=\"og:title\" content=\"Batteria DJI Matrice 4D\" \/>\n<meta property=\"og:description\" content=\"Assicurate l&#039;alimentazione dei droni DJI Matrice 4D Series grazie a una batteria ad alta efficienza progettata per missioni pi\u00f9 lunghe.  Contenuto del set:  1x Batteria DJI Matrice 4D\" \/>\n<meta property=\"og:url\" content=\"https:\/\/visimind.store\/it\/produkt\/batteria-dji-matrice-4d\/\" \/>\n<meta property=\"og:site_name\" content=\"Visimind\" \/>\n<meta property=\"article:publisher\" content=\"https:\/\/www.facebook.com\/visimind\/?locale=pl_PL\" \/>\n<meta property=\"article:modified_time\" content=\"2026-03-04T09:32:45+00:00\" \/>\n<meta property=\"og:image\" content=\"https:\/\/visimind.store\/wp-content\/uploads\/2026\/03\/pol_pl_Akumulator-DJI-ENTERPRISE-Matrice-4D-Series-6768mAh-51065_4.webp\" \/>\n\t<meta property=\"og:image:width\" content=\"1200\" \/>\n\t<meta property=\"og:image:height\" content=\"900\" \/>\n\t<meta property=\"og:image:type\" content=\"image\/webp\" \/>\n<script type=\"application\/ld+json\" class=\"yoast-schema-graph\">{\"@context\":\"https:\/\/schema.org\",\"@graph\":[{\"@type\":\"WebPage\",\"@id\":\"https:\/\/visimind.store\/it\/produkt\/batteria-dji-matrice-4d\/\",\"url\":\"https:\/\/visimind.store\/it\/produkt\/batteria-dji-matrice-4d\/\",\"name\":\"Batteria DJI Matrice 4D &#8211; Visimind\",\"isPartOf\":{\"@id\":\"https:\/\/visimind.store\/it\/#website\"},\"primaryImageOfPage\":{\"@id\":\"https:\/\/visimind.store\/it\/produkt\/batteria-dji-matrice-4d\/#primaryimage\"},\"image\":{\"@id\":\"https:\/\/visimind.store\/it\/produkt\/batteria-dji-matrice-4d\/#primaryimage\"},\"thumbnailUrl\":\"https:\/\/visimind.store\/wp-content\/uploads\/2026\/03\/pol_pl_Akumulator-DJI-ENTERPRISE-Matrice-4D-Series-6768mAh-51065_4.webp\",\"datePublished\":\"2026-03-03T11:35:27+00:00\",\"dateModified\":\"2026-03-04T09:32:45+00:00\",\"breadcrumb\":{\"@id\":\"https:\/\/visimind.store\/it\/produkt\/batteria-dji-matrice-4d\/#breadcrumb\"},\"inLanguage\":\"it-IT\",\"potentialAction\":[{\"@type\":\"ReadAction\",\"target\":[\"https:\/\/visimind.store\/it\/produkt\/batteria-dji-matrice-4d\/\"]}]},{\"@type\":\"ImageObject\",\"inLanguage\":\"it-IT\",\"@id\":\"https:\/\/visimind.store\/it\/produkt\/batteria-dji-matrice-4d\/#primaryimage\",\"url\":\"https:\/\/visimind.store\/wp-content\/uploads\/2026\/03\/pol_pl_Akumulator-DJI-ENTERPRISE-Matrice-4D-Series-6768mAh-51065_4.webp\",\"contentUrl\":\"https:\/\/visimind.store\/wp-content\/uploads\/2026\/03\/pol_pl_Akumulator-DJI-ENTERPRISE-Matrice-4D-Series-6768mAh-51065_4.webp\",\"width\":1200,\"height\":900},{\"@type\":\"BreadcrumbList\",\"@id\":\"https:\/\/visimind.store\/it\/produkt\/batteria-dji-matrice-4d\/#breadcrumb\",\"itemListElement\":[{\"@type\":\"ListItem\",\"position\":1,\"name\":\"Home\",\"item\":\"https:\/\/visimind.store\/it\/\"},{\"@type\":\"ListItem\",\"position\":2,\"name\":\"Prodotti\",\"item\":\"https:\/\/visimind.store\/it\/shop\/\"},{\"@type\":\"ListItem\",\"position\":3,\"name\":\"Batteria DJI Matrice 4D\"}]},{\"@type\":\"WebSite\",\"@id\":\"https:\/\/visimind.store\/it\/#website\",\"url\":\"https:\/\/visimind.store\/it\/\",\"name\":\"Visimind\",\"description\":\"GET THE PICTURE\",\"publisher\":{\"@id\":\"https:\/\/visimind.store\/it\/#organization\"},\"alternateName\":\"vm\",\"potentialAction\":[{\"@type\":\"SearchAction\",\"target\":{\"@type\":\"EntryPoint\",\"urlTemplate\":\"https:\/\/visimind.store\/it\/?s={search_term_string}\"},\"query-input\":\"required name=search_term_string\"}],\"inLanguage\":\"it-IT\"},{\"@type\":\"Organization\",\"@id\":\"https:\/\/visimind.store\/it\/#organization\",\"name\":\"Visimind Ltd Sp. z o.o.\",\"alternateName\":\"vm\",\"url\":\"https:\/\/visimind.store\/it\/\",\"logo\":{\"@type\":\"ImageObject\",\"inLanguage\":\"it-IT\",\"@id\":\"https:\/\/visimind.store\/it\/#\/schema\/logo\/image\/\",\"url\":\"https:\/\/visimind.store\/wp-content\/uploads\/2024\/06\/VISIMIND-LOGO.png\",\"contentUrl\":\"https:\/\/visimind.store\/wp-content\/uploads\/2024\/06\/VISIMIND-LOGO.png\",\"width\":707,\"height\":214,\"caption\":\"Visimind Ltd Sp. z o.o.\"},\"image\":{\"@id\":\"https:\/\/visimind.store\/it\/#\/schema\/logo\/image\/\"},\"sameAs\":[\"https:\/\/www.facebook.com\/visimind\/?locale=pl_PL\",\"https:\/\/www.linkedin.com\/company\/visimind-ab\"],\"description\":\"Visimind to mi\u0119dzynarodowa firma specjalizuj\u0105ca si\u0119 w zaawansowanych technologiach geoinformatycznych, fotogrametrii i zdalnego pozyskiwania danych. Organizacja dostarcza kompleksowe rozwi\u0105zania oparte na skaningu laserowym, zdj\u0119ciach lotniczych i mobilnych, danych LiDAR oraz analizach przestrzennych. Dzi\u0119ki wykorzystaniu nowoczesnych platform pomiarowych \u2013 w tym samolot\u00f3w, helikopter\u00f3w, pojazd\u00f3w mobilnych oraz system\u00f3w bezza\u0142ogowych \u2013 Visimind wspiera klient\u00f3w w precyzyjnym mapowaniu infrastruktury, monitoringu sieci i analizach technicznych. Firma dzia\u0142a w wielu krajach Europy, wsp\u00f3\u0142pracuj\u0105c z bran\u017cami energetyczn\u0105, gazownicz\u0105, kolejow\u0105, drogow\u0105, komunaln\u0105 oraz administracj\u0105 publiczn\u0105. Jej us\u0142ugi skupiaj\u0105 si\u0119 na dostarczaniu wysokiej jako\u015bci danych przestrzennych, tworzeniu cyfrowych modeli terenu oraz wdra\u017caniu system\u00f3w wspieraj\u0105cych zarz\u0105dzanie infrastruktur\u0105. Visimind \u0142\u0105czy wieloletnie do\u015bwiadczenie z innowacyjnymi technologiami, zapewniaj\u0105c klientom precyzyjne, rzetelne i skalowalne rozwi\u0105zania geoinformatyczne.\",\"email\":\"sklep@visimind.pl\",\"telephone\":\"89 541 04 52\",\"legalName\":\"VISIMIND LTD SP\u00d3\u0141KA Z OGRANICZON\u0104 ODPOWIEDZIALNO\u015aCI\u0104\",\"foundingDate\":\"2002-12-24\",\"numberOfEmployees\":{\"@type\":\"QuantitativeValue\",\"minValue\":\"51\",\"maxValue\":\"200\"},\"publishingPrinciples\":\"https:\/\/visimind.store\/visimind\/sklep\/\"}]}<\/script>\n<!-- \/ Yoast SEO Premium plugin. -->","yoast_head_json":{"title":"Batteria DJI Matrice 4D &#8211; Visimind","robots":{"index":"index","follow":"follow","max-snippet":"max-snippet:-1","max-image-preview":"max-image-preview:large","max-video-preview":"max-video-preview:-1"},"canonical":"https:\/\/visimind.store\/it\/produkt\/batteria-dji-matrice-4d\/","og_locale":"it_IT","og_type":"article","og_title":"Batteria DJI Matrice 4D","og_description":"Assicurate l'alimentazione dei droni DJI Matrice 4D Series grazie a una batteria ad alta efficienza progettata per missioni pi\u00f9 lunghe.  Contenuto del set:  1x Batteria DJI Matrice 4D","og_url":"https:\/\/visimind.store\/it\/produkt\/batteria-dji-matrice-4d\/","og_site_name":"Visimind","article_publisher":"https:\/\/www.facebook.com\/visimind\/?locale=pl_PL","article_modified_time":"2026-03-04T09:32:45+00:00","og_image":[{"width":1200,"height":900,"url":"https:\/\/visimind.store\/wp-content\/uploads\/2026\/03\/pol_pl_Akumulator-DJI-ENTERPRISE-Matrice-4D-Series-6768mAh-51065_4.webp","type":"image\/webp"}],"schema":{"@context":"https:\/\/schema.org","@graph":[{"@type":"WebPage","@id":"https:\/\/visimind.store\/it\/produkt\/batteria-dji-matrice-4d\/","url":"https:\/\/visimind.store\/it\/produkt\/batteria-dji-matrice-4d\/","name":"Batteria DJI Matrice 4D &#8211; Visimind","isPartOf":{"@id":"https:\/\/visimind.store\/it\/#website"},"primaryImageOfPage":{"@id":"https:\/\/visimind.store\/it\/produkt\/batteria-dji-matrice-4d\/#primaryimage"},"image":{"@id":"https:\/\/visimind.store\/it\/produkt\/batteria-dji-matrice-4d\/#primaryimage"},"thumbnailUrl":"https:\/\/visimind.store\/wp-content\/uploads\/2026\/03\/pol_pl_Akumulator-DJI-ENTERPRISE-Matrice-4D-Series-6768mAh-51065_4.webp","datePublished":"2026-03-03T11:35:27+00:00","dateModified":"2026-03-04T09:32:45+00:00","breadcrumb":{"@id":"https:\/\/visimind.store\/it\/produkt\/batteria-dji-matrice-4d\/#breadcrumb"},"inLanguage":"it-IT","potentialAction":[{"@type":"ReadAction","target":["https:\/\/visimind.store\/it\/produkt\/batteria-dji-matrice-4d\/"]}]},{"@type":"ImageObject","inLanguage":"it-IT","@id":"https:\/\/visimind.store\/it\/produkt\/batteria-dji-matrice-4d\/#primaryimage","url":"https:\/\/visimind.store\/wp-content\/uploads\/2026\/03\/pol_pl_Akumulator-DJI-ENTERPRISE-Matrice-4D-Series-6768mAh-51065_4.webp","contentUrl":"https:\/\/visimind.store\/wp-content\/uploads\/2026\/03\/pol_pl_Akumulator-DJI-ENTERPRISE-Matrice-4D-Series-6768mAh-51065_4.webp","width":1200,"height":900},{"@type":"BreadcrumbList","@id":"https:\/\/visimind.store\/it\/produkt\/batteria-dji-matrice-4d\/#breadcrumb","itemListElement":[{"@type":"ListItem","position":1,"name":"Home","item":"https:\/\/visimind.store\/it\/"},{"@type":"ListItem","position":2,"name":"Prodotti","item":"https:\/\/visimind.store\/it\/shop\/"},{"@type":"ListItem","position":3,"name":"Batteria DJI Matrice 4D"}]},{"@type":"WebSite","@id":"https:\/\/visimind.store\/it\/#website","url":"https:\/\/visimind.store\/it\/","name":"Visimind","description":"GET THE PICTURE","publisher":{"@id":"https:\/\/visimind.store\/it\/#organization"},"alternateName":"vm","potentialAction":[{"@type":"SearchAction","target":{"@type":"EntryPoint","urlTemplate":"https:\/\/visimind.store\/it\/?s={search_term_string}"},"query-input":"required name=search_term_string"}],"inLanguage":"it-IT"},{"@type":"Organization","@id":"https:\/\/visimind.store\/it\/#organization","name":"Visimind Ltd Sp. z o.o.","alternateName":"vm","url":"https:\/\/visimind.store\/it\/","logo":{"@type":"ImageObject","inLanguage":"it-IT","@id":"https:\/\/visimind.store\/it\/#\/schema\/logo\/image\/","url":"https:\/\/visimind.store\/wp-content\/uploads\/2024\/06\/VISIMIND-LOGO.png","contentUrl":"https:\/\/visimind.store\/wp-content\/uploads\/2024\/06\/VISIMIND-LOGO.png","width":707,"height":214,"caption":"Visimind Ltd Sp. z o.o."},"image":{"@id":"https:\/\/visimind.store\/it\/#\/schema\/logo\/image\/"},"sameAs":["https:\/\/www.facebook.com\/visimind\/?locale=pl_PL","https:\/\/www.linkedin.com\/company\/visimind-ab"],"description":"Visimind to mi\u0119dzynarodowa firma specjalizuj\u0105ca si\u0119 w zaawansowanych technologiach geoinformatycznych, fotogrametrii i zdalnego pozyskiwania danych. Organizacja dostarcza kompleksowe rozwi\u0105zania oparte na skaningu laserowym, zdj\u0119ciach lotniczych i mobilnych, danych LiDAR oraz analizach przestrzennych. Dzi\u0119ki wykorzystaniu nowoczesnych platform pomiarowych \u2013 w tym samolot\u00f3w, helikopter\u00f3w, pojazd\u00f3w mobilnych oraz system\u00f3w bezza\u0142ogowych \u2013 Visimind wspiera klient\u00f3w w precyzyjnym mapowaniu infrastruktury, monitoringu sieci i analizach technicznych. Firma dzia\u0142a w wielu krajach Europy, wsp\u00f3\u0142pracuj\u0105c z bran\u017cami energetyczn\u0105, gazownicz\u0105, kolejow\u0105, drogow\u0105, komunaln\u0105 oraz administracj\u0105 publiczn\u0105. Jej us\u0142ugi skupiaj\u0105 si\u0119 na dostarczaniu wysokiej jako\u015bci danych przestrzennych, tworzeniu cyfrowych modeli terenu oraz wdra\u017caniu system\u00f3w wspieraj\u0105cych zarz\u0105dzanie infrastruktur\u0105. Visimind \u0142\u0105czy wieloletnie do\u015bwiadczenie z innowacyjnymi technologiami, zapewniaj\u0105c klientom precyzyjne, rzetelne i skalowalne rozwi\u0105zania geoinformatyczne.","email":"sklep@visimind.pl","telephone":"89 541 04 52","legalName":"VISIMIND LTD SP\u00d3\u0141KA Z OGRANICZON\u0104 ODPOWIEDZIALNO\u015aCI\u0104","foundingDate":"2002-12-24","numberOfEmployees":{"@type":"QuantitativeValue","minValue":"51","maxValue":"200"},"publishingPrinciples":"https:\/\/visimind.store\/visimind\/sklep\/"}]}},"_links":{"self":[{"href":"https:\/\/visimind.store\/it\/wp-json\/wp\/v2\/product\/4160"}],"collection":[{"href":"https:\/\/visimind.store\/it\/wp-json\/wp\/v2\/product"}],"about":[{"href":"https:\/\/visimind.store\/it\/wp-json\/wp\/v2\/types\/product"}],"replies":[{"embeddable":true,"href":"https:\/\/visimind.store\/it\/wp-json\/wp\/v2\/comments?post=4160"}],"wp:featuredmedia":[{"embeddable":true,"href":"https:\/\/visimind.store\/it\/wp-json\/wp\/v2\/media\/4172"}],"wp:attachment":[{"href":"https:\/\/visimind.store\/it\/wp-json\/wp\/v2\/media?parent=4160"}],"wp:term":[{"taxonomy":"product_cat","embeddable":true,"href":"https:\/\/visimind.store\/it\/wp-json\/wp\/v2\/product_cat?post=4160"},{"taxonomy":"product_tag","embeddable":true,"href":"https:\/\/visimind.store\/it\/wp-json\/wp\/v2\/product_tag?post=4160"}],"curies":[{"name":"wp","href":"https:\/\/api.w.org\/{rel}","templated":true}]}}